{"id":9160,"date":"2021-01-14T08:45:53","date_gmt":"2021-01-14T08:45:53","guid":{"rendered":"https:\/\/turipano360.eu\/alojapro.com\/posicionamiento-en-buscadores\/"},"modified":"2022-11-02T11:36:17","modified_gmt":"2022-11-02T11:36:17","slug":"posicionament-en-cercadors","status":"publish","type":"page","link":"https:\/\/alojapro.com\/ca\/posicionament-en-cercadors\/","title":{"rendered":"Posicionament en cercadors"},"content":{"rendered":"\t\t<div data-elementor-type=\"wp-page\" data-elementor-id=\"9160\" class=\"elementor elementor-9160\" data-elementor-settings=\"[]\">\n\t\t\t\t\t\t<div class=\"elementor-inner\">\n\t\t\t\t\t\t\t<div class=\"elementor-section-wrap\">\n\t\t\t\t\t\t\t<section class=\"elementor-section elementor-top-section elementor-element elementor-element-76080f1 elementor-section-full_width elementor-section-height-default elementor-section-height-default\" data-id=\"76080f1\" data-element_type=\"section\" data-settings=\"{&quot;background_background&quot;:&quot;classic&quot;}\">\n\t\t\t\t\t\t<div class=\"elementor-container elementor-column-gap-default\">\n\t\t\t\t\t\t\t<div class=\"elementor-row\">\n\t\t\t\t\t<div class=\"elementor-column elementor-col-33 elementor-top-column elementor-element elementor-element-53957dd\" data-id=\"53957dd\" data-element_type=\"column\">\n\t\t\t<div class=\"elementor-column-wrap\">\n\t\t\t\t\t\t\t<div class=\"elementor-widget-wrap\">\n\t\t\t\t\t\t\t\t<\/div>\n\t\t\t\t\t<\/div>\n\t\t<\/div>\n\t\t\t\t<div class=\"elementor-column elementor-col-33 elementor-top-column elementor-element elementor-element-2c8aa81\" data-id=\"2c8aa81\" data-element_type=\"column\">\n\t\t\t<div class=\"elementor-column-wrap elementor-element-populated\">\n\t\t\t\t\t\t\t<div class=\"elementor-widget-wrap\">\n\t\t\t\t\t\t<div class=\"elementor-element elementor-element-84b949f elementor-invisible elementor-widget elementor-widget-heading\" data-id=\"84b949f\" data-element_type=\"widget\" data-settings=\"{&quot;_animation&quot;:&quot;fadeInUp&quot;,&quot;_animation_delay&quot;:200}\" data-widget_type=\"heading.default\">\n\t\t\t\t<div class=\"elementor-widget-container\">\n\t\t\t<span class=\"elementor-heading-title elementor-size-default\">Posicionament en cercadors (SEO) \nper a hotels<\/span>\t\t<\/div>\n\t\t\t\t<\/div>\n\t\t\t\t<div class=\"elementor-element elementor-element-b80da71 elementor-widget elementor-widget-text-editor\" data-id=\"b80da71\" data-element_type=\"widget\" data-widget_type=\"text-editor.default\">\n\t\t\t\t<div class=\"elementor-widget-container\">\n\t\t\t\t\t\t\t\t<div class=\"elementor-text-editor elementor-clearfix\">\n\t\t\t\t<p>Posicionament en cercadors (SEO) per a hotels<\/p>\n<p>Des d\u2019Alojapor t\u2019oferim el servei de Posicionament SEO per ajudar-te a augmentar la visibilitat en els cercadors m\u00e9s importants, garantint m\u00e9s tr\u00e0nsit de qualitat i un major nombre de reserves directes des de la web de l&#8217;hotel<\/p>\t\t\t\t\t<\/div>\n\t\t\t\t\t\t<\/div>\n\t\t\t\t<\/div>\n\t\t\t\t<div class=\"elementor-element elementor-element-f76c71f elementor-icon-list--layout-traditional elementor-list-item-link-full_width elementor-widget elementor-widget-icon-list\" data-id=\"f76c71f\" data-element_type=\"widget\" data-widget_type=\"icon-list.default\">\n\t\t\t\t<div class=\"elementor-widget-container\">\n\t\t\t\t\t<ul class=\"elementor-icon-list-items\">\n\t\t\t\t\t\t\t<li class=\"elementor-icon-list-item\">\n\t\t\t\t\t\t\t\t\t\t\t<span class=\"elementor-icon-list-icon\">\n\t\t\t\t\t\t\t<i aria-hidden=\"true\" class=\"fas fa-check\"><\/i>\t\t\t\t\t\t<\/span>\n\t\t\t\t\t\t\t\t\t\t<span class=\"elementor-icon-list-text\">Vols augmentar la venda directa? <\/span>\n\t\t\t\t\t\t\t\t\t<\/li>\n\t\t\t\t\t\t\t\t<li class=\"elementor-icon-list-item\">\n\t\t\t\t\t\t\t\t\t\t\t<span class=\"elementor-icon-list-icon\">\n\t\t\t\t\t\t\t<i aria-hidden=\"true\" class=\"fas fa-check\"><\/i>\t\t\t\t\t\t<\/span>\n\t\t\t\t\t\t\t\t\t\t<span class=\"elementor-icon-list-text\">Vols tenir m\u00e9s visibilitat en els cercadors? <\/span>\n\t\t\t\t\t\t\t\t\t<\/li>\n\t\t\t\t\t\t\t\t<li class=\"elementor-icon-list-item\">\n\t\t\t\t\t\t\t\t\t\t\t<span class=\"elementor-icon-list-icon\">\n\t\t\t\t\t\t\t<i aria-hidden=\"true\" class=\"fas fa-check\"><\/i>\t\t\t\t\t\t<\/span>\n\t\t\t\t\t\t\t\t\t\t<span class=\"elementor-icon-list-text\">Vols que els clients trobin el teu establiment m\u00e9s f\u00e0cilment en els cercadors? <\/span>\n\t\t\t\t\t\t\t\t\t<\/li>\n\t\t\t\t\t\t<\/ul>\n\t\t\t\t<\/div>\n\t\t\t\t<\/div>\n\t\t\t\t\t\t<\/div>\n\t\t\t\t\t<\/div>\n\t\t<\/div>\n\t\t\t\t<div class=\"elementor-column elementor-col-33 elementor-top-column elementor-element elementor-element-9f3603a\" data-id=\"9f3603a\" data-element_type=\"column\">\n\t\t\t<div class=\"elementor-column-wrap elementor-element-populated\">\n\t\t\t\t\t\t\t<div class=\"elementor-widget-wrap\">\n\t\t\t\t\t\t<div class=\"elementor-element elementor-element-f2d0333 elementor-absolute elementor-widget elementor-widget-image\" data-id=\"f2d0333\" data-element_type=\"widget\" data-settings=\"{&quot;_position&quot;:&quot;absolute&quot;}\" data-widget_type=\"image.default\">\n\t\t\t\t<div class=\"elementor-widget-container\">\n\t\t\t\t\t\t\t\t<div class=\"elementor-image\">\n\t\t\t\t\t\t\t\t\t\t\t\t<img decoding=\"async\" src=\"https:\/\/droitthemes.com\/wp\/saasland-theme\/wp-content\/uploads\/2019\/11\/mackbook.png\" title=\"\" alt=\"\" \/>\t\t\t\t\t\t\t\t\t\t\t\t\t\t<\/div>\n\t\t\t\t\t\t<\/div>\n\t\t\t\t<\/div>\n\t\t\t\t\t\t<\/div>\n\t\t\t\t\t<\/div>\n\t\t<\/div>\n\t\t\t\t\t\t\t\t<\/div>\n\t\t\t\t\t<\/div>\n\t\t<\/section>\n\t\t\t\t<section class=\"elementor-section elementor-top-section elementor-element elementor-element-a0b29c9 elementor-section-boxed elementor-section-height-default elementor-section-height-default\" data-id=\"a0b29c9\" data-element_type=\"section\" id=\"seo\" data-settings=\"{&quot;background_background&quot;:&quot;classic&quot;}\">\n\t\t\t\t\t\t<div class=\"elementor-container elementor-column-gap-default\">\n\t\t\t\t\t\t\t<div class=\"elementor-row\">\n\t\t\t\t\t<div class=\"elementor-column elementor-col-100 elementor-top-column elementor-element elementor-element-397297d\" data-id=\"397297d\" data-element_type=\"column\">\n\t\t\t<div class=\"elementor-column-wrap elementor-element-populated\">\n\t\t\t\t\t\t\t<div class=\"elementor-widget-wrap\">\n\t\t\t\t\t\t<div class=\"elementor-element elementor-element-f839900 elementor-widget elementor-widget-html\" data-id=\"f839900\" data-element_type=\"widget\" data-widget_type=\"html.default\">\n\t\t\t\t<div class=\"elementor-widget-container\">\n\t\t\t                <div class=\"container\">\r\n                    <div class=\"row app_service_info\">\r\n                    <style>\r\n                    .service_item1 .app_icon:before {\r\n                        background-image: -webkit-linear-gradient(0deg, #e09520 0%, #fae926 100%);                                    -webkit-background-clip: text;\r\n                        -webkit-text-fill-color: transparent;\r\n                        text-shadow: 0px 14px 30px rgba(224,149,32,0.4);                                }\r\n                    <\/style>\r\n                            <div class=\"col-lg-4\">\r\n                                <div class=\"app_service_item wow fadeInUp service_item1\" data-wow-delay=\"0.2s\" style=\"visibility: visible; animation-delay: 0.2s; animation-name: fadeInUp;\">\r\n                                    <i class=\"ti-search app_icon one\"><\/i>\r\n                                    <h5 class=\"f_p f_size_18 f_600 t_color3 mt_40 mb-30\"> SEO Est\u00e0ndard <\/h5>\r\n                                    <p class=\"f_size_15 mb-30\">                El servei de SEO est\u00e0ndard \u00e9s la millor opci\u00f3 per a les p\u00e0gines web recentment creades.          <\/p>\r\n                                    <a href=\"https:\/\/alojapro.com\/ca\/contacte\" class=\"learn_btn_two\">\r\n                                        M'interessa!                                       <i class=\"ti-arrow-right\"><\/i>\r\n                                    <\/a>\r\n                                <\/div>\r\n                            <\/div>\r\n                                                        <style>\r\n                                .service_item2 .app_icon:before {\r\n                                    background-image: -webkit-linear-gradient(0deg, #e03827 0%, #f9a47a 100%);                                    -webkit-background-clip: text;\r\n                                    -webkit-text-fill-color: transparent;\r\n                                    text-shadow: 0px 14px 30px rgba(224,56,39,0.4);                                }\r\n                            <\/style>\r\n                            <div class=\"col-lg-4\">\r\n                                <div class=\"app_service_item wow fadeInUp service_item2\" data-wow-delay=\"0.2s\" style=\"visibility: visible; animation-delay: 0.2s; animation-name: fadeInUp;\">\r\n                                    <i class=\"ti-search app_icon one\"><\/i>\r\n                                    <h5 class=\"f_p f_size_18 f_600 t_color3 mt_40 mb-30\"> SEO Personalitzat  <\/h5>\r\n                                    <p class=\"f_size_15 mb-30\">                 Aquest servei \u00e9s per a webs que ja estan optimitzades i s'adapta a totes les necessitats.          <\/p>\r\n                                    <a href=\"https:\/\/alojapro.com\/ca\/contacte\" class=\"learn_btn_two\">\r\n                                       M'interessa!                                       <i class=\"ti-arrow-right\"><\/i>\r\n                                    <\/a>\r\n                                <\/div>\r\n                            <\/div>\r\n                                                        <style>\r\n                                .service_item3 .app_icon:before {\r\n                                    background-image: -webkit-linear-gradient(0deg, #2c82ed 0%, #38d0fc 100%);                                    -webkit-background-clip: text;\r\n                                    -webkit-text-fill-color: transparent;\r\n                                    text-shadow: 0px 14px 30px rgba(44,130,237,0.4);                                }\r\n                            <\/style>\r\n                            <div class=\"col-lg-4\">\r\n                                <div class=\"app_service_item wow fadeInUp service_item3\" data-wow-delay=\"0.2s\" style=\"visibility: visible; animation-delay: 0.2s; animation-name: fadeInUp;\">\r\n                                    <i class=\"ti-search app_icon one\"><\/i>\r\n                                    <h5 class=\"f_p f_size_18 f_600 t_color3 mt_40 mb-30\"> SEO Multi-idioma <\/h5>\r\n                                    <p class=\"f_size_15 mb-30\">                 Per a les p\u00e0gines web que usen m\u00e9s d'un idioma oferim un servei de SEO multiling\u00fce.<\/p>\r\n                                    <a href=\"https:\/\/alojapro.com\/ca\/contacte\" class=\"learn_btn_two\">\r\n                                        M'interessa!                                       <i class=\"ti-arrow-right\"><\/i>\r\n                                    <\/a>\r\n                                <\/div>\r\n                            <\/div>\r\n                                                <\/div>\r\n                <\/div>\t\t<\/div>\n\t\t\t\t<\/div>\n\t\t\t\t\t\t<\/div>\n\t\t\t\t\t<\/div>\n\t\t<\/div>\n\t\t\t\t\t\t\t\t<\/div>\n\t\t\t\t\t<\/div>\n\t\t<\/section>\n\t\t\t\t\t\t<\/div>\n\t\t\t\t\t\t<\/div>\n\t\t\t\t\t<\/div>\n\t\t","protected":false},"excerpt":{"rendered":"<p>Posicionament en cercadors (SEO) per a hotels Posicionament en cercadors (SEO) per a hotels Des d\u2019Alojapor t\u2019oferim el servei de Posicionament SEO per ajudar-te a augmentar la visibilitat en els cercadors m\u00e9s importants, garantint m\u00e9s tr\u00e0nsit de qualitat i un major nombre de reserves directes des de la web de l&#8217;hotel Vols augmentar la venda [&hellip;]<\/p>\n","protected":false},"author":6,"featured_media":0,"parent":0,"menu_order":0,"comment_status":"closed","ping_status":"closed","template":"page-fullwidth.php","meta":{"footnotes":""},"class_list":["post-9160","page","type-page","status-publish","hentry","no-post-thumbnail"],"yoast_head":"<!-- This site is optimized with the Yoast SEO plugin v26.6 - https:\/\/yoast.com\/wordpress\/plugins\/seo\/ -->\n<title>Posicionament en cercadors | Alojapro<\/title>\n<meta name=\"description\" content=\"T&#039;oferim el servei de posicionament en cercadors (SEO) ideal per a la teva marca i clau per a la teva estrat\u00e8gia de m\u00e0rqueting.\" \/>\n<meta name=\"robots\" content=\"index, follow, max-snippet:-1, max-image-preview:large, max-video-preview:-1\" \/>\n<link rel=\"canonical\" href=\"https:\/\/alojapro.com\/es\/posicionamiento-en-buscadores\/\" \/>\n<meta property=\"og:locale\" content=\"ca_ES\" \/>\n<meta property=\"og:type\" content=\"article\" \/>\n<meta property=\"og:title\" content=\"Posicionament en cercadors | Alojapro\" \/>\n<meta property=\"og:description\" content=\"T&#039;oferim el servei de posicionament en cercadors (SEO) ideal per a la teva marca i clau per a la teva estrat\u00e8gia de m\u00e0rqueting.\" \/>\n<meta property=\"og:url\" content=\"https:\/\/alojapro.com\/es\/posicionamiento-en-buscadores\/\" \/>\n<meta property=\"og:site_name\" content=\"Alojapro\" \/>\n<meta property=\"article:modified_time\" content=\"2022-11-02T11:36:17+00:00\" \/>\n<meta property=\"og:image\" content=\"https:\/\/alojapro.com\/wp-content\/uploads\/2019\/11\/mackbook.png\" \/>\n<meta name=\"twitter:card\" content=\"summary_large_image\" \/>\n<meta name=\"twitter:label1\" content=\"Temps estimat de lectura\" \/>\n\t<meta name=\"twitter:data1\" content=\"2 minuts\" \/>\n<script type=\"application\/ld+json\" class=\"yoast-schema-graph\">{\"@context\":\"https:\/\/schema.org\",\"@graph\":[{\"@type\":\"WebPage\",\"@id\":\"https:\/\/alojapro.com\/es\/posicionamiento-en-buscadores\/\",\"url\":\"https:\/\/alojapro.com\/es\/posicionamiento-en-buscadores\/\",\"name\":\"Posicionament en cercadors | Alojapro\",\"isPartOf\":{\"@id\":\"https:\/\/alojapro.com\/es\/#website\"},\"primaryImageOfPage\":{\"@id\":\"https:\/\/alojapro.com\/es\/posicionamiento-en-buscadores\/#primaryimage\"},\"image\":{\"@id\":\"https:\/\/alojapro.com\/es\/posicionamiento-en-buscadores\/#primaryimage\"},\"thumbnailUrl\":\"https:\/\/alojapro.com\/wp-content\/uploads\/2019\/11\/mackbook.png\",\"datePublished\":\"2021-01-14T08:45:53+00:00\",\"dateModified\":\"2022-11-02T11:36:17+00:00\",\"description\":\"T'oferim el servei de posicionament en cercadors (SEO) ideal per a la teva marca i clau per a la teva estrat\u00e8gia de m\u00e0rqueting.\",\"breadcrumb\":{\"@id\":\"https:\/\/alojapro.com\/es\/posicionamiento-en-buscadores\/#breadcrumb\"},\"inLanguage\":\"ca\",\"potentialAction\":[{\"@type\":\"ReadAction\",\"target\":[\"https:\/\/alojapro.com\/es\/posicionamiento-en-buscadores\/\"]}]},{\"@type\":\"ImageObject\",\"inLanguage\":\"ca\",\"@id\":\"https:\/\/alojapro.com\/es\/posicionamiento-en-buscadores\/#primaryimage\",\"url\":\"https:\/\/alojapro.com\/wp-content\/uploads\/2019\/11\/mackbook.png\",\"contentUrl\":\"https:\/\/alojapro.com\/wp-content\/uploads\/2019\/11\/mackbook.png\"},{\"@type\":\"BreadcrumbList\",\"@id\":\"https:\/\/alojapro.com\/es\/posicionamiento-en-buscadores\/#breadcrumb\",\"itemListElement\":[{\"@type\":\"ListItem\",\"position\":1,\"name\":\"Home\",\"item\":\"https:\/\/alojapro.com\/es\/\"},{\"@type\":\"ListItem\",\"position\":2,\"name\":\"Posicionament en cercadors\"}]},{\"@type\":\"WebSite\",\"@id\":\"https:\/\/alojapro.com\/es\/#website\",\"url\":\"https:\/\/alojapro.com\/es\/\",\"name\":\"Alojapro\",\"description\":\"Motor de reservas y soluciones para el sector tur\u00edstico\",\"publisher\":{\"@id\":\"https:\/\/alojapro.com\/es\/#organization\"},\"potentialAction\":[{\"@type\":\"SearchAction\",\"target\":{\"@type\":\"EntryPoint\",\"urlTemplate\":\"https:\/\/alojapro.com\/es\/?s={search_term_string}\"},\"query-input\":{\"@type\":\"PropertyValueSpecification\",\"valueRequired\":true,\"valueName\":\"search_term_string\"}}],\"inLanguage\":\"ca\"},{\"@type\":\"Organization\",\"@id\":\"https:\/\/alojapro.com\/es\/#organization\",\"name\":\"Alojapro\",\"alternateName\":\"Aloja\",\"url\":\"https:\/\/alojapro.com\/es\/\",\"logo\":{\"@type\":\"ImageObject\",\"inLanguage\":\"ca\",\"@id\":\"https:\/\/alojapro.com\/es\/#\/schema\/logo\/image\/\",\"url\":\"https:\/\/alojapro.com\/wp-content\/uploads\/2021\/12\/LOGO-ALOJAPRO-512x512-1.jpg\",\"contentUrl\":\"https:\/\/alojapro.com\/wp-content\/uploads\/2021\/12\/LOGO-ALOJAPRO-512x512-1.jpg\",\"width\":512,\"height\":512,\"caption\":\"Alojapro\"},\"image\":{\"@id\":\"https:\/\/alojapro.com\/es\/#\/schema\/logo\/image\/\"},\"sameAs\":[\"https:\/\/www.linkedin.com\/company\/alojapro\/\"]}]}<\/script>\n<!-- \/ Yoast SEO plugin. -->","yoast_head_json":{"title":"Posicionament en cercadors | Alojapro","description":"T'oferim el servei de posicionament en cercadors (SEO) ideal per a la teva marca i clau per a la teva estrat\u00e8gia de m\u00e0rqueting.","robots":{"index":"index","follow":"follow","max-snippet":"max-snippet:-1","max-image-preview":"max-image-preview:large","max-video-preview":"max-video-preview:-1"},"canonical":"https:\/\/alojapro.com\/es\/posicionamiento-en-buscadores\/","og_locale":"ca_ES","og_type":"article","og_title":"Posicionament en cercadors | Alojapro","og_description":"T'oferim el servei de posicionament en cercadors (SEO) ideal per a la teva marca i clau per a la teva estrat\u00e8gia de m\u00e0rqueting.","og_url":"https:\/\/alojapro.com\/es\/posicionamiento-en-buscadores\/","og_site_name":"Alojapro","article_modified_time":"2022-11-02T11:36:17+00:00","og_image":[{"url":"https:\/\/alojapro.com\/wp-content\/uploads\/2019\/11\/mackbook.png","type":"","width":"","height":""}],"twitter_card":"summary_large_image","twitter_misc":{"Temps estimat de lectura":"2 minuts"},"schema":{"@context":"https:\/\/schema.org","@graph":[{"@type":"WebPage","@id":"https:\/\/alojapro.com\/es\/posicionamiento-en-buscadores\/","url":"https:\/\/alojapro.com\/es\/posicionamiento-en-buscadores\/","name":"Posicionament en cercadors | Alojapro","isPartOf":{"@id":"https:\/\/alojapro.com\/es\/#website"},"primaryImageOfPage":{"@id":"https:\/\/alojapro.com\/es\/posicionamiento-en-buscadores\/#primaryimage"},"image":{"@id":"https:\/\/alojapro.com\/es\/posicionamiento-en-buscadores\/#primaryimage"},"thumbnailUrl":"https:\/\/alojapro.com\/wp-content\/uploads\/2019\/11\/mackbook.png","datePublished":"2021-01-14T08:45:53+00:00","dateModified":"2022-11-02T11:36:17+00:00","description":"T'oferim el servei de posicionament en cercadors (SEO) ideal per a la teva marca i clau per a la teva estrat\u00e8gia de m\u00e0rqueting.","breadcrumb":{"@id":"https:\/\/alojapro.com\/es\/posicionamiento-en-buscadores\/#breadcrumb"},"inLanguage":"ca","potentialAction":[{"@type":"ReadAction","target":["https:\/\/alojapro.com\/es\/posicionamiento-en-buscadores\/"]}]},{"@type":"ImageObject","inLanguage":"ca","@id":"https:\/\/alojapro.com\/es\/posicionamiento-en-buscadores\/#primaryimage","url":"https:\/\/alojapro.com\/wp-content\/uploads\/2019\/11\/mackbook.png","contentUrl":"https:\/\/alojapro.com\/wp-content\/uploads\/2019\/11\/mackbook.png"},{"@type":"BreadcrumbList","@id":"https:\/\/alojapro.com\/es\/posicionamiento-en-buscadores\/#breadcrumb","itemListElement":[{"@type":"ListItem","position":1,"name":"Home","item":"https:\/\/alojapro.com\/es\/"},{"@type":"ListItem","position":2,"name":"Posicionament en cercadors"}]},{"@type":"WebSite","@id":"https:\/\/alojapro.com\/es\/#website","url":"https:\/\/alojapro.com\/es\/","name":"Alojapro","description":"Motor de reservas y soluciones para el sector tur\u00edstico","publisher":{"@id":"https:\/\/alojapro.com\/es\/#organization"},"potentialAction":[{"@type":"SearchAction","target":{"@type":"EntryPoint","urlTemplate":"https:\/\/alojapro.com\/es\/?s={search_term_string}"},"query-input":{"@type":"PropertyValueSpecification","valueRequired":true,"valueName":"search_term_string"}}],"inLanguage":"ca"},{"@type":"Organization","@id":"https:\/\/alojapro.com\/es\/#organization","name":"Alojapro","alternateName":"Aloja","url":"https:\/\/alojapro.com\/es\/","logo":{"@type":"ImageObject","inLanguage":"ca","@id":"https:\/\/alojapro.com\/es\/#\/schema\/logo\/image\/","url":"https:\/\/alojapro.com\/wp-content\/uploads\/2021\/12\/LOGO-ALOJAPRO-512x512-1.jpg","contentUrl":"https:\/\/alojapro.com\/wp-content\/uploads\/2021\/12\/LOGO-ALOJAPRO-512x512-1.jpg","width":512,"height":512,"caption":"Alojapro"},"image":{"@id":"https:\/\/alojapro.com\/es\/#\/schema\/logo\/image\/"},"sameAs":["https:\/\/www.linkedin.com\/company\/alojapro\/"]}]}},"_links":{"self":[{"href":"https:\/\/alojapro.com\/ca\/wp-json\/wp\/v2\/pages\/9160","targetHints":{"allow":["GET"]}}],"collection":[{"href":"https:\/\/alojapro.com\/ca\/wp-json\/wp\/v2\/pages"}],"about":[{"href":"https:\/\/alojapro.com\/ca\/wp-json\/wp\/v2\/types\/page"}],"author":[{"embeddable":true,"href":"https:\/\/alojapro.com\/ca\/wp-json\/wp\/v2\/users\/6"}],"replies":[{"embeddable":true,"href":"https:\/\/alojapro.com\/ca\/wp-json\/wp\/v2\/comments?post=9160"}],"version-history":[{"count":0,"href":"https:\/\/alojapro.com\/ca\/wp-json\/wp\/v2\/pages\/9160\/revisions"}],"wp:attachment":[{"href":"https:\/\/alojapro.com\/ca\/wp-json\/wp\/v2\/media?parent=9160"}],"curies":[{"name":"wp","href":"https:\/\/api.w.org\/{rel}","templated":true}]}}