{"id":9170,"date":"2021-01-14T10:52:19","date_gmt":"2021-01-14T10:52:19","guid":{"rendered":"https:\/\/turipano360.eu\/alojapro.com\/e-mail-marketing\/"},"modified":"2022-11-03T15:16:33","modified_gmt":"2022-11-03T15:16:33","slug":"email-marqueting","status":"publish","type":"page","link":"https:\/\/alojapro.com\/ca\/email-marqueting\/","title":{"rendered":"Email M\u00e0rqueting"},"content":{"rendered":"\t\t<div data-elementor-type=\"wp-page\" data-elementor-id=\"9170\" class=\"elementor elementor-9170\" data-elementor-settings=\"[]\">\n\t\t\t\t\t\t<div class=\"elementor-inner\">\n\t\t\t\t\t\t\t<div class=\"elementor-section-wrap\">\n\t\t\t\t\t\t\t<section class=\"elementor-section elementor-top-section elementor-element elementor-element-5ed12f3 elementor-section-boxed elementor-section-height-default elementor-section-height-default\" data-id=\"5ed12f3\" data-element_type=\"section\" data-settings=\"{&quot;background_background&quot;:&quot;classic&quot;}\">\n\t\t\t\t\t\t<div class=\"elementor-container elementor-column-gap-default\">\n\t\t\t\t\t\t\t<div class=\"elementor-row\">\n\t\t\t\t\t<div class=\"elementor-column elementor-col-50 elementor-top-column elementor-element elementor-element-52aac8a\" data-id=\"52aac8a\" data-element_type=\"column\">\n\t\t\t<div class=\"elementor-column-wrap elementor-element-populated\">\n\t\t\t\t\t\t\t<div class=\"elementor-widget-wrap\">\n\t\t\t\t\t\t<div class=\"elementor-element elementor-element-48de478 elementor-widget elementor-widget-image\" data-id=\"48de478\" data-element_type=\"widget\" data-widget_type=\"image.default\">\n\t\t\t\t<div class=\"elementor-widget-container\">\n\t\t\t\t\t\t\t\t<div class=\"elementor-image\">\n\t\t\t\t\t\t\t\t\t\t\t\t<img decoding=\"async\" src=\"https:\/\/alojapro.com\/wp-content\/uploads\/2021\/01\/email-marketing.jpg\" title=\"\" alt=\"\" \/>\t\t\t\t\t\t\t\t\t\t\t\t\t\t<\/div>\n\t\t\t\t\t\t<\/div>\n\t\t\t\t<\/div>\n\t\t\t\t\t\t<\/div>\n\t\t\t\t\t<\/div>\n\t\t<\/div>\n\t\t\t\t<div class=\"elementor-column elementor-col-50 elementor-top-column elementor-element elementor-element-1251763\" data-id=\"1251763\" data-element_type=\"column\">\n\t\t\t<div class=\"elementor-column-wrap elementor-element-populated\">\n\t\t\t\t\t\t\t<div class=\"elementor-widget-wrap\">\n\t\t\t\t\t\t<div class=\"elementor-element elementor-element-051ddb4 elementor-widget elementor-widget-heading\" data-id=\"051ddb4\" data-element_type=\"widget\" data-widget_type=\"heading.default\">\n\t\t\t\t<div class=\"elementor-widget-container\">\n\t\t\t<h2 class=\"elementor-heading-title elementor-size-default\">E-mail M\u00e0rqueting per a hotels<\/h2>\t\t<\/div>\n\t\t\t\t<\/div>\n\t\t\t\t<div class=\"elementor-element elementor-element-62c2864 elementor-widget elementor-widget-text-editor\" data-id=\"62c2864\" data-element_type=\"widget\" data-widget_type=\"text-editor.default\">\n\t\t\t\t<div class=\"elementor-widget-container\">\n\t\t\t\t\t\t\t\t<div class=\"elementor-text-editor elementor-clearfix\">\n\t\t\t\t<p>Vols augmentar les teves vendes, tenir m\u00e9s tr\u00e0nsit de visites, rebre m\u00e9s sol\u00b7licituds, i confirmar m\u00e9s reserves a trav\u00e9s de la teva web?<\/p>\n<p>Per aconseguir aix\u00f2 necessites mantenir el contacte amb els teus clients.<\/p>\n<p>Des d\u2019Alojapro t&#8217;assessorem en la creaci\u00f3 d&#8217;una estrat\u00e8gia i pla de comunicaci\u00f3 que t&#8217;ajudi a arribar els objectius, a trav\u00e9s de:<\/p>\n<ul>\n<li>La segmentaci\u00f3 de la base de dades<\/li>\n<li>Els enviaments personalitzats segons l&#8217;idioma i perfil del client<\/li>\n<li>El disseny de plantilles per a les newsletters que afavoreixin la conversi\u00f3<\/li>\n<li>Els informes i quantificaci\u00f3 de resultats<\/li>\n<\/ul>\t\t\t\t\t<\/div>\n\t\t\t\t\t\t<\/div>\n\t\t\t\t<\/div>\n\t\t\t\t\t\t<\/div>\n\t\t\t\t\t<\/div>\n\t\t<\/div>\n\t\t\t\t\t\t\t\t<\/div>\n\t\t\t\t\t<\/div>\n\t\t<\/section>\n\t\t\t\t\t\t<\/div>\n\t\t\t\t\t\t<\/div>\n\t\t\t\t\t<\/div>\n\t\t","protected":false},"excerpt":{"rendered":"<p>E-mail M\u00e0rqueting per a hotels Vols augmentar les teves vendes, tenir m\u00e9s tr\u00e0nsit de visites, rebre m\u00e9s sol\u00b7licituds, i confirmar m\u00e9s reserves a trav\u00e9s de la teva web? Per aconseguir aix\u00f2 necessites mantenir el contacte amb els teus clients. Des d\u2019Alojapro t&#8217;assessorem en la creaci\u00f3 d&#8217;una estrat\u00e8gia i pla de comunicaci\u00f3 que t&#8217;ajudi a arribar [&hellip;]<\/p>\n","protected":false},"author":6,"featured_media":0,"parent":0,"menu_order":0,"comment_status":"closed","ping_status":"closed","template":"page-fullwidth.php","meta":{"footnotes":""},"class_list":["post-9170","page","type-page","status-publish","hentry","no-post-thumbnail"],"yoast_head":"<!-- This site is optimized with the Yoast SEO plugin v26.6 - https:\/\/yoast.com\/wordpress\/plugins\/seo\/ -->\n<title>Email M\u00e0rqueting | Alojapro<\/title>\n<meta name=\"description\" content=\"Gaudeix del nostre servei d&#039;email m\u00e0rqueting per a hotels, rebr\u00e0s i confirmar m\u00e9s sol\u00b7licituds de reserva a trav\u00e9s del teu web.\" \/>\n<meta name=\"robots\" content=\"index, follow, max-snippet:-1, max-image-preview:large, max-video-preview:-1\" \/>\n<link rel=\"canonical\" href=\"https:\/\/alojapro.com\/es\/email-marketing\/\" \/>\n<meta property=\"og:locale\" content=\"ca_ES\" \/>\n<meta property=\"og:type\" content=\"article\" \/>\n<meta property=\"og:title\" content=\"Email M\u00e0rqueting | Alojapro\" \/>\n<meta property=\"og:description\" content=\"Gaudeix del nostre servei d&#039;email m\u00e0rqueting per a hotels, rebr\u00e0s i confirmar m\u00e9s sol\u00b7licituds de reserva a trav\u00e9s del teu web.\" \/>\n<meta property=\"og:url\" content=\"https:\/\/alojapro.com\/es\/email-marketing\/\" \/>\n<meta property=\"og:site_name\" content=\"Alojapro\" \/>\n<meta property=\"article:modified_time\" content=\"2022-11-03T15:16:33+00:00\" \/>\n<meta property=\"og:image\" content=\"https:\/\/alojapro.com\/wp-content\/uploads\/2021\/01\/email-marketing.jpg\" \/>\n<meta name=\"twitter:card\" content=\"summary_large_image\" \/>\n<meta name=\"twitter:label1\" content=\"Temps estimat de lectura\" \/>\n\t<meta name=\"twitter:data1\" content=\"1 minut\" \/>\n<script type=\"application\/ld+json\" class=\"yoast-schema-graph\">{\"@context\":\"https:\/\/schema.org\",\"@graph\":[{\"@type\":\"WebPage\",\"@id\":\"https:\/\/alojapro.com\/es\/email-marketing\/\",\"url\":\"https:\/\/alojapro.com\/es\/email-marketing\/\",\"name\":\"Email M\u00e0rqueting | Alojapro\",\"isPartOf\":{\"@id\":\"https:\/\/alojapro.com\/es\/#website\"},\"primaryImageOfPage\":{\"@id\":\"https:\/\/alojapro.com\/es\/email-marketing\/#primaryimage\"},\"image\":{\"@id\":\"https:\/\/alojapro.com\/es\/email-marketing\/#primaryimage\"},\"thumbnailUrl\":\"https:\/\/alojapro.com\/wp-content\/uploads\/2021\/01\/email-marketing.jpg\",\"datePublished\":\"2021-01-14T10:52:19+00:00\",\"dateModified\":\"2022-11-03T15:16:33+00:00\",\"description\":\"Gaudeix del nostre servei d'email m\u00e0rqueting per a hotels, rebr\u00e0s i confirmar m\u00e9s sol\u00b7licituds de reserva a trav\u00e9s del teu web.\",\"breadcrumb\":{\"@id\":\"https:\/\/alojapro.com\/es\/email-marketing\/#breadcrumb\"},\"inLanguage\":\"ca\",\"potentialAction\":[{\"@type\":\"ReadAction\",\"target\":[\"https:\/\/alojapro.com\/es\/email-marketing\/\"]}]},{\"@type\":\"ImageObject\",\"inLanguage\":\"ca\",\"@id\":\"https:\/\/alojapro.com\/es\/email-marketing\/#primaryimage\",\"url\":\"https:\/\/alojapro.com\/wp-content\/uploads\/2021\/01\/email-marketing.jpg\",\"contentUrl\":\"https:\/\/alojapro.com\/wp-content\/uploads\/2021\/01\/email-marketing.jpg\"},{\"@type\":\"BreadcrumbList\",\"@id\":\"https:\/\/alojapro.com\/es\/email-marketing\/#breadcrumb\",\"itemListElement\":[{\"@type\":\"ListItem\",\"position\":1,\"name\":\"Home\",\"item\":\"https:\/\/alojapro.com\/es\/\"},{\"@type\":\"ListItem\",\"position\":2,\"name\":\"Email M\u00e0rqueting\"}]},{\"@type\":\"WebSite\",\"@id\":\"https:\/\/alojapro.com\/es\/#website\",\"url\":\"https:\/\/alojapro.com\/es\/\",\"name\":\"Alojapro\",\"description\":\"Motor de reservas y soluciones para el sector tur\u00edstico\",\"publisher\":{\"@id\":\"https:\/\/alojapro.com\/es\/#organization\"},\"potentialAction\":[{\"@type\":\"SearchAction\",\"target\":{\"@type\":\"EntryPoint\",\"urlTemplate\":\"https:\/\/alojapro.com\/es\/?s={search_term_string}\"},\"query-input\":{\"@type\":\"PropertyValueSpecification\",\"valueRequired\":true,\"valueName\":\"search_term_string\"}}],\"inLanguage\":\"ca\"},{\"@type\":\"Organization\",\"@id\":\"https:\/\/alojapro.com\/es\/#organization\",\"name\":\"Alojapro\",\"alternateName\":\"Aloja\",\"url\":\"https:\/\/alojapro.com\/es\/\",\"logo\":{\"@type\":\"ImageObject\",\"inLanguage\":\"ca\",\"@id\":\"https:\/\/alojapro.com\/es\/#\/schema\/logo\/image\/\",\"url\":\"https:\/\/alojapro.com\/wp-content\/uploads\/2021\/12\/LOGO-ALOJAPRO-512x512-1.jpg\",\"contentUrl\":\"https:\/\/alojapro.com\/wp-content\/uploads\/2021\/12\/LOGO-ALOJAPRO-512x512-1.jpg\",\"width\":512,\"height\":512,\"caption\":\"Alojapro\"},\"image\":{\"@id\":\"https:\/\/alojapro.com\/es\/#\/schema\/logo\/image\/\"},\"sameAs\":[\"https:\/\/www.linkedin.com\/company\/alojapro\/\"]}]}<\/script>\n<!-- \/ Yoast SEO plugin. -->","yoast_head_json":{"title":"Email M\u00e0rqueting | Alojapro","description":"Gaudeix del nostre servei d'email m\u00e0rqueting per a hotels, rebr\u00e0s i confirmar m\u00e9s sol\u00b7licituds de reserva a trav\u00e9s del teu web.","robots":{"index":"index","follow":"follow","max-snippet":"max-snippet:-1","max-image-preview":"max-image-preview:large","max-video-preview":"max-video-preview:-1"},"canonical":"https:\/\/alojapro.com\/es\/email-marketing\/","og_locale":"ca_ES","og_type":"article","og_title":"Email M\u00e0rqueting | Alojapro","og_description":"Gaudeix del nostre servei d'email m\u00e0rqueting per a hotels, rebr\u00e0s i confirmar m\u00e9s sol\u00b7licituds de reserva a trav\u00e9s del teu web.","og_url":"https:\/\/alojapro.com\/es\/email-marketing\/","og_site_name":"Alojapro","article_modified_time":"2022-11-03T15:16:33+00:00","og_image":[{"url":"https:\/\/alojapro.com\/wp-content\/uploads\/2021\/01\/email-marketing.jpg","type":"","width":"","height":""}],"twitter_card":"summary_large_image","twitter_misc":{"Temps estimat de lectura":"1 minut"},"schema":{"@context":"https:\/\/schema.org","@graph":[{"@type":"WebPage","@id":"https:\/\/alojapro.com\/es\/email-marketing\/","url":"https:\/\/alojapro.com\/es\/email-marketing\/","name":"Email M\u00e0rqueting | Alojapro","isPartOf":{"@id":"https:\/\/alojapro.com\/es\/#website"},"primaryImageOfPage":{"@id":"https:\/\/alojapro.com\/es\/email-marketing\/#primaryimage"},"image":{"@id":"https:\/\/alojapro.com\/es\/email-marketing\/#primaryimage"},"thumbnailUrl":"https:\/\/alojapro.com\/wp-content\/uploads\/2021\/01\/email-marketing.jpg","datePublished":"2021-01-14T10:52:19+00:00","dateModified":"2022-11-03T15:16:33+00:00","description":"Gaudeix del nostre servei d'email m\u00e0rqueting per a hotels, rebr\u00e0s i confirmar m\u00e9s sol\u00b7licituds de reserva a trav\u00e9s del teu web.","breadcrumb":{"@id":"https:\/\/alojapro.com\/es\/email-marketing\/#breadcrumb"},"inLanguage":"ca","potentialAction":[{"@type":"ReadAction","target":["https:\/\/alojapro.com\/es\/email-marketing\/"]}]},{"@type":"ImageObject","inLanguage":"ca","@id":"https:\/\/alojapro.com\/es\/email-marketing\/#primaryimage","url":"https:\/\/alojapro.com\/wp-content\/uploads\/2021\/01\/email-marketing.jpg","contentUrl":"https:\/\/alojapro.com\/wp-content\/uploads\/2021\/01\/email-marketing.jpg"},{"@type":"BreadcrumbList","@id":"https:\/\/alojapro.com\/es\/email-marketing\/#breadcrumb","itemListElement":[{"@type":"ListItem","position":1,"name":"Home","item":"https:\/\/alojapro.com\/es\/"},{"@type":"ListItem","position":2,"name":"Email M\u00e0rqueting"}]},{"@type":"WebSite","@id":"https:\/\/alojapro.com\/es\/#website","url":"https:\/\/alojapro.com\/es\/","name":"Alojapro","description":"Motor de reservas y soluciones para el sector tur\u00edstico","publisher":{"@id":"https:\/\/alojapro.com\/es\/#organization"},"potentialAction":[{"@type":"SearchAction","target":{"@type":"EntryPoint","urlTemplate":"https:\/\/alojapro.com\/es\/?s={search_term_string}"},"query-input":{"@type":"PropertyValueSpecification","valueRequired":true,"valueName":"search_term_string"}}],"inLanguage":"ca"},{"@type":"Organization","@id":"https:\/\/alojapro.com\/es\/#organization","name":"Alojapro","alternateName":"Aloja","url":"https:\/\/alojapro.com\/es\/","logo":{"@type":"ImageObject","inLanguage":"ca","@id":"https:\/\/alojapro.com\/es\/#\/schema\/logo\/image\/","url":"https:\/\/alojapro.com\/wp-content\/uploads\/2021\/12\/LOGO-ALOJAPRO-512x512-1.jpg","contentUrl":"https:\/\/alojapro.com\/wp-content\/uploads\/2021\/12\/LOGO-ALOJAPRO-512x512-1.jpg","width":512,"height":512,"caption":"Alojapro"},"image":{"@id":"https:\/\/alojapro.com\/es\/#\/schema\/logo\/image\/"},"sameAs":["https:\/\/www.linkedin.com\/company\/alojapro\/"]}]}},"_links":{"self":[{"href":"https:\/\/alojapro.com\/ca\/wp-json\/wp\/v2\/pages\/9170","targetHints":{"allow":["GET"]}}],"collection":[{"href":"https:\/\/alojapro.com\/ca\/wp-json\/wp\/v2\/pages"}],"about":[{"href":"https:\/\/alojapro.com\/ca\/wp-json\/wp\/v2\/types\/page"}],"author":[{"embeddable":true,"href":"https:\/\/alojapro.com\/ca\/wp-json\/wp\/v2\/users\/6"}],"replies":[{"embeddable":true,"href":"https:\/\/alojapro.com\/ca\/wp-json\/wp\/v2\/comments?post=9170"}],"version-history":[{"count":0,"href":"https:\/\/alojapro.com\/ca\/wp-json\/wp\/v2\/pages\/9170\/revisions"}],"wp:attachment":[{"href":"https:\/\/alojapro.com\/ca\/wp-json\/wp\/v2\/media?parent=9170"}],"curies":[{"name":"wp","href":"https:\/\/api.w.org\/{rel}","templated":true}]}}