{"id":9178,"date":"2021-01-14T10:18:05","date_gmt":"2021-01-14T10:18:05","guid":{"rendered":"https:\/\/turipano360.eu\/alojapro.com\/marketing-en-redes-sociales\/"},"modified":"2022-11-02T16:31:32","modified_gmt":"2022-11-02T16:31:32","slug":"marqueting-en-xarxes-socials","status":"publish","type":"page","link":"https:\/\/alojapro.com\/ca\/marqueting-en-xarxes-socials\/","title":{"rendered":"M\u00e0rqueting en xarxes socials"},"content":{"rendered":"\t\t<div data-elementor-type=\"wp-page\" data-elementor-id=\"9178\" class=\"elementor elementor-9178\" data-elementor-settings=\"[]\">\n\t\t\t\t\t\t<div class=\"elementor-inner\">\n\t\t\t\t\t\t\t<div class=\"elementor-section-wrap\">\n\t\t\t\t\t\t\t<section class=\"elementor-section elementor-top-section elementor-element elementor-element-8bc282b elementor-section-full_width elementor-section-height-default elementor-section-height-default\" data-id=\"8bc282b\" data-element_type=\"section\">\n\t\t\t\t\t\t<div class=\"elementor-container elementor-column-gap-no\">\n\t\t\t\t\t\t\t<div class=\"elementor-row\">\n\t\t\t\t\t<div class=\"elementor-column elementor-col-100 elementor-top-column elementor-element elementor-element-6f2b776\" data-id=\"6f2b776\" data-element_type=\"column\">\n\t\t\t<div class=\"elementor-column-wrap elementor-element-populated\">\n\t\t\t\t\t\t\t<div class=\"elementor-widget-wrap\">\n\t\t\t\t\t\t<div class=\"elementor-element elementor-element-9afb30f elementor-widget elementor-widget-saasland_bubble_features\" data-id=\"9afb30f\" data-element_type=\"widget\" data-widget_type=\"saasland_bubble_features.default\">\n\t\t\t\t<div class=\"elementor-widget-container\">\n\t\t\t        <section class=\"app_featured_area\">\r\n        <div class=\"container\">\r\n        <div class=\"row flex-row-reverse app_feature_info\">\r\n            <div class=\"col-lg-6\">\r\n                <div class=\"app_fetured_item\">\r\n                                            <div style='background-image: -webkit-linear-gradient(40deg, #CF3087 0%, #F5B946 100%)' class=\"app_item item_one elementor-repeater-item-ff64dcf\" data-parallax='{&quot;x&quot;: 0, &quot;y&quot;: 50}'>\r\n                                                            <i class=\"ti-instagram f_size_40 w_color\"><\/i>\r\n                                                                                            <h6 class=\"f_p f_400 f_size_16 w_color l_height45\"> Instagram <\/h6>\r\n                                                    <\/div>\r\n                                                <div style='background-image: -webkit-linear-gradient(40deg, #1877F2 0%, #006FFF 100%)' class=\"app_item item_two elementor-repeater-item-9289257\" data-parallax='{&quot;x&quot;: 0, &quot;y&quot;: -30}'>\r\n                                                            <i class=\"ti-facebook f_size_40 w_color\"><\/i>\r\n                                                                                            <h6 class=\"f_p f_400 f_size_16 w_color l_height45\"> Facebook <\/h6>\r\n                                                    <\/div>\r\n                                                <div style='background-image: -webkit-linear-gradient(40deg, #1DA1F2 0%, #78CCFF 100%)' class=\"app_item item_three elementor-repeater-item-ce704e3\" data-parallax='{&quot;x&quot;: 50, &quot;y&quot;: 10}'>\r\n                                                            <i class=\"ti-twitter-alt f_size_40 w_color\"><\/i>\r\n                                                                                            <h6 class=\"f_p f_400 f_size_16 w_color l_height45\"> Twitter <\/h6>\r\n                                                    <\/div>\r\n                                                <div style='background-image: -webkit-linear-gradient(40deg, #2171d4 0%, #2cc4f0 100%)' class=\"app_item item_four elementor-repeater-item-9cb3b8b\" data-parallax='{&quot;x&quot;: -20, &quot;y&quot;: 50}'>\r\n                                                            <i class=\"ti-linkedin f_size_40 w_color\"><\/i>\r\n                                                                                            <h6 class=\"f_p f_400 f_size_16 w_color l_height45\"> Linkedin <\/h6>\r\n                                                    <\/div>\r\n                                        <\/div>\r\n            <\/div>\r\n\r\n            <div class=\"col-lg-6\">\r\n                <div class=\"app_featured_content\">\r\n                                            <h2 class=\"f_p f_size_30 f_700 t_color3 l_height45 pr_70 mb-30\">\r\n                            Social media m\u00e0rqueting per a hotels                        <\/h2>\r\n                                                                <p class=\"f_300\">\r\n                            <ul><br \/>\n<li>Investiguem el mercat<\/li><li>Establim objectius espec\u00edfics<\/li><li>Tracem una estrat\u00e8gia de mitj\u00e0 social<\/li><li>\tImplementem un pla d'acci\u00f3 a les xarxes socials<\/li><li>Mesurem quantitativament i qualitativament les accions realitzades<\/li><li>Et donem una soluci\u00f3 personalitzada perqu\u00e8 el teu establiment estigui present a les xarxes socials.<\/li><br \/>\n<\/ul>                        <\/p>\r\n                                        <a href=\"\" class=\"learn_btn_two\" >\r\n                         <i class=\"ti-arrow-right\"><\/i>\r\n                    <\/a>\r\n                <\/div>\r\n            <\/div>\r\n        <\/div>\r\n        <\/div>\r\n        <\/section>\r\n        \t\t<\/div>\n\t\t\t\t<\/div>\n\t\t\t\t\t\t<\/div>\n\t\t\t\t\t<\/div>\n\t\t<\/div>\n\t\t\t\t\t\t\t\t<\/div>\n\t\t\t\t\t<\/div>\n\t\t<\/section>\n\t\t\t\t<section class=\"elementor-section elementor-top-section elementor-element elementor-element-c3819a0 elementor-section-full_width elementor-section-height-default elementor-section-height-default\" data-id=\"c3819a0\" data-element_type=\"section\" id=\"tabs-redes\">\n\t\t\t\t\t\t<div class=\"elementor-container elementor-column-gap-no\">\n\t\t\t\t\t\t\t<div class=\"elementor-row\">\n\t\t\t\t\t<div class=\"elementor-column elementor-col-100 elementor-top-column elementor-element elementor-element-a0c4b42\" data-id=\"a0c4b42\" data-element_type=\"column\">\n\t\t\t<div class=\"elementor-column-wrap elementor-element-populated\">\n\t\t\t\t\t\t\t<div class=\"elementor-widget-wrap\">\n\t\t\t\t\t\t<div class=\"elementor-element elementor-element-59dadc7 elementor-widget elementor-widget-Saasland_tabs_horizontal\" data-id=\"59dadc7\" data-element_type=\"widget\" data-widget_type=\"Saasland_tabs_horizontal.default\">\n\t\t\t\t<div class=\"elementor-widget-container\">\n\t\t\t            <section class=\"pos_developer_product_area sec_pad ht-tab tabs-59dadc7\" id=\"tabs-59dadc7\">\r\n                <div class=\"container\">\r\n                                    <div class=\"row\">\r\n                    <div class=\"col-lg-6\">\r\n                        <div class=\"tab_img_info\">\r\n                                                    <\/div>\r\n                    <\/div>\r\n                    <div class=\"col-lg-6 d-flex align-items-center\">\r\n                        <div class=\"developer_product_content\">\r\n                            <ul class=\"nav nav-tabs develor_tab mb-30\" id=\"myTab2\" role=\"tablist\">\r\n                                                                    <li class=\"nav-item\">\r\n                                        <a class=\"nav-link  active show\" id=\"saasland-tab-9421\" data-toggle=\"tab\" role=\"tab\" data-tab=\"ht2_tab_0_59dadc7\" href=\"#saasland-tab-content-9421\" aria-controls=\"saasland-tab-content-9421\" aria-selected=\"false\">\r\n                                            Social Media Integral                                        <\/a>\r\n                                    <\/li>\r\n                                                                        <li class=\"nav-item\">\r\n                                        <a class=\"nav-link \" id=\"saasland-tab-9422\" data-toggle=\"tab\" role=\"tab\" data-tab=\"ht2_tab_1_59dadc7\" href=\"#saasland-tab-content-9422\" aria-controls=\"saasland-tab-content-9422\" aria-selected=\"true\">\r\n                                            Social Media Acompanyament                                        <\/a>\r\n                                    <\/li>\r\n                                                                        <li class=\"nav-item\">\r\n                                        <a class=\"nav-link \" id=\"saasland-tab-9423\" data-toggle=\"tab\" role=\"tab\" data-tab=\"ht2_tab_2_59dadc7\" href=\"#saasland-tab-content-9423\" aria-controls=\"saasland-tab-content-9423\" aria-selected=\"false\">\r\n                                            Social Media Personalitzat                                        <\/a>\r\n                                    <\/li>\r\n                                                                        <li class=\"nav-item\">\r\n                                        <a class=\"nav-link \" id=\"saasland-tab-9424\" data-toggle=\"tab\" role=\"tab\" data-tab=\"ht2_tab_3_59dadc7\" href=\"#saasland-tab-content-9424\" aria-controls=\"saasland-tab-content-9424\" aria-selected=\"false\">\r\n                                            Formaci\u00f3 en xarxes socials                                        <\/a>\r\n                                    <\/li>\r\n                                                                <\/ul>\r\n                            <div class=\"tab-content developer_tab_content\">\r\n                                                                    <div class=\"tab-pane fade  active show\" aria-labelledby=\"saasland-tab-9421\" role=\"tabpanel\" id=\"saasland-tab-content-9421\">\r\n                                        <p>La millor soluci\u00f3 si vols una gesti\u00f3 externalitzada 100% de la pres\u00e8ncia a les xarxes socials del teu negoci. Ens encarreguem de gestionar les xarxes socials del seu hotel.<\/p>                                    <\/div>\r\n                                                                        <div class=\"tab-pane fade \" aria-labelledby=\"saasland-tab-9422\" role=\"tabpanel\" id=\"saasland-tab-content-9422\">\r\n                                        <p>Si tens o tindr\u00e0s personal a c\u00e0rrec del social media m\u00e0rqueting per a l&#8217;hotel, per\u00f2 no tens tots els coneixements o eines necessaris per a comen\u00e7ar, t&#8217;acompanyem en l&#8217;etapa inicial fins que puguis funcionar de manera aut\u00f2noma. Elaborem l&#8217;estrat\u00e8gia i vosaltres la dueu a terme.<\/p>                                    <\/div>\r\n                                                                        <div class=\"tab-pane fade \" aria-labelledby=\"saasland-tab-9423\" role=\"tabpanel\" id=\"saasland-tab-content-9423\">\r\n                                        <p>Si vols externalitzar la gesti\u00f3 d&#8217;un canal en particular, aquesta \u00e9s la teva f\u00f3rmula. Gestionem el teu blog, dinamitzem el teu perfil a Facebook i Instagram, interactuem amb els teus contactes a Twitter i activem les teves promocions a Foursquare. Tu decideixes!<\/p>                                    <\/div>\r\n                                                                        <div class=\"tab-pane fade \" aria-labelledby=\"saasland-tab-9424\" role=\"tabpanel\" id=\"saasland-tab-content-9424\">\r\n                                        <p>Ens adaptem al teu nivell de coneixement sobre les xarxes socials, dissenyant formacions a mida. Formaci\u00f3 de xarxes socials individuals i per a grups per tra\u00e7ar objectius i dissenyar estrat\u00e8gies, escollir i gestionar els canals i eines m\u00e9s adequats, i aprendre a mesurar i presentar els resultats.<\/p>                                    <\/div>\r\n                                                                <\/div>\r\n                        <\/div>\r\n                    <\/div>\r\n                <\/div>\r\n                <\/div>\r\n            <\/section>\r\n            <script>\r\n                ;(function($){\r\n                    \"use strict\";\r\n                    $(document).ready(function () {\r\n                        $(\"#tabs-59dadc7 .develor_tab li a\").click(function() {\r\n                            var tab_id = $(this).attr(\"data-tab\");\r\n                            $(\"#tabs-59dadc7 .tab_img\").removeClass(\"active\");\r\n                            $(\"#\" + tab_id).addClass(\"active\");\r\n                        });\r\n                    })\r\n                })(jQuery);\r\n            <\/script>\r\n            \t\t<\/div>\n\t\t\t\t<\/div>\n\t\t\t\t\t\t<\/div>\n\t\t\t\t\t<\/div>\n\t\t<\/div>\n\t\t\t\t\t\t\t\t<\/div>\n\t\t\t\t\t<\/div>\n\t\t<\/section>\n\t\t\t\t\t\t<\/div>\n\t\t\t\t\t\t<\/div>\n\t\t\t\t\t<\/div>\n\t\t","protected":false},"excerpt":{"rendered":"<p>Instagram Facebook Twitter Linkedin Social media m\u00e0rqueting per a hotels &nbsp; Investiguem el mercat Establim objectius espec\u00edfics Tracem una estrat\u00e8gia de mitj\u00e0 social Implementem un pla d&#8217;acci\u00f3 a les xarxes socials Mesurem quantitativament i qualitativament les accions realitzades Et donem una soluci\u00f3 personalitzada perqu\u00e8 el teu establiment estigui present a les xarxes socials. &nbsp; Social [&hellip;]<\/p>\n","protected":false},"author":6,"featured_media":0,"parent":0,"menu_order":0,"comment_status":"closed","ping_status":"closed","template":"","meta":{"footnotes":""},"class_list":["post-9178","page","type-page","status-publish","hentry","no-post-thumbnail"],"yoast_head":"<!-- This site is optimized with the Yoast SEO plugin v26.6 - https:\/\/yoast.com\/wordpress\/plugins\/seo\/ -->\n<title>M\u00e0rqueting en xarxes socials | Alojapro<\/title>\n<meta name=\"description\" content=\"Connecta amb el teu client mitjan\u00e7ant estrat\u00e8gies de Mitjans socials efica\u00e7os, coneix el nostre servei de gesti\u00f3 de mitj\u00e0 social per a hotels.\" \/>\n<meta name=\"robots\" content=\"index, follow, max-snippet:-1, max-image-preview:large, max-video-preview:-1\" \/>\n<link rel=\"canonical\" href=\"https:\/\/alojapro.com\/es\/marketing-en-redes-sociales\/\" \/>\n<meta property=\"og:locale\" content=\"ca_ES\" \/>\n<meta property=\"og:type\" content=\"article\" \/>\n<meta property=\"og:title\" content=\"M\u00e0rqueting en xarxes socials | Alojapro\" \/>\n<meta property=\"og:description\" content=\"Connecta amb el teu client mitjan\u00e7ant estrat\u00e8gies de Mitjans socials efica\u00e7os, coneix el nostre servei de gesti\u00f3 de mitj\u00e0 social per a hotels.\" \/>\n<meta property=\"og:url\" content=\"https:\/\/alojapro.com\/es\/marketing-en-redes-sociales\/\" \/>\n<meta property=\"og:site_name\" content=\"Alojapro\" \/>\n<meta property=\"article:modified_time\" content=\"2022-11-02T16:31:32+00:00\" \/>\n<meta name=\"twitter:card\" content=\"summary_large_image\" \/>\n<meta name=\"twitter:label1\" content=\"Temps estimat de lectura\" \/>\n\t<meta name=\"twitter:data1\" content=\"2 minuts\" \/>\n<script type=\"application\/ld+json\" class=\"yoast-schema-graph\">{\"@context\":\"https:\/\/schema.org\",\"@graph\":[{\"@type\":\"WebPage\",\"@id\":\"https:\/\/alojapro.com\/es\/marketing-en-redes-sociales\/\",\"url\":\"https:\/\/alojapro.com\/es\/marketing-en-redes-sociales\/\",\"name\":\"M\u00e0rqueting en xarxes socials | Alojapro\",\"isPartOf\":{\"@id\":\"https:\/\/alojapro.com\/es\/#website\"},\"datePublished\":\"2021-01-14T10:18:05+00:00\",\"dateModified\":\"2022-11-02T16:31:32+00:00\",\"description\":\"Connecta amb el teu client mitjan\u00e7ant estrat\u00e8gies de Mitjans socials efica\u00e7os, coneix el nostre servei de gesti\u00f3 de mitj\u00e0 social per a hotels.\",\"breadcrumb\":{\"@id\":\"https:\/\/alojapro.com\/es\/marketing-en-redes-sociales\/#breadcrumb\"},\"inLanguage\":\"ca\",\"potentialAction\":[{\"@type\":\"ReadAction\",\"target\":[\"https:\/\/alojapro.com\/es\/marketing-en-redes-sociales\/\"]}]},{\"@type\":\"BreadcrumbList\",\"@id\":\"https:\/\/alojapro.com\/es\/marketing-en-redes-sociales\/#breadcrumb\",\"itemListElement\":[{\"@type\":\"ListItem\",\"position\":1,\"name\":\"Home\",\"item\":\"https:\/\/alojapro.com\/es\/\"},{\"@type\":\"ListItem\",\"position\":2,\"name\":\"M\u00e0rqueting en xarxes socials\"}]},{\"@type\":\"WebSite\",\"@id\":\"https:\/\/alojapro.com\/es\/#website\",\"url\":\"https:\/\/alojapro.com\/es\/\",\"name\":\"Alojapro\",\"description\":\"Motor de reservas y soluciones para el sector tur\u00edstico\",\"publisher\":{\"@id\":\"https:\/\/alojapro.com\/es\/#organization\"},\"potentialAction\":[{\"@type\":\"SearchAction\",\"target\":{\"@type\":\"EntryPoint\",\"urlTemplate\":\"https:\/\/alojapro.com\/es\/?s={search_term_string}\"},\"query-input\":{\"@type\":\"PropertyValueSpecification\",\"valueRequired\":true,\"valueName\":\"search_term_string\"}}],\"inLanguage\":\"ca\"},{\"@type\":\"Organization\",\"@id\":\"https:\/\/alojapro.com\/es\/#organization\",\"name\":\"Alojapro\",\"alternateName\":\"Aloja\",\"url\":\"https:\/\/alojapro.com\/es\/\",\"logo\":{\"@type\":\"ImageObject\",\"inLanguage\":\"ca\",\"@id\":\"https:\/\/alojapro.com\/es\/#\/schema\/logo\/image\/\",\"url\":\"https:\/\/alojapro.com\/wp-content\/uploads\/2021\/12\/LOGO-ALOJAPRO-512x512-1.jpg\",\"contentUrl\":\"https:\/\/alojapro.com\/wp-content\/uploads\/2021\/12\/LOGO-ALOJAPRO-512x512-1.jpg\",\"width\":512,\"height\":512,\"caption\":\"Alojapro\"},\"image\":{\"@id\":\"https:\/\/alojapro.com\/es\/#\/schema\/logo\/image\/\"},\"sameAs\":[\"https:\/\/www.linkedin.com\/company\/alojapro\/\"]}]}<\/script>\n<!-- \/ Yoast SEO plugin. -->","yoast_head_json":{"title":"M\u00e0rqueting en xarxes socials | Alojapro","description":"Connecta amb el teu client mitjan\u00e7ant estrat\u00e8gies de Mitjans socials efica\u00e7os, coneix el nostre servei de gesti\u00f3 de mitj\u00e0 social per a hotels.","robots":{"index":"index","follow":"follow","max-snippet":"max-snippet:-1","max-image-preview":"max-image-preview:large","max-video-preview":"max-video-preview:-1"},"canonical":"https:\/\/alojapro.com\/es\/marketing-en-redes-sociales\/","og_locale":"ca_ES","og_type":"article","og_title":"M\u00e0rqueting en xarxes socials | Alojapro","og_description":"Connecta amb el teu client mitjan\u00e7ant estrat\u00e8gies de Mitjans socials efica\u00e7os, coneix el nostre servei de gesti\u00f3 de mitj\u00e0 social per a hotels.","og_url":"https:\/\/alojapro.com\/es\/marketing-en-redes-sociales\/","og_site_name":"Alojapro","article_modified_time":"2022-11-02T16:31:32+00:00","twitter_card":"summary_large_image","twitter_misc":{"Temps estimat de lectura":"2 minuts"},"schema":{"@context":"https:\/\/schema.org","@graph":[{"@type":"WebPage","@id":"https:\/\/alojapro.com\/es\/marketing-en-redes-sociales\/","url":"https:\/\/alojapro.com\/es\/marketing-en-redes-sociales\/","name":"M\u00e0rqueting en xarxes socials | Alojapro","isPartOf":{"@id":"https:\/\/alojapro.com\/es\/#website"},"datePublished":"2021-01-14T10:18:05+00:00","dateModified":"2022-11-02T16:31:32+00:00","description":"Connecta amb el teu client mitjan\u00e7ant estrat\u00e8gies de Mitjans socials efica\u00e7os, coneix el nostre servei de gesti\u00f3 de mitj\u00e0 social per a hotels.","breadcrumb":{"@id":"https:\/\/alojapro.com\/es\/marketing-en-redes-sociales\/#breadcrumb"},"inLanguage":"ca","potentialAction":[{"@type":"ReadAction","target":["https:\/\/alojapro.com\/es\/marketing-en-redes-sociales\/"]}]},{"@type":"BreadcrumbList","@id":"https:\/\/alojapro.com\/es\/marketing-en-redes-sociales\/#breadcrumb","itemListElement":[{"@type":"ListItem","position":1,"name":"Home","item":"https:\/\/alojapro.com\/es\/"},{"@type":"ListItem","position":2,"name":"M\u00e0rqueting en xarxes socials"}]},{"@type":"WebSite","@id":"https:\/\/alojapro.com\/es\/#website","url":"https:\/\/alojapro.com\/es\/","name":"Alojapro","description":"Motor de reservas y soluciones para el sector tur\u00edstico","publisher":{"@id":"https:\/\/alojapro.com\/es\/#organization"},"potentialAction":[{"@type":"SearchAction","target":{"@type":"EntryPoint","urlTemplate":"https:\/\/alojapro.com\/es\/?s={search_term_string}"},"query-input":{"@type":"PropertyValueSpecification","valueRequired":true,"valueName":"search_term_string"}}],"inLanguage":"ca"},{"@type":"Organization","@id":"https:\/\/alojapro.com\/es\/#organization","name":"Alojapro","alternateName":"Aloja","url":"https:\/\/alojapro.com\/es\/","logo":{"@type":"ImageObject","inLanguage":"ca","@id":"https:\/\/alojapro.com\/es\/#\/schema\/logo\/image\/","url":"https:\/\/alojapro.com\/wp-content\/uploads\/2021\/12\/LOGO-ALOJAPRO-512x512-1.jpg","contentUrl":"https:\/\/alojapro.com\/wp-content\/uploads\/2021\/12\/LOGO-ALOJAPRO-512x512-1.jpg","width":512,"height":512,"caption":"Alojapro"},"image":{"@id":"https:\/\/alojapro.com\/es\/#\/schema\/logo\/image\/"},"sameAs":["https:\/\/www.linkedin.com\/company\/alojapro\/"]}]}},"_links":{"self":[{"href":"https:\/\/alojapro.com\/ca\/wp-json\/wp\/v2\/pages\/9178","targetHints":{"allow":["GET"]}}],"collection":[{"href":"https:\/\/alojapro.com\/ca\/wp-json\/wp\/v2\/pages"}],"about":[{"href":"https:\/\/alojapro.com\/ca\/wp-json\/wp\/v2\/types\/page"}],"author":[{"embeddable":true,"href":"https:\/\/alojapro.com\/ca\/wp-json\/wp\/v2\/users\/6"}],"replies":[{"embeddable":true,"href":"https:\/\/alojapro.com\/ca\/wp-json\/wp\/v2\/comments?post=9178"}],"version-history":[{"count":0,"href":"https:\/\/alojapro.com\/ca\/wp-json\/wp\/v2\/pages\/9178\/revisions"}],"wp:attachment":[{"href":"https:\/\/alojapro.com\/ca\/wp-json\/wp\/v2\/media?parent=9178"}],"curies":[{"name":"wp","href":"https:\/\/api.w.org\/{rel}","templated":true}]}}