{"id":9392,"date":"2021-01-18T10:11:46","date_gmt":"2021-01-18T10:11:46","guid":{"rendered":"https:\/\/turipano360.eu\/alojapro.com\/modulos\/"},"modified":"2022-11-02T15:30:52","modified_gmt":"2022-11-02T15:30:52","slug":"motor-reserves-agencies-i-serveis","status":"publish","type":"page","link":"https:\/\/alojapro.com\/ca\/motor-reserves-agencies-i-serveis\/","title":{"rendered":"M\u00f2duls per a ag\u00e8ncies i empreses de serveis"},"content":{"rendered":"\t\t<div data-elementor-type=\"wp-page\" data-elementor-id=\"9392\" class=\"elementor elementor-9392\" data-elementor-settings=\"[]\">\n\t\t\t\t\t\t<div class=\"elementor-inner\">\n\t\t\t\t\t\t\t<div class=\"elementor-section-wrap\">\n\t\t\t\t\t\t\t<section class=\"elementor-section elementor-top-section elementor-element elementor-element-bbaa68d elementor-section-boxed elementor-section-height-default elementor-section-height-default\" data-id=\"bbaa68d\" data-element_type=\"section\">\n\t\t\t\t\t\t<div class=\"elementor-container elementor-column-gap-default\">\n\t\t\t\t\t\t\t<div class=\"elementor-row\">\n\t\t\t\t\t<div class=\"elementor-column elementor-col-100 elementor-top-column elementor-element elementor-element-7dd3636\" data-id=\"7dd3636\" data-element_type=\"column\">\n\t\t\t<div class=\"elementor-column-wrap elementor-element-populated\">\n\t\t\t\t\t\t\t<div class=\"elementor-widget-wrap\">\n\t\t\t\t\t\t<div class=\"elementor-element elementor-element-567e4d4 elementor-widget elementor-widget-heading\" data-id=\"567e4d4\" data-element_type=\"widget\" data-widget_type=\"heading.default\">\n\t\t\t\t<div class=\"elementor-widget-container\">\n\t\t\t<h2 class=\"elementor-heading-title elementor-size-default\">M\u00f2duls del Sistema de Reserves per a Ag\u00e8ncies\n<\/h2>\t\t<\/div>\n\t\t\t\t<\/div>\n\t\t\t\t\t\t<\/div>\n\t\t\t\t\t<\/div>\n\t\t<\/div>\n\t\t\t\t\t\t\t\t<\/div>\n\t\t\t\t\t<\/div>\n\t\t<\/section>\n\t\t\t\t<section class=\"elementor-section elementor-top-section elementor-element elementor-element-70f3bb1 elementor-section-boxed elementor-section-height-default elementor-section-height-default\" data-id=\"70f3bb1\" data-element_type=\"section\">\n\t\t\t\t\t\t<div class=\"elementor-container elementor-column-gap-default\">\n\t\t\t\t\t\t\t<div class=\"elementor-row\">\n\t\t\t\t\t<div class=\"elementor-column elementor-col-100 elementor-top-column elementor-element elementor-element-ccc2ac3\" data-id=\"ccc2ac3\" data-element_type=\"column\">\n\t\t\t<div class=\"elementor-column-wrap elementor-element-populated\">\n\t\t\t\t\t\t\t<div class=\"elementor-widget-wrap\">\n\t\t\t\t\t\t<div class=\"elementor-element elementor-element-d81c47c elementor-position-right elementor-vertical-align-middle elementor-invisible elementor-widget elementor-widget-image-box\" data-id=\"d81c47c\" data-element_type=\"widget\" data-settings=\"{&quot;_animation&quot;:&quot;fadeInRight&quot;}\" data-widget_type=\"image-box.default\">\n\t\t\t\t<div class=\"elementor-widget-container\">\n\t\t\t<div class=\"elementor-image-box-wrapper\"><figure class=\"elementor-image-box-img\"><img loading=\"lazy\" decoding=\"async\" width=\"1200\" height=\"800\" src=\"https:\/\/alojapro.com\/wp-content\/uploads\/2021\/11\/modul1.jpg\" class=\"attachment-full size-full\" alt=\"\" \/><\/figure><div class=\"elementor-image-box-content\"><h4 class=\"elementor-image-box-title\">M\u00f2dul: Motor de reserves Allotjaments usuari final<\/h4><p class=\"elementor-image-box-description\">\u00c9s un motor multiling\u00fce i multidivisa que pot buscar disponibilitats tant en el teu propi producte com en el de tercers via XML, oferint un resultat \u00fanic. El disseny responsive fa que s\u2019adapti a tots els dispositius m\u00f2bils. El sistema envia de manera autom\u00e0tica la confirmaci\u00f3 al client, al prove\u00efdor i l\u2019ag\u00e8ncia.\n\n<\/p><\/div><\/div>\t\t<\/div>\n\t\t\t\t<\/div>\n\t\t\t\t<div class=\"elementor-element elementor-element-028d30e elementor-widget-divider--view-line elementor-widget elementor-widget-divider\" data-id=\"028d30e\" data-element_type=\"widget\" data-widget_type=\"divider.default\">\n\t\t\t\t<div class=\"elementor-widget-container\">\n\t\t\t\t\t<div class=\"elementor-divider\">\n\t\t\t<span class=\"elementor-divider-separator\">\n\t\t\t\t\t\t<\/span>\n\t\t<\/div>\n\t\t\t\t<\/div>\n\t\t\t\t<\/div>\n\t\t\t\t<div class=\"elementor-element elementor-element-3e9f72c elementor-position-left elementor-vertical-align-middle elementor-invisible elementor-widget elementor-widget-image-box\" data-id=\"3e9f72c\" data-element_type=\"widget\" data-settings=\"{&quot;_animation&quot;:&quot;fadeInLeft&quot;}\" data-widget_type=\"image-box.default\">\n\t\t\t\t<div class=\"elementor-widget-container\">\n\t\t\t<div class=\"elementor-image-box-wrapper\"><figure class=\"elementor-image-box-img\"><img loading=\"lazy\" decoding=\"async\" width=\"699\" height=\"1000\" src=\"https:\/\/alojapro.com\/wp-content\/uploads\/2021\/11\/modul2.jpg\" class=\"attachment-full size-full\" alt=\"\" \/><\/figure><div class=\"elementor-image-box-content\"><h4 class=\"elementor-image-box-title\">M\u00f2dul: Extranet per a c\u00e0rrega d\u2019Allotjaments<\/h4><p class=\"elementor-image-box-description\">Mitjan\u00e7ant un acc\u00e9s privat, l\u2019establiment podr\u00e0 gestionar de manera senzilla tot el teu inventari i establir preus de manera flexible, aix\u00ed com generar tot tipus de promocions i ofertes en temps real. A m\u00e9s, podr\u00e0s donar d\u2019alta els serveis addicionals de l\u2019establiment, per a oferir-los com a complement a la teva oferta. El seu disseny responsive facilita a l\u2019usuari la tasca de gesti\u00f3 des de qualsevol lloc.\n<\/p><\/div><\/div>\t\t<\/div>\n\t\t\t\t<\/div>\n\t\t\t\t<div class=\"elementor-element elementor-element-cb705b4 elementor-widget-divider--view-line elementor-widget elementor-widget-divider\" data-id=\"cb705b4\" data-element_type=\"widget\" data-widget_type=\"divider.default\">\n\t\t\t\t<div class=\"elementor-widget-container\">\n\t\t\t\t\t<div class=\"elementor-divider\">\n\t\t\t<span class=\"elementor-divider-separator\">\n\t\t\t\t\t\t<\/span>\n\t\t<\/div>\n\t\t\t\t<\/div>\n\t\t\t\t<\/div>\n\t\t\t\t<div class=\"elementor-element elementor-element-30b94f8 elementor-position-right elementor-vertical-align-middle elementor-invisible elementor-widget elementor-widget-image-box\" data-id=\"30b94f8\" data-element_type=\"widget\" data-settings=\"{&quot;_animation&quot;:&quot;fadeInRight&quot;}\" data-widget_type=\"image-box.default\">\n\t\t\t\t<div class=\"elementor-widget-container\">\n\t\t\t<div class=\"elementor-image-box-wrapper\"><figure class=\"elementor-image-box-img\"><img loading=\"lazy\" decoding=\"async\" width=\"1200\" height=\"800\" src=\"https:\/\/alojapro.com\/wp-content\/uploads\/2021\/11\/modul3.jpg\" class=\"attachment-full size-full\" alt=\"\" \/><\/figure><div class=\"elementor-image-box-content\"><h4 class=\"elementor-image-box-title\">M\u00f2dul: Facturaci\u00f3<\/h4><p class=\"elementor-image-box-description\">El sistema permet comunicar l\u2019autofactura i\/o facturar a prove\u00efdors i clients. Compta amb la connexi\u00f3 a una eina de facturaci\u00f3 i de pagament digital (ERP).\n\n<\/p><\/div><\/div>\t\t<\/div>\n\t\t\t\t<\/div>\n\t\t\t\t<div class=\"elementor-element elementor-element-7e97977 elementor-widget-divider--view-line elementor-widget elementor-widget-divider\" data-id=\"7e97977\" data-element_type=\"widget\" data-widget_type=\"divider.default\">\n\t\t\t\t<div class=\"elementor-widget-container\">\n\t\t\t\t\t<div class=\"elementor-divider\">\n\t\t\t<span class=\"elementor-divider-separator\">\n\t\t\t\t\t\t<\/span>\n\t\t<\/div>\n\t\t\t\t<\/div>\n\t\t\t\t<\/div>\n\t\t\t\t<div class=\"elementor-element elementor-element-9125fa0 elementor-position-left elementor-vertical-align-middle elementor-invisible elementor-widget elementor-widget-image-box\" data-id=\"9125fa0\" data-element_type=\"widget\" data-settings=\"{&quot;_animation&quot;:&quot;fadeInLeft&quot;}\" data-widget_type=\"image-box.default\">\n\t\t\t\t<div class=\"elementor-widget-container\">\n\t\t\t<div class=\"elementor-image-box-wrapper\"><figure class=\"elementor-image-box-img\"><img loading=\"lazy\" decoding=\"async\" width=\"593\" height=\"528\" src=\"https:\/\/alojapro.com\/wp-content\/uploads\/2021\/11\/modul4-1.jpg\" class=\"attachment-full size-full\" alt=\"\" \/><\/figure><div class=\"elementor-image-box-content\"><h4 class=\"elementor-image-box-title\">M\u00f2dul: Venda d\u2019Activitats i\/o Serveis<\/h4><p class=\"elementor-image-box-description\">Per a neu, per a platja o muntanya, amb aquest m\u00f2dul es poden vendre tot tipus de serveis i\/o activitats addicionals. Es pot donar acc\u00e9s directe a aquests mateixos prove\u00efdors per a la gesti\u00f3 directa de la c\u00e0rrega de dades i per a l\u2019actualitzaci\u00f3 d\u2019inventari i preus. L\u2019usuari final podr\u00e0 afegir de manera senzilla els diferents serveis i\/o activitats mitjan\u00e7ant el proc\u00e9s de compra, confirmar el resum de la seva reserva i procedir a un pagament \u00fanic. I tot, en un procediment 100% online.\n\n<\/p><\/div><\/div>\t\t<\/div>\n\t\t\t\t<\/div>\n\t\t\t\t<div class=\"elementor-element elementor-element-d90b3f3 elementor-widget-divider--view-line elementor-widget elementor-widget-divider\" data-id=\"d90b3f3\" data-element_type=\"widget\" data-widget_type=\"divider.default\">\n\t\t\t\t<div class=\"elementor-widget-container\">\n\t\t\t\t\t<div class=\"elementor-divider\">\n\t\t\t<span class=\"elementor-divider-separator\">\n\t\t\t\t\t\t<\/span>\n\t\t<\/div>\n\t\t\t\t<\/div>\n\t\t\t\t<\/div>\n\t\t\t\t<div class=\"elementor-element elementor-element-d0b2659 elementor-position-right elementor-vertical-align-middle elementor-invisible elementor-widget elementor-widget-image-box\" data-id=\"d0b2659\" data-element_type=\"widget\" data-settings=\"{&quot;_animation&quot;:&quot;fadeInRight&quot;}\" data-widget_type=\"image-box.default\">\n\t\t\t\t<div class=\"elementor-widget-container\">\n\t\t\t<div class=\"elementor-image-box-wrapper\"><figure class=\"elementor-image-box-img\"><img loading=\"lazy\" decoding=\"async\" width=\"1200\" height=\"800\" src=\"https:\/\/alojapro.com\/wp-content\/uploads\/2021\/11\/modul5-1.jpg\" class=\"attachment-full size-full\" alt=\"\" \/><\/figure><div class=\"elementor-image-box-content\"><h4 class=\"elementor-image-box-title\">M\u00f2dul: Venda i Gesti\u00f3 per a professionals i\/o agents de viatges<\/h4><p class=\"elementor-image-box-description\">AlojaSuite permet donar d\u2019alta en el sistema a agents i\/o professionals per a oferir-los els preus, comissions i formes de pagament especials segons el seu model de negoci. Els agents i professionals podran tenir un acc\u00e9s privat a tot el seu inventari a trav\u00e9s del motor de cerca en l\u00ednia i confirmar la seva reserva en temps real sense necessitat de gestionar amb l\u2019establiment reserves per mail o per tel\u00e8fon.\n\n<\/p><\/div><\/div>\t\t<\/div>\n\t\t\t\t<\/div>\n\t\t\t\t<div class=\"elementor-element elementor-element-1b1aef5 elementor-widget-divider--view-line elementor-widget elementor-widget-divider\" data-id=\"1b1aef5\" data-element_type=\"widget\" data-widget_type=\"divider.default\">\n\t\t\t\t<div class=\"elementor-widget-container\">\n\t\t\t\t\t<div class=\"elementor-divider\">\n\t\t\t<span class=\"elementor-divider-separator\">\n\t\t\t\t\t\t<\/span>\n\t\t<\/div>\n\t\t\t\t<\/div>\n\t\t\t\t<\/div>\n\t\t\t\t<div class=\"elementor-element elementor-element-09407ce elementor-position-left elementor-vertical-align-middle elementor-invisible elementor-widget elementor-widget-image-box\" data-id=\"09407ce\" data-element_type=\"widget\" data-settings=\"{&quot;_animation&quot;:&quot;fadeInLeft&quot;}\" data-widget_type=\"image-box.default\">\n\t\t\t\t<div class=\"elementor-widget-container\">\n\t\t\t<div class=\"elementor-image-box-wrapper\"><figure class=\"elementor-image-box-img\"><img loading=\"lazy\" decoding=\"async\" width=\"1200\" height=\"800\" src=\"https:\/\/alojapro.com\/wp-content\/uploads\/2021\/12\/xml-alojapro.jpg\" class=\"attachment-full size-full\" alt=\"modulo-xml\" \/><\/figure><div class=\"elementor-image-box-content\"><h4 class=\"elementor-image-box-title\">M\u00f2dul: Connexi\u00f3 XML per a compra \/ venda<\/h4><p class=\"elementor-image-box-description\">Aquest m\u00f2dul permet augmentar la teva oferta oferint no nom\u00e9s el teu propi producte sin\u00f3 tamb\u00e9 el producte contractat a altres prove\u00efdors via XML. D\u2019altra banda, tamb\u00e9 et permet oferir el teu producte a altres canals de venda o a ag\u00e8ncies de viatges que aix\u00ed ho desitgin, incrementant d\u2019aquesta manera les teves possibilitats de venda.\n\n<\/p><\/div><\/div>\t\t<\/div>\n\t\t\t\t<\/div>\n\t\t\t\t\t\t<\/div>\n\t\t\t\t\t<\/div>\n\t\t<\/div>\n\t\t\t\t\t\t\t\t<\/div>\n\t\t\t\t\t<\/div>\n\t\t<\/section>\n\t\t\t\t\t\t<\/div>\n\t\t\t\t\t\t<\/div>\n\t\t\t\t\t<\/div>\n\t\t","protected":false},"excerpt":{"rendered":"<p>M\u00f2duls del Sistema de Reserves per a Ag\u00e8ncies M\u00f2dul: Motor de reserves Allotjaments usuari final \u00c9s un motor multiling\u00fce i multidivisa que pot buscar disponibilitats tant en el teu propi producte com en el de tercers via XML, oferint un resultat \u00fanic. El disseny responsive fa que s\u2019adapti a tots els dispositius m\u00f2bils. El sistema [&hellip;]<\/p>\n","protected":false},"author":6,"featured_media":0,"parent":0,"menu_order":0,"comment_status":"closed","ping_status":"closed","template":"page-fullwidth.php","meta":{"footnotes":""},"class_list":["post-9392","page","type-page","status-publish","hentry","no-post-thumbnail"],"yoast_head":"<!-- This site is optimized with the Yoast SEO plugin v26.6 - https:\/\/yoast.com\/wordpress\/plugins\/seo\/ -->\n<title>M\u00f2duls per a ag\u00e8ncies i empreses de serveis | Alojapro<\/title>\n<meta name=\"description\" content=\"Coneix els m\u00f2duls del Sistema de Reserves per a Ag\u00e8ncies que t&#039;ofereix Alojapro. Et presentem amb detall els seus diferents m\u00f2duls.\" \/>\n<meta name=\"robots\" content=\"index, follow, max-snippet:-1, max-image-preview:large, max-video-preview:-1\" \/>\n<link rel=\"canonical\" href=\"https:\/\/alojapro.com\/es\/modulos\/\" \/>\n<meta property=\"og:locale\" content=\"ca_ES\" \/>\n<meta property=\"og:type\" content=\"article\" \/>\n<meta property=\"og:title\" content=\"M\u00f2duls per a ag\u00e8ncies i empreses de serveis | Alojapro\" \/>\n<meta property=\"og:description\" content=\"Coneix els m\u00f2duls del Sistema de Reserves per a Ag\u00e8ncies que t&#039;ofereix Alojapro. Et presentem amb detall els seus diferents m\u00f2duls.\" \/>\n<meta property=\"og:url\" content=\"https:\/\/alojapro.com\/es\/modulos\/\" \/>\n<meta property=\"og:site_name\" content=\"Alojapro\" \/>\n<meta property=\"article:modified_time\" content=\"2022-11-02T15:30:52+00:00\" \/>\n<meta property=\"og:image\" content=\"https:\/\/alojapro.com\/wp-content\/uploads\/2021\/11\/modul1.jpg\" \/>\n<meta name=\"twitter:card\" content=\"summary_large_image\" \/>\n<meta name=\"twitter:label1\" content=\"Temps estimat de lectura\" \/>\n\t<meta name=\"twitter:data1\" content=\"3 minuts\" \/>\n<script type=\"application\/ld+json\" class=\"yoast-schema-graph\">{\"@context\":\"https:\/\/schema.org\",\"@graph\":[{\"@type\":\"WebPage\",\"@id\":\"https:\/\/alojapro.com\/es\/modulos\/\",\"url\":\"https:\/\/alojapro.com\/es\/modulos\/\",\"name\":\"M\u00f2duls per a ag\u00e8ncies i empreses de serveis | Alojapro\",\"isPartOf\":{\"@id\":\"https:\/\/alojapro.com\/es\/#website\"},\"primaryImageOfPage\":{\"@id\":\"https:\/\/alojapro.com\/es\/modulos\/#primaryimage\"},\"image\":{\"@id\":\"https:\/\/alojapro.com\/es\/modulos\/#primaryimage\"},\"thumbnailUrl\":\"https:\/\/alojapro.com\/wp-content\/uploads\/2021\/11\/modul1.jpg\",\"datePublished\":\"2021-01-18T10:11:46+00:00\",\"dateModified\":\"2022-11-02T15:30:52+00:00\",\"description\":\"Coneix els m\u00f2duls del Sistema de Reserves per a Ag\u00e8ncies que t'ofereix Alojapro. Et presentem amb detall els seus diferents m\u00f2duls.\",\"breadcrumb\":{\"@id\":\"https:\/\/alojapro.com\/es\/modulos\/#breadcrumb\"},\"inLanguage\":\"ca\",\"potentialAction\":[{\"@type\":\"ReadAction\",\"target\":[\"https:\/\/alojapro.com\/es\/modulos\/\"]}]},{\"@type\":\"ImageObject\",\"inLanguage\":\"ca\",\"@id\":\"https:\/\/alojapro.com\/es\/modulos\/#primaryimage\",\"url\":\"https:\/\/alojapro.com\/wp-content\/uploads\/2021\/11\/modul1.jpg\",\"contentUrl\":\"https:\/\/alojapro.com\/wp-content\/uploads\/2021\/11\/modul1.jpg\"},{\"@type\":\"BreadcrumbList\",\"@id\":\"https:\/\/alojapro.com\/es\/modulos\/#breadcrumb\",\"itemListElement\":[{\"@type\":\"ListItem\",\"position\":1,\"name\":\"Home\",\"item\":\"https:\/\/alojapro.com\/es\/\"},{\"@type\":\"ListItem\",\"position\":2,\"name\":\"M\u00f2duls per a ag\u00e8ncies i empreses de serveis\"}]},{\"@type\":\"WebSite\",\"@id\":\"https:\/\/alojapro.com\/es\/#website\",\"url\":\"https:\/\/alojapro.com\/es\/\",\"name\":\"Alojapro\",\"description\":\"Motor de reservas y soluciones para el sector tur\u00edstico\",\"publisher\":{\"@id\":\"https:\/\/alojapro.com\/es\/#organization\"},\"potentialAction\":[{\"@type\":\"SearchAction\",\"target\":{\"@type\":\"EntryPoint\",\"urlTemplate\":\"https:\/\/alojapro.com\/es\/?s={search_term_string}\"},\"query-input\":{\"@type\":\"PropertyValueSpecification\",\"valueRequired\":true,\"valueName\":\"search_term_string\"}}],\"inLanguage\":\"ca\"},{\"@type\":\"Organization\",\"@id\":\"https:\/\/alojapro.com\/es\/#organization\",\"name\":\"Alojapro\",\"alternateName\":\"Aloja\",\"url\":\"https:\/\/alojapro.com\/es\/\",\"logo\":{\"@type\":\"ImageObject\",\"inLanguage\":\"ca\",\"@id\":\"https:\/\/alojapro.com\/es\/#\/schema\/logo\/image\/\",\"url\":\"https:\/\/alojapro.com\/wp-content\/uploads\/2021\/12\/LOGO-ALOJAPRO-512x512-1.jpg\",\"contentUrl\":\"https:\/\/alojapro.com\/wp-content\/uploads\/2021\/12\/LOGO-ALOJAPRO-512x512-1.jpg\",\"width\":512,\"height\":512,\"caption\":\"Alojapro\"},\"image\":{\"@id\":\"https:\/\/alojapro.com\/es\/#\/schema\/logo\/image\/\"},\"sameAs\":[\"https:\/\/www.linkedin.com\/company\/alojapro\/\"]}]}<\/script>\n<!-- \/ Yoast SEO plugin. -->","yoast_head_json":{"title":"M\u00f2duls per a ag\u00e8ncies i empreses de serveis | Alojapro","description":"Coneix els m\u00f2duls del Sistema de Reserves per a Ag\u00e8ncies que t'ofereix Alojapro. Et presentem amb detall els seus diferents m\u00f2duls.","robots":{"index":"index","follow":"follow","max-snippet":"max-snippet:-1","max-image-preview":"max-image-preview:large","max-video-preview":"max-video-preview:-1"},"canonical":"https:\/\/alojapro.com\/es\/modulos\/","og_locale":"ca_ES","og_type":"article","og_title":"M\u00f2duls per a ag\u00e8ncies i empreses de serveis | Alojapro","og_description":"Coneix els m\u00f2duls del Sistema de Reserves per a Ag\u00e8ncies que t'ofereix Alojapro. Et presentem amb detall els seus diferents m\u00f2duls.","og_url":"https:\/\/alojapro.com\/es\/modulos\/","og_site_name":"Alojapro","article_modified_time":"2022-11-02T15:30:52+00:00","og_image":[{"url":"https:\/\/alojapro.com\/wp-content\/uploads\/2021\/11\/modul1.jpg","type":"","width":"","height":""}],"twitter_card":"summary_large_image","twitter_misc":{"Temps estimat de lectura":"3 minuts"},"schema":{"@context":"https:\/\/schema.org","@graph":[{"@type":"WebPage","@id":"https:\/\/alojapro.com\/es\/modulos\/","url":"https:\/\/alojapro.com\/es\/modulos\/","name":"M\u00f2duls per a ag\u00e8ncies i empreses de serveis | Alojapro","isPartOf":{"@id":"https:\/\/alojapro.com\/es\/#website"},"primaryImageOfPage":{"@id":"https:\/\/alojapro.com\/es\/modulos\/#primaryimage"},"image":{"@id":"https:\/\/alojapro.com\/es\/modulos\/#primaryimage"},"thumbnailUrl":"https:\/\/alojapro.com\/wp-content\/uploads\/2021\/11\/modul1.jpg","datePublished":"2021-01-18T10:11:46+00:00","dateModified":"2022-11-02T15:30:52+00:00","description":"Coneix els m\u00f2duls del Sistema de Reserves per a Ag\u00e8ncies que t'ofereix Alojapro. Et presentem amb detall els seus diferents m\u00f2duls.","breadcrumb":{"@id":"https:\/\/alojapro.com\/es\/modulos\/#breadcrumb"},"inLanguage":"ca","potentialAction":[{"@type":"ReadAction","target":["https:\/\/alojapro.com\/es\/modulos\/"]}]},{"@type":"ImageObject","inLanguage":"ca","@id":"https:\/\/alojapro.com\/es\/modulos\/#primaryimage","url":"https:\/\/alojapro.com\/wp-content\/uploads\/2021\/11\/modul1.jpg","contentUrl":"https:\/\/alojapro.com\/wp-content\/uploads\/2021\/11\/modul1.jpg"},{"@type":"BreadcrumbList","@id":"https:\/\/alojapro.com\/es\/modulos\/#breadcrumb","itemListElement":[{"@type":"ListItem","position":1,"name":"Home","item":"https:\/\/alojapro.com\/es\/"},{"@type":"ListItem","position":2,"name":"M\u00f2duls per a ag\u00e8ncies i empreses de serveis"}]},{"@type":"WebSite","@id":"https:\/\/alojapro.com\/es\/#website","url":"https:\/\/alojapro.com\/es\/","name":"Alojapro","description":"Motor de reservas y soluciones para el sector tur\u00edstico","publisher":{"@id":"https:\/\/alojapro.com\/es\/#organization"},"potentialAction":[{"@type":"SearchAction","target":{"@type":"EntryPoint","urlTemplate":"https:\/\/alojapro.com\/es\/?s={search_term_string}"},"query-input":{"@type":"PropertyValueSpecification","valueRequired":true,"valueName":"search_term_string"}}],"inLanguage":"ca"},{"@type":"Organization","@id":"https:\/\/alojapro.com\/es\/#organization","name":"Alojapro","alternateName":"Aloja","url":"https:\/\/alojapro.com\/es\/","logo":{"@type":"ImageObject","inLanguage":"ca","@id":"https:\/\/alojapro.com\/es\/#\/schema\/logo\/image\/","url":"https:\/\/alojapro.com\/wp-content\/uploads\/2021\/12\/LOGO-ALOJAPRO-512x512-1.jpg","contentUrl":"https:\/\/alojapro.com\/wp-content\/uploads\/2021\/12\/LOGO-ALOJAPRO-512x512-1.jpg","width":512,"height":512,"caption":"Alojapro"},"image":{"@id":"https:\/\/alojapro.com\/es\/#\/schema\/logo\/image\/"},"sameAs":["https:\/\/www.linkedin.com\/company\/alojapro\/"]}]}},"_links":{"self":[{"href":"https:\/\/alojapro.com\/ca\/wp-json\/wp\/v2\/pages\/9392","targetHints":{"allow":["GET"]}}],"collection":[{"href":"https:\/\/alojapro.com\/ca\/wp-json\/wp\/v2\/pages"}],"about":[{"href":"https:\/\/alojapro.com\/ca\/wp-json\/wp\/v2\/types\/page"}],"author":[{"embeddable":true,"href":"https:\/\/alojapro.com\/ca\/wp-json\/wp\/v2\/users\/6"}],"replies":[{"embeddable":true,"href":"https:\/\/alojapro.com\/ca\/wp-json\/wp\/v2\/comments?post=9392"}],"version-history":[{"count":0,"href":"https:\/\/alojapro.com\/ca\/wp-json\/wp\/v2\/pages\/9392\/revisions"}],"wp:attachment":[{"href":"https:\/\/alojapro.com\/ca\/wp-json\/wp\/v2\/media?parent=9392"}],"curies":[{"name":"wp","href":"https:\/\/api.w.org\/{rel}","templated":true}]}}