{"id":9407,"date":"2021-01-11T15:58:38","date_gmt":"2021-01-11T15:58:38","guid":{"rendered":"https:\/\/turipano360.eu\/alojapro.com\/politica-de-cookies\/"},"modified":"2023-01-05T15:33:14","modified_gmt":"2023-01-05T15:33:14","slug":"politica-de-cookies","status":"publish","type":"page","link":"https:\/\/alojapro.com\/ca\/politica-de-cookies\/","title":{"rendered":"Pol\u00edtica de Cookies"},"content":{"rendered":"\t\t<div data-elementor-type=\"wp-page\" data-elementor-id=\"9407\" class=\"elementor elementor-9407\" data-elementor-settings=\"[]\">\n\t\t\t\t\t\t<div class=\"elementor-inner\">\n\t\t\t\t\t\t\t<div class=\"elementor-section-wrap\">\n\t\t\t\t\t\t\t<section class=\"elementor-section elementor-top-section elementor-element elementor-element-6e3f6bb elementor-section-boxed elementor-section-height-default elementor-section-height-default\" data-id=\"6e3f6bb\" data-element_type=\"section\">\n\t\t\t\t\t\t<div class=\"elementor-container elementor-column-gap-default\">\n\t\t\t\t\t\t\t<div class=\"elementor-row\">\n\t\t\t\t\t<div class=\"elementor-column elementor-col-100 elementor-top-column elementor-element elementor-element-15bc6c9\" data-id=\"15bc6c9\" data-element_type=\"column\">\n\t\t\t<div class=\"elementor-column-wrap elementor-element-populated\">\n\t\t\t\t\t\t\t<div class=\"elementor-widget-wrap\">\n\t\t\t\t\t\t<div class=\"elementor-element elementor-element-6bf8422 elementor-widget elementor-widget-text-editor\" data-id=\"6bf8422\" data-element_type=\"widget\" data-widget_type=\"text-editor.default\">\n\t\t\t\t<div class=\"elementor-widget-container\">\n\t\t\t\t\t\t\t\t<div class=\"elementor-text-editor elementor-clearfix\">\n\t\t\t\t<p>En compliment amb el que es disposa en l\u2019article 22.2 de la Llei 34\/2002, d\u201911 de juliol, de Serveis de la Societat de la Informaci\u00f3 i de Comer\u00e7 Electr\u00f2nic, aquesta p\u00e0gina web l\u2019informa, en aquesta secci\u00f3, sobre la pol\u00edtica de recollida i tractament de cookies.<\/p><p><strong>QU\u00c8 S\u00d3N LES COOKIES?<\/strong><\/p><p>Una cookie \u00e9s un fitxer que es descarrega en el seu ordinador en accedir a determinades p\u00e0gines web. Les cookies permeten a una p\u00e0gina web, entre altres coses, emmagatzemar i recuperar informaci\u00f3 sobre els h\u00e0bits de navegaci\u00f3 d\u2019un usuari o del seu equip i, depenent de la informaci\u00f3 que continguin i de la forma en qu\u00e8 utilitzi el seu equip, poden utilitzar-se per a recon\u00e8ixer a l\u2019usuari.<\/p><p><strong>QUINS TIPUS DE COOKIES UTILITZA AQUESTA P\u00c0GINA WEB?<\/strong><\/p><p>Aquesta p\u00e0gina web utilitza els seg\u00fcents tipus de cookies:<\/p><p><strong>Cookies d\u2019an\u00e0lisis<\/strong>: S\u00f3n aquelles que ben tractades per nosaltres o per tercers, ens permeten quantificar el nombre d\u2019usuaris i aix\u00ed realitzar el mesurament i an\u00e0lisi estad\u00edstic de la utilitzaci\u00f3 que fan els usuaris del servei ofert. Per a aix\u00f2 s\u2019analitza la seva navegaci\u00f3 en la nostra p\u00e0gina web amb la finalitat de millorar l\u2019oferta de productes o serveis que li oferim.<\/p><p><strong>Cookies t\u00e8cniques<\/strong>: S\u00f3n aquelles que permeten a l\u2019usuari la navegaci\u00f3 a trav\u00e9s de l\u2019\u00e0rea restringida i la utilitzaci\u00f3 de les seves diferents funcions, com per exemple, portar a terme el proc\u00e9s de compra d\u2019un article.<\/p><p><strong>Cookies de personalitzaci\u00f3<\/strong>: S\u00f3n aquelles que permeten a l\u2019usuari accedir al servei amb algunes caracter\u00edstiques de car\u00e0cter general predefinides en funci\u00f3 d\u2019una s\u00e8rie de criteris en el terminal de l\u2019usuari com per exemple serien l\u2019idioma o el tipus de navegador a trav\u00e9s del qual es connecta al servei.<\/p><p><strong>Cookies publicit\u00e0ries<\/strong>: S\u00f3n aquelles que, ben tractades per aquesta web o per tercers, permeten gestionar de la forma m\u00e9s efica\u00e7 possible l\u2019oferta dels espais publicitaris que hi ha en la p\u00e0gina web, adequant el contingut de l\u2019anunci al contingut del servei sol\u00b7licitat o a l\u2019\u00fas que realitzi de la nostra p\u00e0gina web. Per a aix\u00f2 podem analitzar els seus h\u00e0bits de navegaci\u00f3 a Internet i podem mostrar-li publicitat relacionada amb el seu perfil de navegaci\u00f3.<\/p><p><strong>Cookies de Tercers<\/strong>: Aquesta p\u00e0gina web utilitza serveis de tercers per a recopilar informaci\u00f3 amb finalitats estad\u00edstiques i d\u2019\u00fas de la web. En concret, utilitzem els serveis de Google Analytics per a les nostres estad\u00edstiques i publicitat. Algunes cookies s\u00f3n essencials per al funcionament del lloc, per exemple el cercador incorporat.<\/p><p>El nostre lloc inclou altres funcionalitats proporcionades per tercers. Vost\u00e8 pot f\u00e0cilment compartir el contingut en xarxes socials com Facebook o Twitter, amb els botons que hem incl\u00f2s a aquest efecte.<\/p><p><strong>DESACTIVAR LES COOKIES.<\/strong><\/p><p>Pot vost\u00e8 permetre, bloquejar o eliminar les cookies instal\u00b7lades en el seu equip mitjan\u00e7ant la configuraci\u00f3 de les opcions del navegador instal\u00b7lat en el seu ordinador.<br \/>En la majoria dels navegadors web s\u2019ofereix la possibilitat de permetre, bloquejar o eliminar les cookies instal\u00b7lades en el seu equip.<br \/>A continuaci\u00f3 pot accedir a la configuraci\u00f3 dels navegadors webs m\u00e9s<br \/>freq\u00fcents per a acceptar, instal\u00b7lar o desactivar les cookies:<br \/>Configurar cookies en Google Chrome: <a href=\"http:\/\/support.google.com\/chrome\/answer\/95647?hl=es\" target=\"_blank\" rel=\"noopener\">http:\/\/support.google.com\/chrome\/answer\/95647?hl=es<\/a><br \/>Configurar cookies en Microsoft Internet Explorer: <a href=\"http:\/\/windows.microsoft.com\/es-xl\/internet-explorer\/delete-manage-\" target=\"_blank\" rel=\"noopener\">http:\/\/windows.microsoft.com\/es-xl\/internet-explorer\/delete-manage-<\/a><br \/>Configurar cookies en Mozilla Firefox: <a href=\"https:\/\/support.mozilla.org\/es\/kb\/deshabilitar%*20cookies%*20de%*20terceros\" target=\"_blank\" rel=\"noopener\">https:\/\/support.mozilla.org\/es\/kb\/deshabilitar%*20cookies%*20de%*20terceros<\/a><br \/>Configurar cookies en Safari (Apple): <a href=\"http:\/\/support.apple.com\/kb\/ph5042\" target=\"_blank\" rel=\"noopener\">http:\/\/support.apple.com\/kb\/ph5042<\/a><br \/>Configurar cookies en Opera: <a href=\"http:\/\/help.opera.com\/windows\/11.50\/es-es\/cookies.html\" target=\"_blank\" rel=\"noopener\">http:\/\/help.opera.com\/windows\/11.50\/es-es\/cookies.html<\/a><\/p><p><strong>ADVERTIMENT SOBRE ELIMINAR COOKIES.<\/strong><\/p><p>Vost\u00e8 pot eliminar i bloquejar totes les cookies d\u2019aquest lloc, per\u00f2 part del lloc no funcionar\u00e0 o la qualitat de la p\u00e0gina web pot veure\u2019s afectada.<br \/>Si t\u00e9 qualsevol dubte sobre la nostra pol\u00edtica de cookies, pot contactar amb aquesta p\u00e0gina web a trav\u00e9s dels nostres canals de contacte<\/p>\t\t\t\t\t<\/div>\n\t\t\t\t\t\t<\/div>\n\t\t\t\t<\/div>\n\t\t\t\t\t\t<\/div>\n\t\t\t\t\t<\/div>\n\t\t<\/div>\n\t\t\t\t\t\t\t\t<\/div>\n\t\t\t\t\t<\/div>\n\t\t<\/section>\n\t\t\t\t<section class=\"elementor-section elementor-top-section elementor-element elementor-element-de120b7 elementor-section-boxed elementor-section-height-default elementor-section-height-default\" data-id=\"de120b7\" data-element_type=\"section\">\n\t\t\t\t\t\t<div class=\"elementor-container elementor-column-gap-default\">\n\t\t\t\t\t\t\t<div class=\"elementor-row\">\n\t\t\t\t\t<div class=\"elementor-column elementor-col-100 elementor-top-column elementor-element elementor-element-99246fa\" data-id=\"99246fa\" data-element_type=\"column\">\n\t\t\t<div class=\"elementor-column-wrap elementor-element-populated\">\n\t\t\t\t\t\t\t<div class=\"elementor-widget-wrap\">\n\t\t\t\t\t\t<div class=\"elementor-element elementor-element-5c400a3 elementor-widget elementor-widget-html\" data-id=\"5c400a3\" data-element_type=\"widget\" data-widget_type=\"html.default\">\n\t\t\t\t<div class=\"elementor-widget-container\">\n\t\t\t<meta name=\"robots\" content=\"noindex\">\t\t<\/div>\n\t\t\t\t<\/div>\n\t\t\t\t\t\t<\/div>\n\t\t\t\t\t<\/div>\n\t\t<\/div>\n\t\t\t\t\t\t\t\t<\/div>\n\t\t\t\t\t<\/div>\n\t\t<\/section>\n\t\t\t\t\t\t<\/div>\n\t\t\t\t\t\t<\/div>\n\t\t\t\t\t<\/div>\n\t\t","protected":false},"excerpt":{"rendered":"<p>En compliment amb el que es disposa en l\u2019article 22.2 de la Llei 34\/2002, d\u201911 de juliol, de Serveis de la Societat de la Informaci\u00f3 i de Comer\u00e7 Electr\u00f2nic, aquesta p\u00e0gina web l\u2019informa, en aquesta secci\u00f3, sobre la pol\u00edtica de recollida i tractament de cookies. QU\u00c8 S\u00d3N LES COOKIES? Una cookie \u00e9s un fitxer que [&hellip;]<\/p>\n","protected":false},"author":6,"featured_media":0,"parent":0,"menu_order":0,"comment_status":"closed","ping_status":"closed","template":"","meta":{"footnotes":""},"class_list":["post-9407","page","type-page","status-publish","hentry","no-post-thumbnail"],"yoast_head":"<!-- This site is optimized with the Yoast SEO plugin v26.6 - https:\/\/yoast.com\/wordpress\/plugins\/seo\/ -->\n<title>Pol\u00edtica de Cookies | Alojapro<\/title>\n<meta name=\"robots\" content=\"noindex, nofollow\" \/>\n<meta property=\"og:locale\" content=\"ca_ES\" \/>\n<meta property=\"og:type\" content=\"article\" \/>\n<meta property=\"og:title\" content=\"Pol\u00edtica de Cookies | Alojapro\" \/>\n<meta property=\"og:description\" content=\"En compliment amb el que es disposa en l\u2019article 22.2 de la Llei 34\/2002, d\u201911 de juliol, de Serveis de la Societat de la Informaci\u00f3 i de Comer\u00e7 Electr\u00f2nic, aquesta p\u00e0gina web l\u2019informa, en aquesta secci\u00f3, sobre la pol\u00edtica de recollida i tractament de cookies. QU\u00c8 S\u00d3N LES COOKIES? Una cookie \u00e9s un fitxer que [&hellip;]\" \/>\n<meta property=\"og:url\" content=\"https:\/\/alojapro.com\/es\/politica-de-cookies\/\" \/>\n<meta property=\"og:site_name\" content=\"Alojapro\" \/>\n<meta property=\"article:modified_time\" content=\"2023-01-05T15:33:14+00:00\" \/>\n<meta name=\"twitter:card\" content=\"summary_large_image\" \/>\n<meta name=\"twitter:label1\" content=\"Temps estimat de lectura\" \/>\n\t<meta name=\"twitter:data1\" content=\"3 minuts\" \/>\n<script type=\"application\/ld+json\" class=\"yoast-schema-graph\">{\"@context\":\"https:\/\/schema.org\",\"@graph\":[{\"@type\":\"WebPage\",\"@id\":\"https:\/\/alojapro.com\/es\/politica-de-cookies\/\",\"url\":\"https:\/\/alojapro.com\/es\/politica-de-cookies\/\",\"name\":\"Pol\u00edtica de Cookies | Alojapro\",\"isPartOf\":{\"@id\":\"https:\/\/alojapro.com\/es\/#website\"},\"datePublished\":\"2021-01-11T15:58:38+00:00\",\"dateModified\":\"2023-01-05T15:33:14+00:00\",\"breadcrumb\":{\"@id\":\"https:\/\/alojapro.com\/es\/politica-de-cookies\/#breadcrumb\"},\"inLanguage\":\"ca\",\"potentialAction\":[{\"@type\":\"ReadAction\",\"target\":[\"https:\/\/alojapro.com\/es\/politica-de-cookies\/\"]}]},{\"@type\":\"BreadcrumbList\",\"@id\":\"https:\/\/alojapro.com\/es\/politica-de-cookies\/#breadcrumb\",\"itemListElement\":[{\"@type\":\"ListItem\",\"position\":1,\"name\":\"Home\",\"item\":\"https:\/\/alojapro.com\/es\/\"},{\"@type\":\"ListItem\",\"position\":2,\"name\":\"Pol\u00edtica de Cookies\"}]},{\"@type\":\"WebSite\",\"@id\":\"https:\/\/alojapro.com\/es\/#website\",\"url\":\"https:\/\/alojapro.com\/es\/\",\"name\":\"Alojapro\",\"description\":\"Motor de reservas y soluciones para el sector tur\u00edstico\",\"publisher\":{\"@id\":\"https:\/\/alojapro.com\/es\/#organization\"},\"potentialAction\":[{\"@type\":\"SearchAction\",\"target\":{\"@type\":\"EntryPoint\",\"urlTemplate\":\"https:\/\/alojapro.com\/es\/?s={search_term_string}\"},\"query-input\":{\"@type\":\"PropertyValueSpecification\",\"valueRequired\":true,\"valueName\":\"search_term_string\"}}],\"inLanguage\":\"ca\"},{\"@type\":\"Organization\",\"@id\":\"https:\/\/alojapro.com\/es\/#organization\",\"name\":\"Alojapro\",\"alternateName\":\"Aloja\",\"url\":\"https:\/\/alojapro.com\/es\/\",\"logo\":{\"@type\":\"ImageObject\",\"inLanguage\":\"ca\",\"@id\":\"https:\/\/alojapro.com\/es\/#\/schema\/logo\/image\/\",\"url\":\"https:\/\/alojapro.com\/wp-content\/uploads\/2021\/12\/LOGO-ALOJAPRO-512x512-1.jpg\",\"contentUrl\":\"https:\/\/alojapro.com\/wp-content\/uploads\/2021\/12\/LOGO-ALOJAPRO-512x512-1.jpg\",\"width\":512,\"height\":512,\"caption\":\"Alojapro\"},\"image\":{\"@id\":\"https:\/\/alojapro.com\/es\/#\/schema\/logo\/image\/\"},\"sameAs\":[\"https:\/\/www.linkedin.com\/company\/alojapro\/\"]}]}<\/script>\n<!-- \/ Yoast SEO plugin. -->","yoast_head_json":{"title":"Pol\u00edtica de Cookies | Alojapro","robots":{"index":"noindex","follow":"nofollow"},"og_locale":"ca_ES","og_type":"article","og_title":"Pol\u00edtica de Cookies | Alojapro","og_description":"En compliment amb el que es disposa en l\u2019article 22.2 de la Llei 34\/2002, d\u201911 de juliol, de Serveis de la Societat de la Informaci\u00f3 i de Comer\u00e7 Electr\u00f2nic, aquesta p\u00e0gina web l\u2019informa, en aquesta secci\u00f3, sobre la pol\u00edtica de recollida i tractament de cookies. QU\u00c8 S\u00d3N LES COOKIES? Una cookie \u00e9s un fitxer que [&hellip;]","og_url":"https:\/\/alojapro.com\/es\/politica-de-cookies\/","og_site_name":"Alojapro","article_modified_time":"2023-01-05T15:33:14+00:00","twitter_card":"summary_large_image","twitter_misc":{"Temps estimat de lectura":"3 minuts"},"schema":{"@context":"https:\/\/schema.org","@graph":[{"@type":"WebPage","@id":"https:\/\/alojapro.com\/es\/politica-de-cookies\/","url":"https:\/\/alojapro.com\/es\/politica-de-cookies\/","name":"Pol\u00edtica de Cookies | Alojapro","isPartOf":{"@id":"https:\/\/alojapro.com\/es\/#website"},"datePublished":"2021-01-11T15:58:38+00:00","dateModified":"2023-01-05T15:33:14+00:00","breadcrumb":{"@id":"https:\/\/alojapro.com\/es\/politica-de-cookies\/#breadcrumb"},"inLanguage":"ca","potentialAction":[{"@type":"ReadAction","target":["https:\/\/alojapro.com\/es\/politica-de-cookies\/"]}]},{"@type":"BreadcrumbList","@id":"https:\/\/alojapro.com\/es\/politica-de-cookies\/#breadcrumb","itemListElement":[{"@type":"ListItem","position":1,"name":"Home","item":"https:\/\/alojapro.com\/es\/"},{"@type":"ListItem","position":2,"name":"Pol\u00edtica de Cookies"}]},{"@type":"WebSite","@id":"https:\/\/alojapro.com\/es\/#website","url":"https:\/\/alojapro.com\/es\/","name":"Alojapro","description":"Motor de reservas y soluciones para el sector tur\u00edstico","publisher":{"@id":"https:\/\/alojapro.com\/es\/#organization"},"potentialAction":[{"@type":"SearchAction","target":{"@type":"EntryPoint","urlTemplate":"https:\/\/alojapro.com\/es\/?s={search_term_string}"},"query-input":{"@type":"PropertyValueSpecification","valueRequired":true,"valueName":"search_term_string"}}],"inLanguage":"ca"},{"@type":"Organization","@id":"https:\/\/alojapro.com\/es\/#organization","name":"Alojapro","alternateName":"Aloja","url":"https:\/\/alojapro.com\/es\/","logo":{"@type":"ImageObject","inLanguage":"ca","@id":"https:\/\/alojapro.com\/es\/#\/schema\/logo\/image\/","url":"https:\/\/alojapro.com\/wp-content\/uploads\/2021\/12\/LOGO-ALOJAPRO-512x512-1.jpg","contentUrl":"https:\/\/alojapro.com\/wp-content\/uploads\/2021\/12\/LOGO-ALOJAPRO-512x512-1.jpg","width":512,"height":512,"caption":"Alojapro"},"image":{"@id":"https:\/\/alojapro.com\/es\/#\/schema\/logo\/image\/"},"sameAs":["https:\/\/www.linkedin.com\/company\/alojapro\/"]}]}},"_links":{"self":[{"href":"https:\/\/alojapro.com\/ca\/wp-json\/wp\/v2\/pages\/9407","targetHints":{"allow":["GET"]}}],"collection":[{"href":"https:\/\/alojapro.com\/ca\/wp-json\/wp\/v2\/pages"}],"about":[{"href":"https:\/\/alojapro.com\/ca\/wp-json\/wp\/v2\/types\/page"}],"author":[{"embeddable":true,"href":"https:\/\/alojapro.com\/ca\/wp-json\/wp\/v2\/users\/6"}],"replies":[{"embeddable":true,"href":"https:\/\/alojapro.com\/ca\/wp-json\/wp\/v2\/comments?post=9407"}],"version-history":[{"count":0,"href":"https:\/\/alojapro.com\/ca\/wp-json\/wp\/v2\/pages\/9407\/revisions"}],"wp:attachment":[{"href":"https:\/\/alojapro.com\/ca\/wp-json\/wp\/v2\/media?parent=9407"}],"curies":[{"name":"wp","href":"https:\/\/api.w.org\/{rel}","templated":true}]}}