{"id":9422,"date":"2021-01-11T16:20:16","date_gmt":"2021-01-11T16:20:16","guid":{"rendered":"https:\/\/turipano360.eu\/alojapro.com\/politica-de-privacidad\/"},"modified":"2023-01-05T15:38:03","modified_gmt":"2023-01-05T15:38:03","slug":"politica-de-privacitat","status":"publish","type":"page","link":"https:\/\/alojapro.com\/ca\/politica-de-privacitat\/","title":{"rendered":"Pol\u00edtica de privacitat"},"content":{"rendered":"\t\t<div data-elementor-type=\"wp-page\" data-elementor-id=\"9422\" class=\"elementor elementor-9422\" data-elementor-settings=\"[]\">\n\t\t\t\t\t\t<div class=\"elementor-inner\">\n\t\t\t\t\t\t\t<div class=\"elementor-section-wrap\">\n\t\t\t\t\t\t\t<section class=\"elementor-section elementor-top-section elementor-element elementor-element-7858641 elementor-section-boxed elementor-section-height-default elementor-section-height-default\" data-id=\"7858641\" data-element_type=\"section\">\n\t\t\t\t\t\t<div class=\"elementor-container elementor-column-gap-default\">\n\t\t\t\t\t\t\t<div class=\"elementor-row\">\n\t\t\t\t\t<div class=\"elementor-column elementor-col-100 elementor-top-column elementor-element elementor-element-04fb2a4\" data-id=\"04fb2a4\" data-element_type=\"column\">\n\t\t\t<div class=\"elementor-column-wrap elementor-element-populated\">\n\t\t\t\t\t\t\t<div class=\"elementor-widget-wrap\">\n\t\t\t\t\t\t<div class=\"elementor-element elementor-element-ad44cfa elementor-widget elementor-widget-text-editor\" data-id=\"ad44cfa\" data-element_type=\"widget\" data-widget_type=\"text-editor.default\">\n\t\t\t\t<div class=\"elementor-widget-container\">\n\t\t\t\t\t\t\t\t<div class=\"elementor-text-editor elementor-clearfix\">\n\t\t\t\t<p>PLATJA D&#8217;ARNAFONA, SL est\u00e0 especialment sensibilitzada en la protecci\u00f3 de dades de car\u00e0cter personal dels Usuaris dels serveis de la p\u00e0gina web. Mitjan\u00e7ant la present Pol\u00edtica de Privacitat (en endavant, la Pol\u00edtica) PLATJA D&#8217;ARNAFONA, SL, informa als USUARIS d&#8217;aquest lloc web, dels usos a qu\u00e8 es sotmeten les dades de car\u00e0cter personal que es recapten al lloc web, amb la finalitat que decideixin, lliure i volunt\u00e0riament, si desitgen facilitar la informaci\u00f3 sol\u00b7licitada.<\/p><p>PLATJA D&#8217;ARNAFONA, SL es reserva la facultat de modificar aquesta Pol\u00edtica amb l&#8217;objecte d&#8217;adaptar-la a novetats legislatives, criteris jurisprudencials, pr\u00e0ctiques de el sector, o interessos de l&#8217;entitat. Qualsevol modificaci\u00f3 en la mateixa ser\u00e0 anunciada amb la deguda antelaci\u00f3, a fi que tingui perfecte coneixement del seu contingut.<\/p><p><strong>RESPONSABLE<\/strong><\/p><p>El responsable del Tractament de les dades de car\u00e0cter personal \u00e9s:<\/p><p>Identitat: PLATJA D&#8217;ARNAFONA, SL amb CIF\/NIF: B64230741, d&#8217;ara endavant ENTITAT<\/p><p>Direcci\u00f3: Carrer Turisme, 42 &#8211; 08370 Calella (Barcelona)<\/p><p>Correu electr\u00f2nic: info@alojapro.com<\/p><p><strong>FINALITAT DEL TRACTAMENT<\/strong><\/p><p>La recollida i tractament de les dades personals recollides mitjan\u00e7ant el formulari de contacte, t\u00e9 com a finalitat la gesti\u00f3, administraci\u00f3, prestaci\u00f3, ampliaci\u00f3 i millora dels serveis prestats per PLATJA D&#8217;ARNAFONA, SL, atenent les sol\u00b7licituds d&#8217;informaci\u00f3 i\/o consultes plantejades.<\/p><p><strong>TERMINI DE CONSERVACI\u00d3<\/strong><\/p><p>Les dades personals proporcionades es conservaran durant el termini corresponent per complir amb les obligacions legals, o fins que se sol\u00b7liciti la seva supressi\u00f3 per l&#8217;interessat i aquest estigui legitimat per a aix\u00f2.<\/p><p><strong>LEGITIMACI\u00d3<\/strong><\/p><p>PLATJA D&#8217;ARNAFONA, SL est\u00e0 legitimat a el tractament de dades personals, basant-se el consentiment atorgat per l&#8217;interessat per un o diversos fins espec\u00edfics, tal com recull l&#8217;article 6.1.a) de l&#8217;Reglament General de Protecci\u00f3 de dades personals.<\/p><p><strong>DESTINATARIS<\/strong><\/p><p>Les dades personals recollides no seran cedides o comunicades a altres tercers, excepte en els sup\u00f2sits necessaris per al desenvolupament, control i compliment de la\/les finalitat\/s expressada\/s, en els sup\u00f2sits previstos segons Llei, aix\u00ed com en els casos espec\u00edfics, dels que s&#8217;informi expressament a l&#8217;Usuari.<\/p><p><strong>DRETS DELS USUARIS:<\/strong> Quins s\u00f3n els seus drets quan ens facilita les seves dades?<\/p><p>Acc\u00e9s: L&#8217;interessat t\u00e9 dret a saber quines dades est\u00e0 tractant l&#8217;ENTITAT sobre ell.<br \/>Rectificaci\u00f3: L&#8217;interessat t\u00e9 dret a sol\u00b7licitar la rectificaci\u00f3 de les dades inexactes.<br \/>Supressi\u00f3: L&#8217;interessat t\u00e9 dret a sol\u00b7licitar la supressi\u00f3 de les seves dades quan, entre altres motius, les dades no siguin necessaris per als fins que van ser recollides.<br \/>Limitaci\u00f3 de l&#8217;tractament: En determinades circumst\u00e0ncies l&#8217;interessat podr\u00e0 sol\u00b7licitar la limitaci\u00f3 del tractament de les seves dades, en aquest cas \u00fanicament els conservarem per a l&#8217;exercici o la defensa de reclamacions.<br \/>Oposici\u00f3: En determinades circumst\u00e0ncies l&#8217;interessat podr\u00e0 oposar-se a el tractament de les seves dades. En aquest cas l&#8217;ENTITAT deixar\u00e0 de tractar les seves dades, excepte per motius leg\u00edtims imperiosos o l&#8217;exercici o la defensa de possibles reclamacions.<br \/>Portabilitat de les dades: Nom\u00e9s aplicable a dades automatitzades i consisteix en passar les dades des de la ENTITAT a un altre nou RESPONSABLE DEL TRACTAMENT (no a l&#8217;interessat i per sol\u00b7licitud de la mateixa).<\/p><p>Pot vost\u00e8 exercir els seus drets incl\u00f2s el dret a retirar el seu consentiment (si aquest va ser atorgat) enviant un escrit acompanyat del seu DNI a PLATJA D&#8217;ARNAFONA, SL en Carrer Turisme, 42 &#8211; 08370 Calella (Barcelona) o enviant un correu electr\u00f2nic a info@alojapro.com<\/p><p>A m\u00e9s t\u00e9 vost\u00e8 dret a presentar una reclamaci\u00f3 davant l&#8217;Autoritat de Control en mat\u00e8ria de protecci\u00f3 de dades, actualment l&#8217;Ag\u00e8ncia Espanyola de Protecci\u00f3 de Dades.<\/p><p><strong>MESURES DE SEGURETAT<\/strong><\/p><p>El responsable del tractament PLATJA D&#8217;ARNAFONA, SL aplicar\u00e0 mesures t\u00e8cniques i organitzatives apropiades per garantir un nivell de seguretat adequat a el risc d&#8217;ell mateix.<\/p><p><strong>TRANSFER\u00c8NCIES INTERNACIONALS<\/strong><\/p><p>No es realitzen transfer\u00e8ncies internacionals.<\/p><p><strong>PERFILS I PRESES DE DECISIONS AUTOMATITZADES<\/strong><\/p><p>No s&#8217;elaboren perfils, no es prenen decisions automatitzades amb les dades facilitades per l&#8217;usuari.<\/p>\t\t\t\t\t<\/div>\n\t\t\t\t\t\t<\/div>\n\t\t\t\t<\/div>\n\t\t\t\t\t\t<\/div>\n\t\t\t\t\t<\/div>\n\t\t<\/div>\n\t\t\t\t\t\t\t\t<\/div>\n\t\t\t\t\t<\/div>\n\t\t<\/section>\n\t\t\t\t<section class=\"elementor-section elementor-top-section elementor-element elementor-element-ce1b0cc elementor-section-boxed elementor-section-height-default elementor-section-height-default\" data-id=\"ce1b0cc\" data-element_type=\"section\">\n\t\t\t\t\t\t<div class=\"elementor-container elementor-column-gap-default\">\n\t\t\t\t\t\t\t<div class=\"elementor-row\">\n\t\t\t\t\t<div class=\"elementor-column elementor-col-100 elementor-top-column elementor-element elementor-element-8f4b753\" data-id=\"8f4b753\" data-element_type=\"column\">\n\t\t\t<div class=\"elementor-column-wrap elementor-element-populated\">\n\t\t\t\t\t\t\t<div class=\"elementor-widget-wrap\">\n\t\t\t\t\t\t<div class=\"elementor-element elementor-element-34550ee elementor-widget elementor-widget-html\" data-id=\"34550ee\" data-element_type=\"widget\" data-widget_type=\"html.default\">\n\t\t\t\t<div class=\"elementor-widget-container\">\n\t\t\t<meta name=\"robots\" content=\"noindex\">\t\t<\/div>\n\t\t\t\t<\/div>\n\t\t\t\t\t\t<\/div>\n\t\t\t\t\t<\/div>\n\t\t<\/div>\n\t\t\t\t\t\t\t\t<\/div>\n\t\t\t\t\t<\/div>\n\t\t<\/section>\n\t\t\t\t\t\t<\/div>\n\t\t\t\t\t\t<\/div>\n\t\t\t\t\t<\/div>\n\t\t","protected":false},"excerpt":{"rendered":"<p>PLATJA D&#8217;ARNAFONA, SL est\u00e0 especialment sensibilitzada en la protecci\u00f3 de dades de car\u00e0cter personal dels Usuaris dels serveis de la p\u00e0gina web. Mitjan\u00e7ant la present Pol\u00edtica de Privacitat (en endavant, la Pol\u00edtica) PLATJA D&#8217;ARNAFONA, SL, informa als USUARIS d&#8217;aquest lloc web, dels usos a qu\u00e8 es sotmeten les dades de car\u00e0cter personal que es recapten [&hellip;]<\/p>\n","protected":false},"author":6,"featured_media":0,"parent":0,"menu_order":0,"comment_status":"closed","ping_status":"closed","template":"","meta":{"footnotes":""},"class_list":["post-9422","page","type-page","status-publish","hentry","no-post-thumbnail"],"yoast_head":"<!-- This site is optimized with the Yoast SEO plugin v26.6 - https:\/\/yoast.com\/wordpress\/plugins\/seo\/ -->\n<title>Pol\u00edtica de privacitat | Alojapro<\/title>\n<meta name=\"robots\" content=\"index, follow, max-snippet:-1, max-image-preview:large, max-video-preview:-1\" \/>\n<link rel=\"canonical\" href=\"https:\/\/alojapro.com\/es\/politica-de-privacidad\/\" \/>\n<meta property=\"og:locale\" content=\"ca_ES\" \/>\n<meta property=\"og:type\" content=\"article\" \/>\n<meta property=\"og:title\" content=\"Pol\u00edtica de privacitat | Alojapro\" \/>\n<meta property=\"og:description\" content=\"PLATJA D&#8217;ARNAFONA, SL est\u00e0 especialment sensibilitzada en la protecci\u00f3 de dades de car\u00e0cter personal dels Usuaris dels serveis de la p\u00e0gina web. Mitjan\u00e7ant la present Pol\u00edtica de Privacitat (en endavant, la Pol\u00edtica) PLATJA D&#8217;ARNAFONA, SL, informa als USUARIS d&#8217;aquest lloc web, dels usos a qu\u00e8 es sotmeten les dades de car\u00e0cter personal que es recapten [&hellip;]\" \/>\n<meta property=\"og:url\" content=\"https:\/\/alojapro.com\/es\/politica-de-privacidad\/\" \/>\n<meta property=\"og:site_name\" content=\"Alojapro\" \/>\n<meta property=\"article:modified_time\" content=\"2023-01-05T15:38:03+00:00\" \/>\n<meta name=\"twitter:card\" content=\"summary_large_image\" \/>\n<meta name=\"twitter:label1\" content=\"Temps estimat de lectura\" \/>\n\t<meta name=\"twitter:data1\" content=\"3 minuts\" \/>\n<script type=\"application\/ld+json\" class=\"yoast-schema-graph\">{\"@context\":\"https:\/\/schema.org\",\"@graph\":[{\"@type\":\"WebPage\",\"@id\":\"https:\/\/alojapro.com\/es\/politica-de-privacidad\/\",\"url\":\"https:\/\/alojapro.com\/es\/politica-de-privacidad\/\",\"name\":\"Pol\u00edtica de privacitat | Alojapro\",\"isPartOf\":{\"@id\":\"https:\/\/alojapro.com\/es\/#website\"},\"datePublished\":\"2021-01-11T16:20:16+00:00\",\"dateModified\":\"2023-01-05T15:38:03+00:00\",\"breadcrumb\":{\"@id\":\"https:\/\/alojapro.com\/es\/politica-de-privacidad\/#breadcrumb\"},\"inLanguage\":\"ca\",\"potentialAction\":[{\"@type\":\"ReadAction\",\"target\":[\"https:\/\/alojapro.com\/es\/politica-de-privacidad\/\"]}]},{\"@type\":\"BreadcrumbList\",\"@id\":\"https:\/\/alojapro.com\/es\/politica-de-privacidad\/#breadcrumb\",\"itemListElement\":[{\"@type\":\"ListItem\",\"position\":1,\"name\":\"Home\",\"item\":\"https:\/\/alojapro.com\/es\/\"},{\"@type\":\"ListItem\",\"position\":2,\"name\":\"Pol\u00edtica de privacitat\"}]},{\"@type\":\"WebSite\",\"@id\":\"https:\/\/alojapro.com\/es\/#website\",\"url\":\"https:\/\/alojapro.com\/es\/\",\"name\":\"Alojapro\",\"description\":\"Motor de reservas y soluciones para el sector tur\u00edstico\",\"publisher\":{\"@id\":\"https:\/\/alojapro.com\/es\/#organization\"},\"potentialAction\":[{\"@type\":\"SearchAction\",\"target\":{\"@type\":\"EntryPoint\",\"urlTemplate\":\"https:\/\/alojapro.com\/es\/?s={search_term_string}\"},\"query-input\":{\"@type\":\"PropertyValueSpecification\",\"valueRequired\":true,\"valueName\":\"search_term_string\"}}],\"inLanguage\":\"ca\"},{\"@type\":\"Organization\",\"@id\":\"https:\/\/alojapro.com\/es\/#organization\",\"name\":\"Alojapro\",\"alternateName\":\"Aloja\",\"url\":\"https:\/\/alojapro.com\/es\/\",\"logo\":{\"@type\":\"ImageObject\",\"inLanguage\":\"ca\",\"@id\":\"https:\/\/alojapro.com\/es\/#\/schema\/logo\/image\/\",\"url\":\"https:\/\/alojapro.com\/wp-content\/uploads\/2021\/12\/LOGO-ALOJAPRO-512x512-1.jpg\",\"contentUrl\":\"https:\/\/alojapro.com\/wp-content\/uploads\/2021\/12\/LOGO-ALOJAPRO-512x512-1.jpg\",\"width\":512,\"height\":512,\"caption\":\"Alojapro\"},\"image\":{\"@id\":\"https:\/\/alojapro.com\/es\/#\/schema\/logo\/image\/\"},\"sameAs\":[\"https:\/\/www.linkedin.com\/company\/alojapro\/\"]}]}<\/script>\n<!-- \/ Yoast SEO plugin. -->","yoast_head_json":{"title":"Pol\u00edtica de privacitat | Alojapro","robots":{"index":"index","follow":"follow","max-snippet":"max-snippet:-1","max-image-preview":"max-image-preview:large","max-video-preview":"max-video-preview:-1"},"canonical":"https:\/\/alojapro.com\/es\/politica-de-privacidad\/","og_locale":"ca_ES","og_type":"article","og_title":"Pol\u00edtica de privacitat | Alojapro","og_description":"PLATJA D&#8217;ARNAFONA, SL est\u00e0 especialment sensibilitzada en la protecci\u00f3 de dades de car\u00e0cter personal dels Usuaris dels serveis de la p\u00e0gina web. Mitjan\u00e7ant la present Pol\u00edtica de Privacitat (en endavant, la Pol\u00edtica) PLATJA D&#8217;ARNAFONA, SL, informa als USUARIS d&#8217;aquest lloc web, dels usos a qu\u00e8 es sotmeten les dades de car\u00e0cter personal que es recapten [&hellip;]","og_url":"https:\/\/alojapro.com\/es\/politica-de-privacidad\/","og_site_name":"Alojapro","article_modified_time":"2023-01-05T15:38:03+00:00","twitter_card":"summary_large_image","twitter_misc":{"Temps estimat de lectura":"3 minuts"},"schema":{"@context":"https:\/\/schema.org","@graph":[{"@type":"WebPage","@id":"https:\/\/alojapro.com\/es\/politica-de-privacidad\/","url":"https:\/\/alojapro.com\/es\/politica-de-privacidad\/","name":"Pol\u00edtica de privacitat | Alojapro","isPartOf":{"@id":"https:\/\/alojapro.com\/es\/#website"},"datePublished":"2021-01-11T16:20:16+00:00","dateModified":"2023-01-05T15:38:03+00:00","breadcrumb":{"@id":"https:\/\/alojapro.com\/es\/politica-de-privacidad\/#breadcrumb"},"inLanguage":"ca","potentialAction":[{"@type":"ReadAction","target":["https:\/\/alojapro.com\/es\/politica-de-privacidad\/"]}]},{"@type":"BreadcrumbList","@id":"https:\/\/alojapro.com\/es\/politica-de-privacidad\/#breadcrumb","itemListElement":[{"@type":"ListItem","position":1,"name":"Home","item":"https:\/\/alojapro.com\/es\/"},{"@type":"ListItem","position":2,"name":"Pol\u00edtica de privacitat"}]},{"@type":"WebSite","@id":"https:\/\/alojapro.com\/es\/#website","url":"https:\/\/alojapro.com\/es\/","name":"Alojapro","description":"Motor de reservas y soluciones para el sector tur\u00edstico","publisher":{"@id":"https:\/\/alojapro.com\/es\/#organization"},"potentialAction":[{"@type":"SearchAction","target":{"@type":"EntryPoint","urlTemplate":"https:\/\/alojapro.com\/es\/?s={search_term_string}"},"query-input":{"@type":"PropertyValueSpecification","valueRequired":true,"valueName":"search_term_string"}}],"inLanguage":"ca"},{"@type":"Organization","@id":"https:\/\/alojapro.com\/es\/#organization","name":"Alojapro","alternateName":"Aloja","url":"https:\/\/alojapro.com\/es\/","logo":{"@type":"ImageObject","inLanguage":"ca","@id":"https:\/\/alojapro.com\/es\/#\/schema\/logo\/image\/","url":"https:\/\/alojapro.com\/wp-content\/uploads\/2021\/12\/LOGO-ALOJAPRO-512x512-1.jpg","contentUrl":"https:\/\/alojapro.com\/wp-content\/uploads\/2021\/12\/LOGO-ALOJAPRO-512x512-1.jpg","width":512,"height":512,"caption":"Alojapro"},"image":{"@id":"https:\/\/alojapro.com\/es\/#\/schema\/logo\/image\/"},"sameAs":["https:\/\/www.linkedin.com\/company\/alojapro\/"]}]}},"_links":{"self":[{"href":"https:\/\/alojapro.com\/ca\/wp-json\/wp\/v2\/pages\/9422","targetHints":{"allow":["GET"]}}],"collection":[{"href":"https:\/\/alojapro.com\/ca\/wp-json\/wp\/v2\/pages"}],"about":[{"href":"https:\/\/alojapro.com\/ca\/wp-json\/wp\/v2\/types\/page"}],"author":[{"embeddable":true,"href":"https:\/\/alojapro.com\/ca\/wp-json\/wp\/v2\/users\/6"}],"replies":[{"embeddable":true,"href":"https:\/\/alojapro.com\/ca\/wp-json\/wp\/v2\/comments?post=9422"}],"version-history":[{"count":0,"href":"https:\/\/alojapro.com\/ca\/wp-json\/wp\/v2\/pages\/9422\/revisions"}],"wp:attachment":[{"href":"https:\/\/alojapro.com\/ca\/wp-json\/wp\/v2\/media?parent=9422"}],"curies":[{"name":"wp","href":"https:\/\/api.w.org\/{rel}","templated":true}]}}