{"id":9627,"date":"2021-01-19T12:46:53","date_gmt":"2021-01-19T12:46:53","guid":{"rendered":"https:\/\/alojapro.com\/?page_id=9627"},"modified":"2023-02-27T15:47:08","modified_gmt":"2023-02-27T15:47:08","slug":"estrategies-de-fidelitzacio","status":"publish","type":"page","link":"https:\/\/alojapro.com\/ca\/motor-de-reserves\/estrategies-de-fidelitzacio\/","title":{"rendered":"Estrat\u00e8gies de fidelitzaci\u00f3"},"content":{"rendered":"\t\t<div data-elementor-type=\"wp-page\" data-elementor-id=\"9627\" class=\"elementor elementor-9627\" data-elementor-settings=\"[]\">\n\t\t\t\t\t\t<div class=\"elementor-inner\">\n\t\t\t\t\t\t\t<div class=\"elementor-section-wrap\">\n\t\t\t\t\t\t\t<section class=\"elementor-section elementor-top-section elementor-element elementor-element-226369d elementor-section-boxed elementor-section-height-default elementor-section-height-default\" data-id=\"226369d\" data-element_type=\"section\">\n\t\t\t\t\t\t<div class=\"elementor-container elementor-column-gap-default\">\n\t\t\t\t\t\t\t<div class=\"elementor-row\">\n\t\t\t\t\t<div class=\"elementor-column elementor-col-50 elementor-top-column elementor-element elementor-element-9a5b77e\" data-id=\"9a5b77e\" data-element_type=\"column\">\n\t\t\t<div class=\"elementor-column-wrap elementor-element-populated\">\n\t\t\t\t\t\t\t<div class=\"elementor-widget-wrap\">\n\t\t\t\t\t\t<div class=\"elementor-element elementor-element-1a29274 elementor-widget elementor-widget-image\" data-id=\"1a29274\" data-element_type=\"widget\" data-widget_type=\"image.default\">\n\t\t\t\t<div class=\"elementor-widget-container\">\n\t\t\t\t\t\t\t\t<div class=\"elementor-image\">\n\t\t\t\t\t\t\t\t\t\t\t\t<img loading=\"lazy\" decoding=\"async\" width=\"530\" height=\"316\" src=\"https:\/\/alojapro.com\/wp-content\/uploads\/2021\/01\/fidelizacion.jpg\" class=\"attachment-large size-large\" alt=\"\" srcset=\"https:\/\/alojapro.com\/wp-content\/uploads\/2021\/01\/fidelizacion.jpg 530w, https:\/\/alojapro.com\/wp-content\/uploads\/2021\/01\/fidelizacion-300x179.jpg 300w\" sizes=\"auto, (max-width: 530px) 100vw, 530px\" \/>\t\t\t\t\t\t\t\t\t\t\t\t\t\t<\/div>\n\t\t\t\t\t\t<\/div>\n\t\t\t\t<\/div>\n\t\t\t\t\t\t<\/div>\n\t\t\t\t\t<\/div>\n\t\t<\/div>\n\t\t\t\t<div class=\"elementor-column elementor-col-50 elementor-top-column elementor-element elementor-element-1f8bcb3\" data-id=\"1f8bcb3\" data-element_type=\"column\">\n\t\t\t<div class=\"elementor-column-wrap elementor-element-populated\">\n\t\t\t\t\t\t\t<div class=\"elementor-widget-wrap\">\n\t\t\t\t\t\t<div class=\"elementor-element elementor-element-3ba5027 elementor-widget elementor-widget-heading\" data-id=\"3ba5027\" data-element_type=\"widget\" data-widget_type=\"heading.default\">\n\t\t\t\t<div class=\"elementor-widget-container\">\n\t\t\t<h3 class=\"elementor-heading-title elementor-size-default\">Estrat\u00e8gies de fidelitzaci\u00f3<\/h3>\t\t<\/div>\n\t\t\t\t<\/div>\n\t\t\t\t<div class=\"elementor-element elementor-element-5948daf elementor-widget elementor-widget-text-editor\" data-id=\"5948daf\" data-element_type=\"widget\" data-widget_type=\"text-editor.default\">\n\t\t\t\t<div class=\"elementor-widget-container\">\n\t\t\t\t\t\t\t\t<div class=\"elementor-text-editor elementor-clearfix\">\n\t\t\t\t<p>La definici\u00f3 d&#8217;un bon pla de <strong>fidelitzaci\u00f3<\/strong> \u00e9s aquell que converteix cada client que visita el teu establiment en un client recurrent i ambaixador de la teva marca. Aquesta \u00e9s<strong> la clau de l&#8217;\u00e8xit del teu negoci<\/strong>.<\/p><p>Per triomfar en la captaci\u00f3 de nous clients i la seva fidelitzaci\u00f3 es necessita definir una bona estrat\u00e8gia basada en accions de m\u00e0rqueting. Amb un bon pla d&#8217;acci\u00f3 aconseguir\u00e0s que cada client que et visita sigui un client repetidor i que a m\u00e9s, et recomani.<\/p><p><b>Alojapro <\/b>t&#8217;ajuda a potenciar la teva eina de fidelitzaci\u00f3 i vendes <b>AlojaSuite<\/b> , amb un servei personalitzat i r\u00e0pid, perqu\u00e8 implementis les teves campanyes sense perdre temps!<\/p>\t\t\t\t\t<\/div>\n\t\t\t\t\t\t<\/div>\n\t\t\t\t<\/div>\n\t\t\t\t\t\t<\/div>\n\t\t\t\t\t<\/div>\n\t\t<\/div>\n\t\t\t\t\t\t\t\t<\/div>\n\t\t\t\t\t<\/div>\n\t\t<\/section>\n\t\t\t\t\t\t<\/div>\n\t\t\t\t\t\t<\/div>\n\t\t\t\t\t<\/div>\n\t\t","protected":false},"excerpt":{"rendered":"<p>Estrat\u00e8gies de fidelitzaci\u00f3 La definici\u00f3 d&#8217;un bon pla de fidelitzaci\u00f3 \u00e9s aquell que converteix cada client que visita el teu establiment en un client recurrent i ambaixador de la teva marca. Aquesta \u00e9s la clau de l&#8217;\u00e8xit del teu negoci. Per triomfar en la captaci\u00f3 de nous clients i la seva fidelitzaci\u00f3 es necessita definir [&hellip;]<\/p>\n","protected":false},"author":6,"featured_media":0,"parent":19111,"menu_order":0,"comment_status":"closed","ping_status":"closed","template":"","meta":{"footnotes":""},"class_list":["post-9627","page","type-page","status-publish","hentry","no-post-thumbnail"],"yoast_head":"<!-- This site is optimized with the Yoast SEO plugin v26.6 - https:\/\/yoast.com\/wordpress\/plugins\/seo\/ -->\n<title>Estrat\u00e8gies de fidelitzaci\u00f3 | Alojapro<\/title>\n<meta name=\"description\" content=\"Desenvolupem i implementem estrat\u00e8gies de fidelitzaci\u00f3 per a convertir cada client en client recurrent i ambaixador de la teva marca.\" \/>\n<meta name=\"robots\" content=\"index, follow, max-snippet:-1, max-image-preview:large, max-video-preview:-1\" \/>\n<link rel=\"canonical\" href=\"https:\/\/alojapro.com\/es\/motor-de-reservas\/estrategias-de-fidelizacion\/\" \/>\n<meta property=\"og:locale\" content=\"ca_ES\" \/>\n<meta property=\"og:type\" content=\"article\" \/>\n<meta property=\"og:title\" content=\"Estrat\u00e8gies de fidelitzaci\u00f3 | Alojapro\" \/>\n<meta property=\"og:description\" content=\"Desenvolupem i implementem estrat\u00e8gies de fidelitzaci\u00f3 per a convertir cada client en client recurrent i ambaixador de la teva marca.\" \/>\n<meta property=\"og:url\" content=\"https:\/\/alojapro.com\/es\/motor-de-reservas\/estrategias-de-fidelizacion\/\" \/>\n<meta property=\"og:site_name\" content=\"Alojapro\" \/>\n<meta property=\"article:modified_time\" content=\"2023-02-27T15:47:08+00:00\" \/>\n<meta property=\"og:image\" content=\"https:\/\/alojapro.com\/wp-content\/uploads\/2021\/01\/fidelizacion.jpg\" \/>\n<meta name=\"twitter:card\" content=\"summary_large_image\" \/>\n<meta name=\"twitter:label1\" content=\"Temps estimat de lectura\" \/>\n\t<meta name=\"twitter:data1\" content=\"1 minut\" \/>\n<script type=\"application\/ld+json\" class=\"yoast-schema-graph\">{\"@context\":\"https:\/\/schema.org\",\"@graph\":[{\"@type\":\"WebPage\",\"@id\":\"https:\/\/alojapro.com\/es\/motor-de-reservas\/estrategias-de-fidelizacion\/\",\"url\":\"https:\/\/alojapro.com\/es\/motor-de-reservas\/estrategias-de-fidelizacion\/\",\"name\":\"Estrat\u00e8gies de fidelitzaci\u00f3 | Alojapro\",\"isPartOf\":{\"@id\":\"https:\/\/alojapro.com\/es\/#website\"},\"primaryImageOfPage\":{\"@id\":\"https:\/\/alojapro.com\/es\/motor-de-reservas\/estrategias-de-fidelizacion\/#primaryimage\"},\"image\":{\"@id\":\"https:\/\/alojapro.com\/es\/motor-de-reservas\/estrategias-de-fidelizacion\/#primaryimage\"},\"thumbnailUrl\":\"https:\/\/alojapro.com\/wp-content\/uploads\/2021\/01\/fidelizacion.jpg\",\"datePublished\":\"2021-01-19T12:46:53+00:00\",\"dateModified\":\"2023-02-27T15:47:08+00:00\",\"description\":\"Desenvolupem i implementem estrat\u00e8gies de fidelitzaci\u00f3 per a convertir cada client en client recurrent i ambaixador de la teva marca.\",\"breadcrumb\":{\"@id\":\"https:\/\/alojapro.com\/es\/motor-de-reservas\/estrategias-de-fidelizacion\/#breadcrumb\"},\"inLanguage\":\"ca\",\"potentialAction\":[{\"@type\":\"ReadAction\",\"target\":[\"https:\/\/alojapro.com\/es\/motor-de-reservas\/estrategias-de-fidelizacion\/\"]}]},{\"@type\":\"ImageObject\",\"inLanguage\":\"ca\",\"@id\":\"https:\/\/alojapro.com\/es\/motor-de-reservas\/estrategias-de-fidelizacion\/#primaryimage\",\"url\":\"https:\/\/alojapro.com\/wp-content\/uploads\/2021\/01\/fidelizacion.jpg\",\"contentUrl\":\"https:\/\/alojapro.com\/wp-content\/uploads\/2021\/01\/fidelizacion.jpg\"},{\"@type\":\"BreadcrumbList\",\"@id\":\"https:\/\/alojapro.com\/es\/motor-de-reservas\/estrategias-de-fidelizacion\/#breadcrumb\",\"itemListElement\":[{\"@type\":\"ListItem\",\"position\":1,\"name\":\"Home\",\"item\":\"https:\/\/alojapro.com\/es\/\"},{\"@type\":\"ListItem\",\"position\":2,\"name\":\"Motor de reserves Alojasuite\",\"item\":\"https:\/\/alojapro.com\/es\/motor-de-reservas\/\"},{\"@type\":\"ListItem\",\"position\":3,\"name\":\"Estrat\u00e8gies de fidelitzaci\u00f3\"}]},{\"@type\":\"WebSite\",\"@id\":\"https:\/\/alojapro.com\/es\/#website\",\"url\":\"https:\/\/alojapro.com\/es\/\",\"name\":\"Alojapro\",\"description\":\"Motor de reservas y soluciones para el sector tur\u00edstico\",\"publisher\":{\"@id\":\"https:\/\/alojapro.com\/es\/#organization\"},\"potentialAction\":[{\"@type\":\"SearchAction\",\"target\":{\"@type\":\"EntryPoint\",\"urlTemplate\":\"https:\/\/alojapro.com\/es\/?s={search_term_string}\"},\"query-input\":{\"@type\":\"PropertyValueSpecification\",\"valueRequired\":true,\"valueName\":\"search_term_string\"}}],\"inLanguage\":\"ca\"},{\"@type\":\"Organization\",\"@id\":\"https:\/\/alojapro.com\/es\/#organization\",\"name\":\"Alojapro\",\"alternateName\":\"Aloja\",\"url\":\"https:\/\/alojapro.com\/es\/\",\"logo\":{\"@type\":\"ImageObject\",\"inLanguage\":\"ca\",\"@id\":\"https:\/\/alojapro.com\/es\/#\/schema\/logo\/image\/\",\"url\":\"https:\/\/alojapro.com\/wp-content\/uploads\/2021\/12\/LOGO-ALOJAPRO-512x512-1.jpg\",\"contentUrl\":\"https:\/\/alojapro.com\/wp-content\/uploads\/2021\/12\/LOGO-ALOJAPRO-512x512-1.jpg\",\"width\":512,\"height\":512,\"caption\":\"Alojapro\"},\"image\":{\"@id\":\"https:\/\/alojapro.com\/es\/#\/schema\/logo\/image\/\"},\"sameAs\":[\"https:\/\/www.linkedin.com\/company\/alojapro\/\"]}]}<\/script>\n<!-- \/ Yoast SEO plugin. -->","yoast_head_json":{"title":"Estrat\u00e8gies de fidelitzaci\u00f3 | Alojapro","description":"Desenvolupem i implementem estrat\u00e8gies de fidelitzaci\u00f3 per a convertir cada client en client recurrent i ambaixador de la teva marca.","robots":{"index":"index","follow":"follow","max-snippet":"max-snippet:-1","max-image-preview":"max-image-preview:large","max-video-preview":"max-video-preview:-1"},"canonical":"https:\/\/alojapro.com\/es\/motor-de-reservas\/estrategias-de-fidelizacion\/","og_locale":"ca_ES","og_type":"article","og_title":"Estrat\u00e8gies de fidelitzaci\u00f3 | Alojapro","og_description":"Desenvolupem i implementem estrat\u00e8gies de fidelitzaci\u00f3 per a convertir cada client en client recurrent i ambaixador de la teva marca.","og_url":"https:\/\/alojapro.com\/es\/motor-de-reservas\/estrategias-de-fidelizacion\/","og_site_name":"Alojapro","article_modified_time":"2023-02-27T15:47:08+00:00","og_image":[{"url":"https:\/\/alojapro.com\/wp-content\/uploads\/2021\/01\/fidelizacion.jpg","type":"","width":"","height":""}],"twitter_card":"summary_large_image","twitter_misc":{"Temps estimat de lectura":"1 minut"},"schema":{"@context":"https:\/\/schema.org","@graph":[{"@type":"WebPage","@id":"https:\/\/alojapro.com\/es\/motor-de-reservas\/estrategias-de-fidelizacion\/","url":"https:\/\/alojapro.com\/es\/motor-de-reservas\/estrategias-de-fidelizacion\/","name":"Estrat\u00e8gies de fidelitzaci\u00f3 | Alojapro","isPartOf":{"@id":"https:\/\/alojapro.com\/es\/#website"},"primaryImageOfPage":{"@id":"https:\/\/alojapro.com\/es\/motor-de-reservas\/estrategias-de-fidelizacion\/#primaryimage"},"image":{"@id":"https:\/\/alojapro.com\/es\/motor-de-reservas\/estrategias-de-fidelizacion\/#primaryimage"},"thumbnailUrl":"https:\/\/alojapro.com\/wp-content\/uploads\/2021\/01\/fidelizacion.jpg","datePublished":"2021-01-19T12:46:53+00:00","dateModified":"2023-02-27T15:47:08+00:00","description":"Desenvolupem i implementem estrat\u00e8gies de fidelitzaci\u00f3 per a convertir cada client en client recurrent i ambaixador de la teva marca.","breadcrumb":{"@id":"https:\/\/alojapro.com\/es\/motor-de-reservas\/estrategias-de-fidelizacion\/#breadcrumb"},"inLanguage":"ca","potentialAction":[{"@type":"ReadAction","target":["https:\/\/alojapro.com\/es\/motor-de-reservas\/estrategias-de-fidelizacion\/"]}]},{"@type":"ImageObject","inLanguage":"ca","@id":"https:\/\/alojapro.com\/es\/motor-de-reservas\/estrategias-de-fidelizacion\/#primaryimage","url":"https:\/\/alojapro.com\/wp-content\/uploads\/2021\/01\/fidelizacion.jpg","contentUrl":"https:\/\/alojapro.com\/wp-content\/uploads\/2021\/01\/fidelizacion.jpg"},{"@type":"BreadcrumbList","@id":"https:\/\/alojapro.com\/es\/motor-de-reservas\/estrategias-de-fidelizacion\/#breadcrumb","itemListElement":[{"@type":"ListItem","position":1,"name":"Home","item":"https:\/\/alojapro.com\/es\/"},{"@type":"ListItem","position":2,"name":"Motor de reserves Alojasuite","item":"https:\/\/alojapro.com\/es\/motor-de-reservas\/"},{"@type":"ListItem","position":3,"name":"Estrat\u00e8gies de fidelitzaci\u00f3"}]},{"@type":"WebSite","@id":"https:\/\/alojapro.com\/es\/#website","url":"https:\/\/alojapro.com\/es\/","name":"Alojapro","description":"Motor de reservas y soluciones para el sector tur\u00edstico","publisher":{"@id":"https:\/\/alojapro.com\/es\/#organization"},"potentialAction":[{"@type":"SearchAction","target":{"@type":"EntryPoint","urlTemplate":"https:\/\/alojapro.com\/es\/?s={search_term_string}"},"query-input":{"@type":"PropertyValueSpecification","valueRequired":true,"valueName":"search_term_string"}}],"inLanguage":"ca"},{"@type":"Organization","@id":"https:\/\/alojapro.com\/es\/#organization","name":"Alojapro","alternateName":"Aloja","url":"https:\/\/alojapro.com\/es\/","logo":{"@type":"ImageObject","inLanguage":"ca","@id":"https:\/\/alojapro.com\/es\/#\/schema\/logo\/image\/","url":"https:\/\/alojapro.com\/wp-content\/uploads\/2021\/12\/LOGO-ALOJAPRO-512x512-1.jpg","contentUrl":"https:\/\/alojapro.com\/wp-content\/uploads\/2021\/12\/LOGO-ALOJAPRO-512x512-1.jpg","width":512,"height":512,"caption":"Alojapro"},"image":{"@id":"https:\/\/alojapro.com\/es\/#\/schema\/logo\/image\/"},"sameAs":["https:\/\/www.linkedin.com\/company\/alojapro\/"]}]}},"_links":{"self":[{"href":"https:\/\/alojapro.com\/ca\/wp-json\/wp\/v2\/pages\/9627","targetHints":{"allow":["GET"]}}],"collection":[{"href":"https:\/\/alojapro.com\/ca\/wp-json\/wp\/v2\/pages"}],"about":[{"href":"https:\/\/alojapro.com\/ca\/wp-json\/wp\/v2\/types\/page"}],"author":[{"embeddable":true,"href":"https:\/\/alojapro.com\/ca\/wp-json\/wp\/v2\/users\/6"}],"replies":[{"embeddable":true,"href":"https:\/\/alojapro.com\/ca\/wp-json\/wp\/v2\/comments?post=9627"}],"version-history":[{"count":0,"href":"https:\/\/alojapro.com\/ca\/wp-json\/wp\/v2\/pages\/9627\/revisions"}],"up":[{"embeddable":true,"href":"https:\/\/alojapro.com\/ca\/wp-json\/wp\/v2\/pages\/19111"}],"wp:attachment":[{"href":"https:\/\/alojapro.com\/ca\/wp-json\/wp\/v2\/media?parent=9627"}],"curies":[{"name":"wp","href":"https:\/\/api.w.org\/{rel}","templated":true}]}}