{"id":28791,"date":"2025-05-23T13:38:42","date_gmt":"2025-05-23T13:38:42","guid":{"rendered":"https:\/\/alojapro.com\/?page_id=28791"},"modified":"2025-05-26T16:17:32","modified_gmt":"2025-05-26T16:17:32","slug":"webinar-upselling","status":"publish","type":"page","link":"https:\/\/alojapro.com\/es\/webinar-upselling\/","title":{"rendered":"WEBINAR UPSELLING ALOJAPRO"},"content":{"rendered":"\t\t<div data-elementor-type=\"wp-page\" data-elementor-id=\"28791\" class=\"elementor elementor-28791\" data-elementor-settings=\"[]\">\n\t\t\t\t\t\t<div class=\"elementor-inner\">\n\t\t\t\t\t\t\t<div class=\"elementor-section-wrap\">\n\t\t\t\t\t\t\t<section class=\"elementor-section elementor-top-section elementor-element elementor-element-42ad4ca8 elementor-section-content-middle elementor-reverse-tablet elementor-reverse-mobile elementor-section-stretched elementor-section-boxed elementor-section-height-default elementor-section-height-default\" data-id=\"42ad4ca8\" data-element_type=\"section\" data-settings=\"{&quot;stretch_section&quot;:&quot;section-stretched&quot;,&quot;background_background&quot;:&quot;classic&quot;,&quot;shape_divider_bottom&quot;:&quot;waves&quot;}\">\n\t\t\t\t\t<div class=\"elementor-shape elementor-shape-bottom\" data-negative=\"false\">\n\t\t\t<svg xmlns=\"http:\/\/www.w3.org\/2000\/svg\" viewBox=\"0 0 1000 100\" preserveAspectRatio=\"none\">\n\t<path class=\"elementor-shape-fill\" d=\"M421.9,6.5c22.6-2.5,51.5,0.4,75.5,5.3c23.6,4.9,70.9,23.5,100.5,35.7c75.8,32.2,133.7,44.5,192.6,49.7\n\tc23.6,2.1,48.7,3.5,103.4-2.5c54.7-6,106.2-25.6,106.2-25.6V0H0v30.3c0,0,72,32.6,158.4,30.5c39.2-0.7,92.8-6.7,134-22.4\n\tc21.2-8.1,52.2-18.2,79.7-24.2C399.3,7.9,411.6,7.5,421.9,6.5z\"\/>\n<\/svg>\t\t<\/div>\n\t\t\t\t\t<div class=\"elementor-container elementor-column-gap-no\">\n\t\t\t\t\t\t\t<div class=\"elementor-row\">\n\t\t\t\t\t<div class=\"elementor-column elementor-col-100 elementor-top-column elementor-element elementor-element-4723de77\" data-id=\"4723de77\" data-element_type=\"column\">\n\t\t\t<div class=\"elementor-column-wrap elementor-element-populated\">\n\t\t\t\t\t\t\t<div class=\"elementor-widget-wrap\">\n\t\t\t\t\t\t<div class=\"elementor-element elementor-element-f3af9b0 elementor-widget elementor-widget-spacer\" data-id=\"f3af9b0\" data-element_type=\"widget\" data-widget_type=\"spacer.default\">\n\t\t\t\t<div class=\"elementor-widget-container\">\n\t\t\t\t\t<div class=\"elementor-spacer\">\n\t\t\t<div class=\"elementor-spacer-inner\"><\/div>\n\t\t<\/div>\n\t\t\t\t<\/div>\n\t\t\t\t<\/div>\n\t\t\t\t<div class=\"elementor-element elementor-element-33da065 elementor-hidden-desktop elementor-hidden-tablet elementor-widget elementor-widget-spacer\" data-id=\"33da065\" data-element_type=\"widget\" data-widget_type=\"spacer.default\">\n\t\t\t\t<div class=\"elementor-widget-container\">\n\t\t\t\t\t<div class=\"elementor-spacer\">\n\t\t\t<div class=\"elementor-spacer-inner\"><\/div>\n\t\t<\/div>\n\t\t\t\t<\/div>\n\t\t\t\t<\/div>\n\t\t\t\t<div class=\"elementor-element elementor-element-2fae6b9 elementor-widget elementor-widget-heading\" data-id=\"2fae6b9\" data-element_type=\"widget\" data-widget_type=\"heading.default\">\n\t\t\t\t<div class=\"elementor-widget-container\">\n\t\t\t<h1 class=\"elementor-heading-title elementor-size-xxl\">Descubre el poder<\/h1>\t\t<\/div>\n\t\t\t\t<\/div>\n\t\t\t\t<div class=\"elementor-element elementor-element-1b829a0c elementor-widget elementor-widget-heading\" data-id=\"1b829a0c\" data-element_type=\"widget\" data-widget_type=\"heading.default\">\n\t\t\t\t<div class=\"elementor-widget-container\">\n\t\t\t<h3 class=\"elementor-heading-title elementor-size-xl\">del Upselling Automatizado<\/h3>\t\t<\/div>\n\t\t\t\t<\/div>\n\t\t\t\t<div class=\"elementor-element elementor-element-201e7e0e elementor-widget elementor-widget-text-editor\" data-id=\"201e7e0e\" data-element_type=\"widget\" data-widget_type=\"text-editor.default\">\n\t\t\t\t<div class=\"elementor-widget-container\">\n\t\t\t\t\t\t\t\t<div class=\"elementor-text-editor elementor-clearfix\">\n\t\t\t\t<p>Inscr\u00edbete a nuestro webinar y descubre la funci\u00f3n del Upselling Automatizado disponible en nuestro motor de reservas.<\/p><p>Conoce en directo c\u00f3mo funciona esta herramienta y todas sus posibilidades para incrementar tus ingresos y mejorar la experiencia del hu\u00e9sped.<\/p>\t\t\t\t\t<\/div>\n\t\t\t\t\t\t<\/div>\n\t\t\t\t<\/div>\n\t\t\t\t<div class=\"elementor-element elementor-element-897de4c uael-countdown-shape-rounded uael-countdown-anim-yes uael-countdown-border-none uael-countdown-responsive-yes elementor-hidden-mobile elementor-invisible elementor-widget elementor-widget-uael-countdown\" data-id=\"897de4c\" data-element_type=\"widget\" data-widget_type=\"uael-countdown.default\">\n\t\t\t\t<div class=\"elementor-widget-container\">\n\t\t\t\t\t\r\n\t\t<div class=\"uael-countdown-wrapper countdown-active\" data-countdown-type=\"fixed\" data-timer-labels=\"custom\" data-animation=\"2\" data-timer-days=\"D\u00cdAS \" data-timer-hours=\"HORAS\" data-timer-minutes=\"MINUTOS\" data-timer-seconds=\"SEGUNDOS\" data-due-date=\"1748489400\" data-expire-action=\"hide\">\r\n\t\t\t<div class=\"uael-countdown-items-wrapper\" >\r\n\t\t\t\t\t\t\t\t\t\t\t<div class=\"uael-countdown-days uael-item\">\r\n\t\t\t\t\t\t\t<span id=\"days-wrapper-897de4c\"class=\"uael-countdown-item\" >\r\n\t\t\t\t\t\t\t\t \r\n\t\t\t\t\t\t\t<\/span>\r\n\t\t\t\t\t\t\t\t\t\t\t\t\t\t\t<span id=\"days-label-wrapper-897de4c\" class='uael-countdown-days-label-897de4c uael-item-label'>\r\n\t\t\t\t\t\t\t\t<\/span>\r\n\t\t\t\t\t\t\t\t\t\t\t\t\t<\/div>\r\n\t\t\t\t\t\t\t\t\t\t\t\t\t\t\t\t\t<div class=\"uael-countdown-hours uael-item\">\r\n\t\t\t\t\t\t\t<span id=\"hours-wrapper-897de4c\"class=\"uael-countdown-item\" >\r\n\t\t\t\t\t\t\t\t \r\n\t\t\t\t\t\t\t<\/span>\r\n\t\t\t\t\t\t\t\t\t\t\t\t\t\t\t<span id=\"hours-label-wrapper-897de4c\" class='uael-countdown-hours-label-897de4c uael-item-label'>\r\n\t\t\t\t\t\t\t\t<\/span>\r\n\t\t\t\t\t\t\t\t\t\t\t\t\t<\/div>\r\n\t\t\t\t\t\t\t\t\t\t\t\t\t\t\t\t\t<div class=\"uael-countdown-minutes uael-item\">\r\n\t\t\t\t\t\t\t<span id=\"minutes-wrapper-897de4c\"class=\"uael-countdown-item\" >\r\n\t\t\t\t\t\t\t\t \r\n\t\t\t\t\t\t\t<\/span>\r\n\t\t\t\t\t\t\t\t\t\t\t\t\t\t\t<span id=\"minutes-label-wrapper-897de4c\" class='uael-countdown-minutes-label-897de4c uael-item-label'>\r\n\t\t\t\t\t\t\t\t<\/span>\r\n\t\t\t\t\t\t\t\t\t\t\t\t\t<\/div>\r\n\t\t\t\t\t\t\t\t\t\t\t\t\t\t\t\t\t<div class=\"uael-countdown-seconds uael-item\">\r\n\t\t\t\t\t\t\t<span id=\"seconds-wrapper-897de4c\"class=\"uael-countdown-item\" >\r\n\t\t\t\t\t\t\t\t \r\n\t\t\t\t\t\t\t<\/span>\r\n\t\t\t\t\t\t\t\t\t\t\t\t\t\t\t<span id=\"seconds-label-wrapper-897de4c\" class='uael-countdown-seconds-label-897de4c uael-item-label'>\r\n\t\t\t\t\t\t\t\t<\/span>\r\n\t\t\t\t\t\t\t\t\t\t\t\t\t<\/div>\r\n\t\t\t\t\t\t\t\t\t\t\t\t\t\t\t\r\n\t\t\t\t\t<div class=\"uael-expire-message-wrapper\">\r\n\t\t\t\t\t\t<div class='uael-expire-show-message'><\/div>\r\n\t\t\t\t\t<\/div>\t\t\t\t\r\n\t\t\t<\/div>\r\n\t\t<\/div>\r\n\t\t\t\t<\/div>\n\t\t\t\t<\/div>\n\t\t\t\t<div class=\"elementor-element elementor-element-19aa74d elementor-button-align-stretch elementor-widget elementor-widget-form\" data-id=\"19aa74d\" data-element_type=\"widget\" data-settings=\"{&quot;step_next_label&quot;:&quot;Next&quot;,&quot;step_previous_label&quot;:&quot;Previous&quot;,&quot;button_width&quot;:&quot;100&quot;,&quot;step_type&quot;:&quot;number_text&quot;,&quot;step_icon_shape&quot;:&quot;circle&quot;}\" data-widget_type=\"form.default\">\n\t\t\t\t<div class=\"elementor-widget-container\">\n\t\t\t\t\t<form class=\"elementor-form\" method=\"post\" name=\"WEBINARABRIL\">\n\t\t\t<input type=\"hidden\" name=\"post_id\" value=\"28791\"\/>\n\t\t\t<input type=\"hidden\" name=\"form_id\" value=\"19aa74d\"\/>\n\n\t\t\t\n\t\t\t<div class=\"elementor-form-fields-wrapper elementor-labels-above\">\n\t\t\t\t\t\t\t\t<div class=\"elementor-field-type-text elementor-field-group elementor-column elementor-field-group-name elementor-col-100 elementor-field-required elementor-mark-required\">\n\t\t\t\t\t<label for=\"form-field-name\" class=\"elementor-field-label\">Nombre<\/label><input size=\"1\" type=\"text\" name=\"form_fields[name]\" id=\"form-field-name\" class=\"elementor-field elementor-size-sm  elementor-field-textual\" placeholder=\"Nombre\" required=\"required\" aria-required=\"true\">\t\t\t\t<\/div>\n\t\t\t\t\t\t\t\t<div class=\"elementor-field-type-email elementor-field-group elementor-column elementor-field-group-email elementor-col-100 elementor-field-required elementor-mark-required\">\n\t\t\t\t\t<label for=\"form-field-email\" class=\"elementor-field-label\">Email<\/label><input size=\"1\" type=\"email\" name=\"form_fields[email]\" id=\"form-field-email\" class=\"elementor-field elementor-size-sm  elementor-field-textual\" placeholder=\"Email\" required=\"required\" aria-required=\"true\">\t\t\t\t<\/div>\n\t\t\t\t\t\t\t\t<div class=\"elementor-field-type-text elementor-field-group elementor-column elementor-field-group-message elementor-col-100 elementor-field-required elementor-mark-required\">\n\t\t\t\t\t<label for=\"form-field-message\" class=\"elementor-field-label\">Empresa<\/label><input size=\"1\" type=\"text\" name=\"form_fields[message]\" id=\"form-field-message\" class=\"elementor-field elementor-size-sm  elementor-field-textual\" placeholder=\"Nombre de tu establecimiento\" required=\"required\" aria-required=\"true\">\t\t\t\t<\/div>\n\t\t\t\t\t\t\t\t<div class=\"elementor-field-group elementor-column elementor-field-type-submit elementor-col-100 e-form__buttons\">\n\t\t\t\t\t<button type=\"submit\" class=\"elementor-button elementor-size-sm\">\n\t\t\t\t\t\t<span >\n\t\t\t\t\t\t\t\t\t\t\t\t\t\t\t<span class=\" elementor-button-icon\">\n\t\t\t\t\t\t\t\t\t\t\t\t\t\t\t\t\t\t\t\t\t\t\t\t\t\t<\/span>\n\t\t\t\t\t\t\t\t\t\t\t\t\t\t\t\t\t\t\t\t\t\t<span class=\"elementor-button-text\">Inscribirme gratuitamente<\/span>\n\t\t\t\t\t\t\t\t\t\t\t\t\t<\/span>\n\t\t\t\t\t<\/button>\n\t\t\t\t<\/div>\n\t\t\t<\/div>\n\t\t<\/form>\n\t\t\t\t<\/div>\n\t\t\t\t<\/div>\n\t\t\t\t<div class=\"elementor-element elementor-element-c3fb946 elementor-widget elementor-widget-spacer\" data-id=\"c3fb946\" data-element_type=\"widget\" data-widget_type=\"spacer.default\">\n\t\t\t\t<div class=\"elementor-widget-container\">\n\t\t\t\t\t<div class=\"elementor-spacer\">\n\t\t\t<div class=\"elementor-spacer-inner\"><\/div>\n\t\t<\/div>\n\t\t\t\t<\/div>\n\t\t\t\t<\/div>\n\t\t\t\t\t\t<\/div>\n\t\t\t\t\t<\/div>\n\t\t<\/div>\n\t\t\t\t\t\t\t\t<\/div>\n\t\t\t\t\t<\/div>\n\t\t<\/section>\n\t\t\t\t\t\t<\/div>\n\t\t\t\t\t\t<\/div>\n\t\t\t\t\t<\/div>\n\t\t","protected":false},"excerpt":{"rendered":"<p>Descubre el poder del Upselling Automatizado Inscr\u00edbete a nuestro webinar y descubre la funci\u00f3n del Upselling Automatizado disponible en nuestro motor de reservas. Conoce en directo c\u00f3mo funciona esta herramienta y todas sus posibilidades para incrementar tus ingresos y mejorar la experiencia del hu\u00e9sped.<\/p>\n","protected":false},"author":6,"featured_media":0,"parent":0,"menu_order":0,"comment_status":"closed","ping_status":"closed","template":"","meta":{"footnotes":""},"class_list":["post-28791","page","type-page","status-publish","hentry","no-post-thumbnail"],"yoast_head":"<!-- This site is optimized with the Yoast SEO plugin v26.6 - https:\/\/yoast.com\/wordpress\/plugins\/seo\/ -->\n<title>WEBINAR UPSELLING ALOJAPRO | Alojapro<\/title>\n<meta name=\"robots\" content=\"index, follow, max-snippet:-1, max-image-preview:large, max-video-preview:-1\" \/>\n<link rel=\"canonical\" href=\"https:\/\/alojapro.com\/es\/webinar-upselling\/\" \/>\n<meta property=\"og:locale\" content=\"es_ES\" \/>\n<meta property=\"og:type\" content=\"article\" \/>\n<meta property=\"og:title\" content=\"WEBINAR UPSELLING ALOJAPRO | Alojapro\" \/>\n<meta property=\"og:description\" content=\"Descubre el poder del Upselling Automatizado Inscr\u00edbete a nuestro webinar y descubre la funci\u00f3n del Upselling Automatizado disponible en nuestro motor de reservas. Conoce en directo c\u00f3mo funciona esta herramienta y todas sus posibilidades para incrementar tus ingresos y mejorar la experiencia del hu\u00e9sped.\" \/>\n<meta property=\"og:url\" content=\"https:\/\/alojapro.com\/es\/webinar-upselling\/\" \/>\n<meta property=\"og:site_name\" content=\"Alojapro\" \/>\n<meta property=\"article:modified_time\" content=\"2025-05-26T16:17:32+00:00\" \/>\n<meta name=\"twitter:card\" content=\"summary_large_image\" \/>\n<meta name=\"twitter:label1\" content=\"Tiempo de lectura\" \/>\n\t<meta name=\"twitter:data1\" content=\"1 minuto\" \/>\n<script type=\"application\/ld+json\" class=\"yoast-schema-graph\">{\"@context\":\"https:\/\/schema.org\",\"@graph\":[{\"@type\":\"WebPage\",\"@id\":\"https:\/\/alojapro.com\/es\/webinar-upselling\/\",\"url\":\"https:\/\/alojapro.com\/es\/webinar-upselling\/\",\"name\":\"WEBINAR UPSELLING ALOJAPRO | Alojapro\",\"isPartOf\":{\"@id\":\"https:\/\/alojapro.com\/es\/#website\"},\"datePublished\":\"2025-05-23T13:38:42+00:00\",\"dateModified\":\"2025-05-26T16:17:32+00:00\",\"breadcrumb\":{\"@id\":\"https:\/\/alojapro.com\/es\/webinar-upselling\/#breadcrumb\"},\"inLanguage\":\"es\",\"potentialAction\":[{\"@type\":\"ReadAction\",\"target\":[\"https:\/\/alojapro.com\/es\/webinar-upselling\/\"]}]},{\"@type\":\"BreadcrumbList\",\"@id\":\"https:\/\/alojapro.com\/es\/webinar-upselling\/#breadcrumb\",\"itemListElement\":[{\"@type\":\"ListItem\",\"position\":1,\"name\":\"Home\",\"item\":\"https:\/\/alojapro.com\/es\/\"},{\"@type\":\"ListItem\",\"position\":2,\"name\":\"WEBINAR UPSELLING ALOJAPRO\"}]},{\"@type\":\"WebSite\",\"@id\":\"https:\/\/alojapro.com\/es\/#website\",\"url\":\"https:\/\/alojapro.com\/es\/\",\"name\":\"Alojapro\",\"description\":\"Motor de reservas y soluciones para el sector tur\u00edstico\",\"publisher\":{\"@id\":\"https:\/\/alojapro.com\/es\/#organization\"},\"potentialAction\":[{\"@type\":\"SearchAction\",\"target\":{\"@type\":\"EntryPoint\",\"urlTemplate\":\"https:\/\/alojapro.com\/es\/?s={search_term_string}\"},\"query-input\":{\"@type\":\"PropertyValueSpecification\",\"valueRequired\":true,\"valueName\":\"search_term_string\"}}],\"inLanguage\":\"es\"},{\"@type\":\"Organization\",\"@id\":\"https:\/\/alojapro.com\/es\/#organization\",\"name\":\"Alojapro\",\"alternateName\":\"Aloja\",\"url\":\"https:\/\/alojapro.com\/es\/\",\"logo\":{\"@type\":\"ImageObject\",\"inLanguage\":\"es\",\"@id\":\"https:\/\/alojapro.com\/es\/#\/schema\/logo\/image\/\",\"url\":\"https:\/\/alojapro.com\/wp-content\/uploads\/2021\/12\/LOGO-ALOJAPRO-512x512-1.jpg\",\"contentUrl\":\"https:\/\/alojapro.com\/wp-content\/uploads\/2021\/12\/LOGO-ALOJAPRO-512x512-1.jpg\",\"width\":512,\"height\":512,\"caption\":\"Alojapro\"},\"image\":{\"@id\":\"https:\/\/alojapro.com\/es\/#\/schema\/logo\/image\/\"},\"sameAs\":[\"https:\/\/www.linkedin.com\/company\/alojapro\/\"]}]}<\/script>\n<!-- \/ Yoast SEO plugin. -->","yoast_head_json":{"title":"WEBINAR UPSELLING ALOJAPRO | Alojapro","robots":{"index":"index","follow":"follow","max-snippet":"max-snippet:-1","max-image-preview":"max-image-preview:large","max-video-preview":"max-video-preview:-1"},"canonical":"https:\/\/alojapro.com\/es\/webinar-upselling\/","og_locale":"es_ES","og_type":"article","og_title":"WEBINAR UPSELLING ALOJAPRO | Alojapro","og_description":"Descubre el poder del Upselling Automatizado Inscr\u00edbete a nuestro webinar y descubre la funci\u00f3n del Upselling Automatizado disponible en nuestro motor de reservas. Conoce en directo c\u00f3mo funciona esta herramienta y todas sus posibilidades para incrementar tus ingresos y mejorar la experiencia del hu\u00e9sped.","og_url":"https:\/\/alojapro.com\/es\/webinar-upselling\/","og_site_name":"Alojapro","article_modified_time":"2025-05-26T16:17:32+00:00","twitter_card":"summary_large_image","twitter_misc":{"Tiempo de lectura":"1 minuto"},"schema":{"@context":"https:\/\/schema.org","@graph":[{"@type":"WebPage","@id":"https:\/\/alojapro.com\/es\/webinar-upselling\/","url":"https:\/\/alojapro.com\/es\/webinar-upselling\/","name":"WEBINAR UPSELLING ALOJAPRO | Alojapro","isPartOf":{"@id":"https:\/\/alojapro.com\/es\/#website"},"datePublished":"2025-05-23T13:38:42+00:00","dateModified":"2025-05-26T16:17:32+00:00","breadcrumb":{"@id":"https:\/\/alojapro.com\/es\/webinar-upselling\/#breadcrumb"},"inLanguage":"es","potentialAction":[{"@type":"ReadAction","target":["https:\/\/alojapro.com\/es\/webinar-upselling\/"]}]},{"@type":"BreadcrumbList","@id":"https:\/\/alojapro.com\/es\/webinar-upselling\/#breadcrumb","itemListElement":[{"@type":"ListItem","position":1,"name":"Home","item":"https:\/\/alojapro.com\/es\/"},{"@type":"ListItem","position":2,"name":"WEBINAR UPSELLING ALOJAPRO"}]},{"@type":"WebSite","@id":"https:\/\/alojapro.com\/es\/#website","url":"https:\/\/alojapro.com\/es\/","name":"Alojapro","description":"Motor de reservas y soluciones para el sector tur\u00edstico","publisher":{"@id":"https:\/\/alojapro.com\/es\/#organization"},"potentialAction":[{"@type":"SearchAction","target":{"@type":"EntryPoint","urlTemplate":"https:\/\/alojapro.com\/es\/?s={search_term_string}"},"query-input":{"@type":"PropertyValueSpecification","valueRequired":true,"valueName":"search_term_string"}}],"inLanguage":"es"},{"@type":"Organization","@id":"https:\/\/alojapro.com\/es\/#organization","name":"Alojapro","alternateName":"Aloja","url":"https:\/\/alojapro.com\/es\/","logo":{"@type":"ImageObject","inLanguage":"es","@id":"https:\/\/alojapro.com\/es\/#\/schema\/logo\/image\/","url":"https:\/\/alojapro.com\/wp-content\/uploads\/2021\/12\/LOGO-ALOJAPRO-512x512-1.jpg","contentUrl":"https:\/\/alojapro.com\/wp-content\/uploads\/2021\/12\/LOGO-ALOJAPRO-512x512-1.jpg","width":512,"height":512,"caption":"Alojapro"},"image":{"@id":"https:\/\/alojapro.com\/es\/#\/schema\/logo\/image\/"},"sameAs":["https:\/\/www.linkedin.com\/company\/alojapro\/"]}]}},"_links":{"self":[{"href":"https:\/\/alojapro.com\/es\/wp-json\/wp\/v2\/pages\/28791","targetHints":{"allow":["GET"]}}],"collection":[{"href":"https:\/\/alojapro.com\/es\/wp-json\/wp\/v2\/pages"}],"about":[{"href":"https:\/\/alojapro.com\/es\/wp-json\/wp\/v2\/types\/page"}],"author":[{"embeddable":true,"href":"https:\/\/alojapro.com\/es\/wp-json\/wp\/v2\/users\/6"}],"replies":[{"embeddable":true,"href":"https:\/\/alojapro.com\/es\/wp-json\/wp\/v2\/comments?post=28791"}],"version-history":[{"count":0,"href":"https:\/\/alojapro.com\/es\/wp-json\/wp\/v2\/pages\/28791\/revisions"}],"wp:attachment":[{"href":"https:\/\/alojapro.com\/es\/wp-json\/wp\/v2\/media?parent=28791"}],"curies":[{"name":"wp","href":"https:\/\/api.w.org\/{rel}","templated":true}]}}