{"id":7311,"date":"2021-01-11T16:20:16","date_gmt":"2021-01-11T16:20:16","guid":{"rendered":"https:\/\/turipano360.eu\/alojapro.com\/?page_id=7311"},"modified":"2023-08-07T10:20:15","modified_gmt":"2023-08-07T10:20:15","slug":"politica-de-privacidad","status":"publish","type":"page","link":"https:\/\/alojapro.com\/es\/politica-de-privacidad\/","title":{"rendered":"Pol\u00edtica de privacidad"},"content":{"rendered":"\t\t<div data-elementor-type=\"wp-page\" data-elementor-id=\"7311\" class=\"elementor elementor-7311\" data-elementor-settings=\"[]\">\n\t\t\t\t\t\t<div class=\"elementor-inner\">\n\t\t\t\t\t\t\t<div class=\"elementor-section-wrap\">\n\t\t\t\t\t\t\t<section class=\"elementor-section elementor-top-section elementor-element elementor-element-7858641 elementor-section-boxed elementor-section-height-default elementor-section-height-default\" data-id=\"7858641\" data-element_type=\"section\">\n\t\t\t\t\t\t<div class=\"elementor-container elementor-column-gap-default\">\n\t\t\t\t\t\t\t<div class=\"elementor-row\">\n\t\t\t\t\t<div class=\"elementor-column elementor-col-100 elementor-top-column elementor-element elementor-element-04fb2a4\" data-id=\"04fb2a4\" data-element_type=\"column\">\n\t\t\t<div class=\"elementor-column-wrap elementor-element-populated\">\n\t\t\t\t\t\t\t<div class=\"elementor-widget-wrap\">\n\t\t\t\t\t\t<div class=\"elementor-element elementor-element-ad44cfa elementor-widget elementor-widget-text-editor\" data-id=\"ad44cfa\" data-element_type=\"widget\" data-widget_type=\"text-editor.default\">\n\t\t\t\t<div class=\"elementor-widget-container\">\n\t\t\t\t\t\t\t\t<div class=\"elementor-text-editor elementor-clearfix\">\n\t\t\t\t<p>PLATJA D\u2019ARNAFONA, SL est\u00e1 especialmente sensibilizada en la protecci\u00f3n de datos de car\u00e1cter personal de los Usuarios de los servicios del sitio Web. Mediante la presente Pol\u00edtica de Privacidad (en adelante, la Pol\u00edtica) PLATJA D\u2019ARNAFONA, SL, informa a los USUARIOS de este sitio web, de los usos a los que se someten los datos de car\u00e1cter personal que se recaban en el sitio Web, con el fin de que decidan, libre y voluntariamente, si desean facilitar la informaci\u00f3n solicitada.<\/p><p>PLATJA D\u2019ARNAFONA, SL se reserva la facultad de modificar esta Pol\u00edtica con el objeto de adaptarla a novedades legislativas, criterios jurisprudenciales, pr\u00e1cticas del sector, o intereses de la entidad. Cualquier modificaci\u00f3n en la misma ser\u00e1 anunciada con la debida antelaci\u00f3n, a fin de que tenga perfecto conocimiento de su contenido.<\/p><p><strong>RESPONSABLE<\/strong><\/p><p>El Responsable del Tratamiento de los datos de car\u00e1cter personal es:<\/p><p>Identidad: PLATJA D\u2019ARNAFONA, SL con CIF\/NIF: B64230741, en adelante ENTIDAD<\/p><p>Direcci\u00f3n: Carrer Turisme, 42 \u2013 08370 Calella (Barcelona)<\/p><p>E-mail: <a href=\"mailto:info@alojapro.com\">info@alojapro.com<\/a><\/p><p><strong>FINALIDAD DEL TRATAMIENTO<\/strong><\/p><p>La recogida y tratamiento de los datos personales recogidos a trav\u00e9s del formulario de contacto, tiene como finalidad la gesti\u00f3n, administraci\u00f3n, prestaci\u00f3n, ampliaci\u00f3n y mejora de los servicios prestados por PLATJA D\u2019ARNAFONA, SL, atendiendo a las solicitudes de informaci\u00f3n y\/o consultas planteadas.<\/p><p><strong>PLAZO DE CONSERVACI\u00d3N<\/strong><\/p><p>Los datos personales proporcionados se conservar\u00e1n durante el plazo correspondiente para cumplir con las obligaciones legales, o hasta que se solicite su supresi\u00f3n por el interesado y este est\u00e9 legitimado para ello.<\/p><p><strong>LEGITIMACI\u00d3N<\/strong><\/p><p>PLATJA D\u2019ARNAFONA, SL est\u00e1 legitimado al tratamiento de datos personales, en base al consentimiento otorgado por el interesado para uno o varios fines espec\u00edficos, tal y como recoge el art\u00edculo 6.1.a) del Reglamento General de Protecci\u00f3n de datos personales.<\/p><p><strong>DESTINATARIOS<\/strong><\/p><p>Los datos personales recabados no ser\u00e1n cedidos o comunicados a otros terceros, salvo en los supuestos necesarios para el desarrollo, control y cumplimiento de la\/s finalidad\/es expresada\/s, en los supuestos previstos seg\u00fan Ley, as\u00ed como en los casos espec\u00edficos, de los que se informe expresamente al Usuario.<\/p><p><strong>DERECHOS DE LOS USUARIOS<\/strong>: \u00bfCu\u00e1les son sus derechos cuando nos facilita sus datos?<\/p><ul><li>Acceso: El interesado tiene derecho a saber qu\u00e9 datos est\u00e1 tratando la ENTIDAD sobre \u00e9l.<\/li><li>Rectificaci\u00f3n: El interesado tiene derecho a solicitar la rectificaci\u00f3n de los datos inexactos.<\/li><li>Supresi\u00f3n: El interesado tiene derecho a solicitar la supresi\u00f3n de sus datos cuando, entre otros motivos, los datos no sean necesarios para los fines que fueron recogidos.<\/li><li>Limitaci\u00f3n del tratamiento: En determinadas circunstancias el interesado podr\u00e1 solicitar la limitaci\u00f3n del tratamiento de sus datos, en cuyo caso \u00fanicamente los conservaremos para el ejercicio o la defensa de reclamaciones.<\/li><li>Oposici\u00f3n: En determinadas circunstancias el interesado podr\u00e1 oponerse al tratamiento de sus datos. En ese caso la ENTIDAD dejar\u00e1 de tratar sus datos, salvo por motivos leg\u00edtimos imperiosos o el ejercicio o la defensa de posibles reclamaciones.<\/li><li>Portabilidad de los datos: S\u00f3lo aplicable a datos automatizados y consiste en pasar los datos desde la ENTIDAD a otro nuevo RESPONSABLE DEL TRATAMIENTO (no al interesado y por solicitud del mismo).<\/li><\/ul><p>Puede usted ejercer sus derechos inclu\u00eddo el derecho a retirar su consentimiento (si este fue otorgado) enviando un escrito acompa\u00f1ado de su DNI a PLATJA D\u2019ARNAFONA, SL en Carrer Turisme, 42 \u2013 08370 Calella (Barcelona) o enviando un e-mail a\u00a0<u><a href=\"mailto:info@alojapro.com\">info@alojapro.com<\/a><\/u><\/p><p>Adem\u00e1s, tiene usted derecho a presentar una reclamaci\u00f3n ante la Autoridad de Control en materia de Protecci\u00f3n de Datos, actualmente la Agencia Espa\u00f1ola de Protecci\u00f3n de Datos.<\/p><p><strong>MEDIDAS DE SEGURIDAD<\/strong><\/p><p>El responsable del tratamiento PLATJA D\u2019ARNAFONA, SL aplicar\u00e1 medidas t\u00e9cnicas y organizativas apropiadas para garantizar un nivel de seguridad adecuado al riesgo del mismo.<\/p><p><strong>TRANSFERENCIAS INTERNACIONALES<\/strong><\/p><p>No se realizan transferencias internacionales.<\/p><p><strong>PERFILES Y TOMAS DE DECISIONES AUTOMATIZADAS<\/strong><\/p><p>No se elaboran perfiles, No se toman decisiones automatizadas con los datos facilitados por el usuario.<\/p>\t\t\t\t\t<\/div>\n\t\t\t\t\t\t<\/div>\n\t\t\t\t<\/div>\n\t\t\t\t\t\t<\/div>\n\t\t\t\t\t<\/div>\n\t\t<\/div>\n\t\t\t\t\t\t\t\t<\/div>\n\t\t\t\t\t<\/div>\n\t\t<\/section>\n\t\t\t\t<section class=\"elementor-section elementor-top-section elementor-element elementor-element-de92218 elementor-section-boxed elementor-section-height-default elementor-section-height-default\" data-id=\"de92218\" data-element_type=\"section\">\n\t\t\t\t\t\t<div class=\"elementor-container elementor-column-gap-default\">\n\t\t\t\t\t\t\t<div class=\"elementor-row\">\n\t\t\t\t\t<div class=\"elementor-column elementor-col-100 elementor-top-column elementor-element elementor-element-bfa1c7f\" data-id=\"bfa1c7f\" data-element_type=\"column\">\n\t\t\t<div class=\"elementor-column-wrap elementor-element-populated\">\n\t\t\t\t\t\t\t<div class=\"elementor-widget-wrap\">\n\t\t\t\t\t\t<div class=\"elementor-element elementor-element-53c29c6 elementor-widget elementor-widget-html\" data-id=\"53c29c6\" data-element_type=\"widget\" data-widget_type=\"html.default\">\n\t\t\t\t<div class=\"elementor-widget-container\">\n\t\t\t<meta name=\"robots\" content=\"noindex\">\t\t<\/div>\n\t\t\t\t<\/div>\n\t\t\t\t\t\t<\/div>\n\t\t\t\t\t<\/div>\n\t\t<\/div>\n\t\t\t\t\t\t\t\t<\/div>\n\t\t\t\t\t<\/div>\n\t\t<\/section>\n\t\t\t\t\t\t<\/div>\n\t\t\t\t\t\t<\/div>\n\t\t\t\t\t<\/div>\n\t\t","protected":false},"excerpt":{"rendered":"<p>PLATJA D\u2019ARNAFONA, SL est\u00e1 especialmente sensibilizada en la protecci\u00f3n de datos de car\u00e1cter personal de los Usuarios de los servicios del sitio Web. Mediante la presente Pol\u00edtica de Privacidad (en adelante, la Pol\u00edtica) PLATJA D\u2019ARNAFONA, SL, informa a los USUARIOS de este sitio web, de los usos a los que se someten los datos de [&hellip;]<\/p>\n","protected":false},"author":6,"featured_media":0,"parent":0,"menu_order":0,"comment_status":"closed","ping_status":"closed","template":"","meta":{"footnotes":""},"class_list":["post-7311","page","type-page","status-publish","hentry","no-post-thumbnail"],"yoast_head":"<!-- This site is optimized with the Yoast SEO plugin v26.6 - https:\/\/yoast.com\/wordpress\/plugins\/seo\/ -->\n<title>Pol\u00edtica de privacidad | Alojapro<\/title>\n<meta name=\"robots\" content=\"index, follow, max-snippet:-1, max-image-preview:large, max-video-preview:-1\" \/>\n<link rel=\"canonical\" href=\"https:\/\/alojapro.com\/es\/politica-de-privacidad\/\" \/>\n<meta property=\"og:locale\" content=\"es_ES\" \/>\n<meta property=\"og:type\" content=\"article\" \/>\n<meta property=\"og:title\" content=\"Pol\u00edtica de privacidad | Alojapro\" \/>\n<meta property=\"og:description\" content=\"PLATJA D\u2019ARNAFONA, SL est\u00e1 especialmente sensibilizada en la protecci\u00f3n de datos de car\u00e1cter personal de los Usuarios de los servicios del sitio Web. Mediante la presente Pol\u00edtica de Privacidad (en adelante, la Pol\u00edtica) PLATJA D\u2019ARNAFONA, SL, informa a los USUARIOS de este sitio web, de los usos a los que se someten los datos de [&hellip;]\" \/>\n<meta property=\"og:url\" content=\"https:\/\/alojapro.com\/es\/politica-de-privacidad\/\" \/>\n<meta property=\"og:site_name\" content=\"Alojapro\" \/>\n<meta property=\"article:modified_time\" content=\"2023-08-07T10:20:15+00:00\" \/>\n<meta name=\"twitter:card\" content=\"summary_large_image\" \/>\n<meta name=\"twitter:label1\" content=\"Tiempo de lectura\" \/>\n\t<meta name=\"twitter:data1\" content=\"3 minutos\" \/>\n<script type=\"application\/ld+json\" class=\"yoast-schema-graph\">{\"@context\":\"https:\/\/schema.org\",\"@graph\":[{\"@type\":\"WebPage\",\"@id\":\"https:\/\/alojapro.com\/es\/politica-de-privacidad\/\",\"url\":\"https:\/\/alojapro.com\/es\/politica-de-privacidad\/\",\"name\":\"Pol\u00edtica de privacidad | Alojapro\",\"isPartOf\":{\"@id\":\"https:\/\/alojapro.com\/es\/#website\"},\"datePublished\":\"2021-01-11T16:20:16+00:00\",\"dateModified\":\"2023-08-07T10:20:15+00:00\",\"breadcrumb\":{\"@id\":\"https:\/\/alojapro.com\/es\/politica-de-privacidad\/#breadcrumb\"},\"inLanguage\":\"es\",\"potentialAction\":[{\"@type\":\"ReadAction\",\"target\":[\"https:\/\/alojapro.com\/es\/politica-de-privacidad\/\"]}]},{\"@type\":\"BreadcrumbList\",\"@id\":\"https:\/\/alojapro.com\/es\/politica-de-privacidad\/#breadcrumb\",\"itemListElement\":[{\"@type\":\"ListItem\",\"position\":1,\"name\":\"Home\",\"item\":\"https:\/\/alojapro.com\/es\/\"},{\"@type\":\"ListItem\",\"position\":2,\"name\":\"Pol\u00edtica de privacidad\"}]},{\"@type\":\"WebSite\",\"@id\":\"https:\/\/alojapro.com\/es\/#website\",\"url\":\"https:\/\/alojapro.com\/es\/\",\"name\":\"Alojapro\",\"description\":\"Motor de reservas y soluciones para el sector tur\u00edstico\",\"publisher\":{\"@id\":\"https:\/\/alojapro.com\/es\/#organization\"},\"potentialAction\":[{\"@type\":\"SearchAction\",\"target\":{\"@type\":\"EntryPoint\",\"urlTemplate\":\"https:\/\/alojapro.com\/es\/?s={search_term_string}\"},\"query-input\":{\"@type\":\"PropertyValueSpecification\",\"valueRequired\":true,\"valueName\":\"search_term_string\"}}],\"inLanguage\":\"es\"},{\"@type\":\"Organization\",\"@id\":\"https:\/\/alojapro.com\/es\/#organization\",\"name\":\"Alojapro\",\"alternateName\":\"Aloja\",\"url\":\"https:\/\/alojapro.com\/es\/\",\"logo\":{\"@type\":\"ImageObject\",\"inLanguage\":\"es\",\"@id\":\"https:\/\/alojapro.com\/es\/#\/schema\/logo\/image\/\",\"url\":\"https:\/\/alojapro.com\/wp-content\/uploads\/2021\/12\/LOGO-ALOJAPRO-512x512-1.jpg\",\"contentUrl\":\"https:\/\/alojapro.com\/wp-content\/uploads\/2021\/12\/LOGO-ALOJAPRO-512x512-1.jpg\",\"width\":512,\"height\":512,\"caption\":\"Alojapro\"},\"image\":{\"@id\":\"https:\/\/alojapro.com\/es\/#\/schema\/logo\/image\/\"},\"sameAs\":[\"https:\/\/www.linkedin.com\/company\/alojapro\/\"]}]}<\/script>\n<!-- \/ Yoast SEO plugin. -->","yoast_head_json":{"title":"Pol\u00edtica de privacidad | Alojapro","robots":{"index":"index","follow":"follow","max-snippet":"max-snippet:-1","max-image-preview":"max-image-preview:large","max-video-preview":"max-video-preview:-1"},"canonical":"https:\/\/alojapro.com\/es\/politica-de-privacidad\/","og_locale":"es_ES","og_type":"article","og_title":"Pol\u00edtica de privacidad | Alojapro","og_description":"PLATJA D\u2019ARNAFONA, SL est\u00e1 especialmente sensibilizada en la protecci\u00f3n de datos de car\u00e1cter personal de los Usuarios de los servicios del sitio Web. Mediante la presente Pol\u00edtica de Privacidad (en adelante, la Pol\u00edtica) PLATJA D\u2019ARNAFONA, SL, informa a los USUARIOS de este sitio web, de los usos a los que se someten los datos de [&hellip;]","og_url":"https:\/\/alojapro.com\/es\/politica-de-privacidad\/","og_site_name":"Alojapro","article_modified_time":"2023-08-07T10:20:15+00:00","twitter_card":"summary_large_image","twitter_misc":{"Tiempo de lectura":"3 minutos"},"schema":{"@context":"https:\/\/schema.org","@graph":[{"@type":"WebPage","@id":"https:\/\/alojapro.com\/es\/politica-de-privacidad\/","url":"https:\/\/alojapro.com\/es\/politica-de-privacidad\/","name":"Pol\u00edtica de privacidad | Alojapro","isPartOf":{"@id":"https:\/\/alojapro.com\/es\/#website"},"datePublished":"2021-01-11T16:20:16+00:00","dateModified":"2023-08-07T10:20:15+00:00","breadcrumb":{"@id":"https:\/\/alojapro.com\/es\/politica-de-privacidad\/#breadcrumb"},"inLanguage":"es","potentialAction":[{"@type":"ReadAction","target":["https:\/\/alojapro.com\/es\/politica-de-privacidad\/"]}]},{"@type":"BreadcrumbList","@id":"https:\/\/alojapro.com\/es\/politica-de-privacidad\/#breadcrumb","itemListElement":[{"@type":"ListItem","position":1,"name":"Home","item":"https:\/\/alojapro.com\/es\/"},{"@type":"ListItem","position":2,"name":"Pol\u00edtica de privacidad"}]},{"@type":"WebSite","@id":"https:\/\/alojapro.com\/es\/#website","url":"https:\/\/alojapro.com\/es\/","name":"Alojapro","description":"Motor de reservas y soluciones para el sector tur\u00edstico","publisher":{"@id":"https:\/\/alojapro.com\/es\/#organization"},"potentialAction":[{"@type":"SearchAction","target":{"@type":"EntryPoint","urlTemplate":"https:\/\/alojapro.com\/es\/?s={search_term_string}"},"query-input":{"@type":"PropertyValueSpecification","valueRequired":true,"valueName":"search_term_string"}}],"inLanguage":"es"},{"@type":"Organization","@id":"https:\/\/alojapro.com\/es\/#organization","name":"Alojapro","alternateName":"Aloja","url":"https:\/\/alojapro.com\/es\/","logo":{"@type":"ImageObject","inLanguage":"es","@id":"https:\/\/alojapro.com\/es\/#\/schema\/logo\/image\/","url":"https:\/\/alojapro.com\/wp-content\/uploads\/2021\/12\/LOGO-ALOJAPRO-512x512-1.jpg","contentUrl":"https:\/\/alojapro.com\/wp-content\/uploads\/2021\/12\/LOGO-ALOJAPRO-512x512-1.jpg","width":512,"height":512,"caption":"Alojapro"},"image":{"@id":"https:\/\/alojapro.com\/es\/#\/schema\/logo\/image\/"},"sameAs":["https:\/\/www.linkedin.com\/company\/alojapro\/"]}]}},"_links":{"self":[{"href":"https:\/\/alojapro.com\/es\/wp-json\/wp\/v2\/pages\/7311","targetHints":{"allow":["GET"]}}],"collection":[{"href":"https:\/\/alojapro.com\/es\/wp-json\/wp\/v2\/pages"}],"about":[{"href":"https:\/\/alojapro.com\/es\/wp-json\/wp\/v2\/types\/page"}],"author":[{"embeddable":true,"href":"https:\/\/alojapro.com\/es\/wp-json\/wp\/v2\/users\/6"}],"replies":[{"embeddable":true,"href":"https:\/\/alojapro.com\/es\/wp-json\/wp\/v2\/comments?post=7311"}],"version-history":[{"count":0,"href":"https:\/\/alojapro.com\/es\/wp-json\/wp\/v2\/pages\/7311\/revisions"}],"wp:attachment":[{"href":"https:\/\/alojapro.com\/es\/wp-json\/wp\/v2\/media?parent=7311"}],"curies":[{"name":"wp","href":"https:\/\/api.w.org\/{rel}","templated":true}]}}