{"id":8004,"date":"2021-01-14T09:55:55","date_gmt":"2021-01-14T09:55:55","guid":{"rendered":"https:\/\/turipano360.eu\/alojapro.com\/?page_id=8004"},"modified":"2022-11-03T14:16:17","modified_gmt":"2022-11-03T14:16:17","slug":"marketing-en-buscadores","status":"publish","type":"page","link":"https:\/\/alojapro.com\/es\/marketing-en-buscadores\/","title":{"rendered":"Marketing en buscadores"},"content":{"rendered":"\t\t<div data-elementor-type=\"wp-page\" data-elementor-id=\"8004\" class=\"elementor elementor-8004\" data-elementor-settings=\"[]\">\n\t\t\t\t\t\t<div class=\"elementor-inner\">\n\t\t\t\t\t\t\t<div class=\"elementor-section-wrap\">\n\t\t\t\t\t\t\t<section class=\"elementor-section elementor-top-section elementor-element elementor-element-eeac44f elementor-section-full_width elementor-section-height-default elementor-section-height-default\" data-id=\"eeac44f\" data-element_type=\"section\" data-settings=\"{&quot;background_background&quot;:&quot;classic&quot;}\">\n\t\t\t\t\t\t<div class=\"elementor-container elementor-column-gap-default\">\n\t\t\t\t\t\t\t<div class=\"elementor-row\">\n\t\t\t\t\t<div class=\"elementor-column elementor-col-33 elementor-top-column elementor-element elementor-element-02ad3b6\" data-id=\"02ad3b6\" data-element_type=\"column\">\n\t\t\t<div class=\"elementor-column-wrap elementor-element-populated\">\n\t\t\t\t\t\t\t<div class=\"elementor-widget-wrap\">\n\t\t\t\t\t\t<div class=\"elementor-element elementor-element-19ea2ff elementor-absolute elementor-widget elementor-widget-image\" data-id=\"19ea2ff\" data-element_type=\"widget\" data-settings=\"{&quot;_position&quot;:&quot;absolute&quot;}\" data-widget_type=\"image.default\">\n\t\t\t\t<div class=\"elementor-widget-container\">\n\t\t\t\t\t\t\t\t<div class=\"elementor-image\">\n\t\t\t\t\t\t\t\t\t\t\t\t<img decoding=\"async\" src=\"https:\/\/alojapro.com\/wp-content\/uploads\/2021\/01\/sem-marketing-en-buscadores.png\" title=\"\" alt=\"\" \/>\t\t\t\t\t\t\t\t\t\t\t\t\t\t<\/div>\n\t\t\t\t\t\t<\/div>\n\t\t\t\t<\/div>\n\t\t\t\t\t\t<\/div>\n\t\t\t\t\t<\/div>\n\t\t<\/div>\n\t\t\t\t<div class=\"elementor-column elementor-col-33 elementor-top-column elementor-element elementor-element-2c98d44\" data-id=\"2c98d44\" data-element_type=\"column\">\n\t\t\t<div class=\"elementor-column-wrap elementor-element-populated\">\n\t\t\t\t\t\t\t<div class=\"elementor-widget-wrap\">\n\t\t\t\t\t\t<div class=\"elementor-element elementor-element-5d37a72 elementor-invisible elementor-widget elementor-widget-heading\" data-id=\"5d37a72\" data-element_type=\"widget\" data-settings=\"{&quot;_animation&quot;:&quot;fadeInUp&quot;,&quot;_animation_delay&quot;:200}\" data-widget_type=\"heading.default\">\n\t\t\t\t<div class=\"elementor-widget-container\">\n\t\t\t<span class=\"elementor-heading-title elementor-size-default\">Marketing en buscadores para hoteles<\/span>\t\t<\/div>\n\t\t\t\t<\/div>\n\t\t\t\t<div class=\"elementor-element elementor-element-54f7d44 elementor-widget elementor-widget-text-editor\" data-id=\"54f7d44\" data-element_type=\"widget\" data-widget_type=\"text-editor.default\">\n\t\t\t\t<div class=\"elementor-widget-container\">\n\t\t\t\t\t\t\t\t<div class=\"elementor-text-editor elementor-clearfix\">\n\t\t\t\t<p>Nuestros especialistas de <strong>SEM<\/strong> se encargar\u00e1n de crear y gestionar las campa\u00f1as que tu establecimiento necesita. Este servicio incluye:<\/p><ul><li>Selecci\u00f3n de palabras clave<\/li><li>Redacci\u00f3n de anuncios<\/li><li>Creaci\u00f3n y configuraci\u00f3n de cuentas dentro de Google<\/li><li>Seguimiento y optimizaci\u00f3n de las campa\u00f1as<\/li><li>Informes mensuales y evaluaci\u00f3n de presupuestos y resultados<\/li><\/ul>\t\t\t\t\t<\/div>\n\t\t\t\t\t\t<\/div>\n\t\t\t\t<\/div>\n\t\t\t\t\t\t<\/div>\n\t\t\t\t\t<\/div>\n\t\t<\/div>\n\t\t\t\t<div class=\"elementor-column elementor-col-33 elementor-top-column elementor-element elementor-element-e3c9733\" data-id=\"e3c9733\" data-element_type=\"column\">\n\t\t\t<div class=\"elementor-column-wrap\">\n\t\t\t\t\t\t\t<div class=\"elementor-widget-wrap\">\n\t\t\t\t\t\t\t\t<\/div>\n\t\t\t\t\t<\/div>\n\t\t<\/div>\n\t\t\t\t\t\t\t\t<\/div>\n\t\t\t\t\t<\/div>\n\t\t<\/section>\n\t\t\t\t<section class=\"elementor-section elementor-top-section elementor-element elementor-element-ab7549a elementor-section-boxed elementor-section-height-default elementor-section-height-default\" data-id=\"ab7549a\" data-element_type=\"section\" data-settings=\"{&quot;background_background&quot;:&quot;classic&quot;}\">\n\t\t\t\t\t\t<div class=\"elementor-container elementor-column-gap-default\">\n\t\t\t\t\t\t\t<div class=\"elementor-row\">\n\t\t\t\t\t<div class=\"elementor-column elementor-col-50 elementor-top-column elementor-element elementor-element-f3798a9\" data-id=\"f3798a9\" data-element_type=\"column\">\n\t\t\t<div class=\"elementor-column-wrap elementor-element-populated\">\n\t\t\t\t\t\t\t<div class=\"elementor-widget-wrap\">\n\t\t\t\t\t\t<div class=\"elementor-element elementor-element-cf28e54 elementor-widget elementor-widget-text-editor\" data-id=\"cf28e54\" data-element_type=\"widget\" data-widget_type=\"text-editor.default\">\n\t\t\t\t<div class=\"elementor-widget-container\">\n\t\t\t\t\t\t\t\t<div class=\"elementor-text-editor elementor-clearfix\">\n\t\t\t\t<p>Si est\u00e1s interesado en hacer publicidad en la red de contenidos, tenemos a tu disposici\u00f3n un equipo para dise\u00f1ar banners que se adaptan a tu negocio y campa\u00f1a.<\/p><p>Podemos ofrecerte soluciones a medida de Campa\u00f1as de Publicidad en Internet, ya sea en buscadores o en Redes Sociales.<\/p>\t\t\t\t\t<\/div>\n\t\t\t\t\t\t<\/div>\n\t\t\t\t<\/div>\n\t\t\t\t<div class=\"elementor-element elementor-element-e14e13d elementor-icon-list--layout-traditional elementor-list-item-link-full_width elementor-widget elementor-widget-icon-list\" data-id=\"e14e13d\" data-element_type=\"widget\" data-widget_type=\"icon-list.default\">\n\t\t\t\t<div class=\"elementor-widget-container\">\n\t\t\t\t\t<ul class=\"elementor-icon-list-items\">\n\t\t\t\t\t\t\t<li class=\"elementor-icon-list-item\">\n\t\t\t\t\t\t\t\t\t\t\t<span class=\"elementor-icon-list-icon\">\n\t\t\t\t\t\t\t<i aria-hidden=\"true\" class=\"fas fa-check\"><\/i>\t\t\t\t\t\t<\/span>\n\t\t\t\t\t\t\t\t\t\t<span class=\"elementor-icon-list-text\">\u00bfQuieres tener m\u00e1s visibilidad en los principales buscadores?<\/span>\n\t\t\t\t\t\t\t\t\t<\/li>\n\t\t\t\t\t\t\t\t<li class=\"elementor-icon-list-item\">\n\t\t\t\t\t\t\t\t\t\t\t<span class=\"elementor-icon-list-icon\">\n\t\t\t\t\t\t\t<i aria-hidden=\"true\" class=\"fas fa-check\"><\/i>\t\t\t\t\t\t<\/span>\n\t\t\t\t\t\t\t\t\t\t<span class=\"elementor-icon-list-text\">\u00bfQuieres ser el primero en los enlaces patrocinados?<\/span>\n\t\t\t\t\t\t\t\t\t<\/li>\n\t\t\t\t\t\t\t\t<li class=\"elementor-icon-list-item\">\n\t\t\t\t\t\t\t\t\t\t\t<span class=\"elementor-icon-list-icon\">\n\t\t\t\t\t\t\t<i aria-hidden=\"true\" class=\"fas fa-check\"><\/i>\t\t\t\t\t\t<\/span>\n\t\t\t\t\t\t\t\t\t\t<span class=\"elementor-icon-list-text\">\u00bfQuieres lanzar una campa\u00f1a de branding o de una promoci\u00f3n especial?<\/span>\n\t\t\t\t\t\t\t\t\t<\/li>\n\t\t\t\t\t\t<\/ul>\n\t\t\t\t<\/div>\n\t\t\t\t<\/div>\n\t\t\t\t\t\t<\/div>\n\t\t\t\t\t<\/div>\n\t\t<\/div>\n\t\t\t\t<div class=\"elementor-column elementor-col-50 elementor-top-column elementor-element elementor-element-5322f41\" data-id=\"5322f41\" data-element_type=\"column\">\n\t\t\t<div class=\"elementor-column-wrap elementor-element-populated\">\n\t\t\t\t\t\t\t<div class=\"elementor-widget-wrap\">\n\t\t\t\t\t\t<div class=\"elementor-element elementor-element-a20b29d elementor-widget elementor-widget-image\" data-id=\"a20b29d\" data-element_type=\"widget\" data-widget_type=\"image.default\">\n\t\t\t\t<div class=\"elementor-widget-container\">\n\t\t\t\t\t\t\t\t<div class=\"elementor-image\">\n\t\t\t\t\t\t\t\t\t\t\t\t<img decoding=\"async\" src=\"https:\/\/alojapro.com\/wp-content\/uploads\/2021\/01\/agencias.jpg\" title=\"\" alt=\"\" \/>\t\t\t\t\t\t\t\t\t\t\t\t\t\t<\/div>\n\t\t\t\t\t\t<\/div>\n\t\t\t\t<\/div>\n\t\t\t\t\t\t<\/div>\n\t\t\t\t\t<\/div>\n\t\t<\/div>\n\t\t\t\t\t\t\t\t<\/div>\n\t\t\t\t\t<\/div>\n\t\t<\/section>\n\t\t\t\t\t\t<\/div>\n\t\t\t\t\t\t<\/div>\n\t\t\t\t\t<\/div>\n\t\t","protected":false},"excerpt":{"rendered":"<p>Marketing en buscadores para hoteles Nuestros especialistas de SEM se encargar\u00e1n de crear y gestionar las campa\u00f1as que tu establecimiento necesita. Este servicio incluye: Selecci\u00f3n de palabras clave Redacci\u00f3n de anuncios Creaci\u00f3n y configuraci\u00f3n de cuentas dentro de Google Seguimiento y optimizaci\u00f3n de las campa\u00f1as Informes mensuales y evaluaci\u00f3n de presupuestos y resultados Si est\u00e1s [&hellip;]<\/p>\n","protected":false},"author":6,"featured_media":0,"parent":0,"menu_order":0,"comment_status":"closed","ping_status":"closed","template":"page-fullwidth.php","meta":{"footnotes":""},"class_list":["post-8004","page","type-page","status-publish","hentry","no-post-thumbnail"],"yoast_head":"<!-- This site is optimized with the Yoast SEO plugin v26.6 - https:\/\/yoast.com\/wordpress\/plugins\/seo\/ -->\n<title>Marketing en buscadores | Alojapro<\/title>\n<meta name=\"description\" content=\"Te ofrecemos el servicio de marketing en buscadores ideal para el desarrollo de tu marca, creamos y gestionamos tus campa\u00f1as SEM.\" \/>\n<meta name=\"robots\" content=\"index, follow, max-snippet:-1, max-image-preview:large, max-video-preview:-1\" \/>\n<link rel=\"canonical\" href=\"https:\/\/alojapro.com\/es\/marketing-en-buscadores\/\" \/>\n<meta property=\"og:locale\" content=\"es_ES\" \/>\n<meta property=\"og:type\" content=\"article\" \/>\n<meta property=\"og:title\" content=\"Marketing en buscadores | Alojapro\" \/>\n<meta property=\"og:description\" content=\"Te ofrecemos el servicio de marketing en buscadores ideal para el desarrollo de tu marca, creamos y gestionamos tus campa\u00f1as SEM.\" \/>\n<meta property=\"og:url\" content=\"https:\/\/alojapro.com\/es\/marketing-en-buscadores\/\" \/>\n<meta property=\"og:site_name\" content=\"Alojapro\" \/>\n<meta property=\"article:modified_time\" content=\"2022-11-03T14:16:17+00:00\" \/>\n<meta property=\"og:image\" content=\"https:\/\/alojapro.com\/wp-content\/uploads\/2021\/01\/sem-marketing-en-buscadores.png\" \/>\n<meta name=\"twitter:card\" content=\"summary_large_image\" \/>\n<meta name=\"twitter:label1\" content=\"Tiempo de lectura\" \/>\n\t<meta name=\"twitter:data1\" content=\"1 minuto\" \/>\n<script type=\"application\/ld+json\" class=\"yoast-schema-graph\">{\"@context\":\"https:\/\/schema.org\",\"@graph\":[{\"@type\":\"WebPage\",\"@id\":\"https:\/\/alojapro.com\/es\/marketing-en-buscadores\/\",\"url\":\"https:\/\/alojapro.com\/es\/marketing-en-buscadores\/\",\"name\":\"Marketing en buscadores | Alojapro\",\"isPartOf\":{\"@id\":\"https:\/\/alojapro.com\/es\/#website\"},\"primaryImageOfPage\":{\"@id\":\"https:\/\/alojapro.com\/es\/marketing-en-buscadores\/#primaryimage\"},\"image\":{\"@id\":\"https:\/\/alojapro.com\/es\/marketing-en-buscadores\/#primaryimage\"},\"thumbnailUrl\":\"https:\/\/alojapro.com\/wp-content\/uploads\/2021\/01\/sem-marketing-en-buscadores.png\",\"datePublished\":\"2021-01-14T09:55:55+00:00\",\"dateModified\":\"2022-11-03T14:16:17+00:00\",\"description\":\"Te ofrecemos el servicio de marketing en buscadores ideal para el desarrollo de tu marca, creamos y gestionamos tus campa\u00f1as SEM.\",\"breadcrumb\":{\"@id\":\"https:\/\/alojapro.com\/es\/marketing-en-buscadores\/#breadcrumb\"},\"inLanguage\":\"es\",\"potentialAction\":[{\"@type\":\"ReadAction\",\"target\":[\"https:\/\/alojapro.com\/es\/marketing-en-buscadores\/\"]}]},{\"@type\":\"ImageObject\",\"inLanguage\":\"es\",\"@id\":\"https:\/\/alojapro.com\/es\/marketing-en-buscadores\/#primaryimage\",\"url\":\"https:\/\/alojapro.com\/wp-content\/uploads\/2021\/01\/sem-marketing-en-buscadores.png\",\"contentUrl\":\"https:\/\/alojapro.com\/wp-content\/uploads\/2021\/01\/sem-marketing-en-buscadores.png\"},{\"@type\":\"BreadcrumbList\",\"@id\":\"https:\/\/alojapro.com\/es\/marketing-en-buscadores\/#breadcrumb\",\"itemListElement\":[{\"@type\":\"ListItem\",\"position\":1,\"name\":\"Home\",\"item\":\"https:\/\/alojapro.com\/es\/\"},{\"@type\":\"ListItem\",\"position\":2,\"name\":\"Marketing en buscadores\"}]},{\"@type\":\"WebSite\",\"@id\":\"https:\/\/alojapro.com\/es\/#website\",\"url\":\"https:\/\/alojapro.com\/es\/\",\"name\":\"Alojapro\",\"description\":\"Motor de reservas y soluciones para el sector tur\u00edstico\",\"publisher\":{\"@id\":\"https:\/\/alojapro.com\/es\/#organization\"},\"potentialAction\":[{\"@type\":\"SearchAction\",\"target\":{\"@type\":\"EntryPoint\",\"urlTemplate\":\"https:\/\/alojapro.com\/es\/?s={search_term_string}\"},\"query-input\":{\"@type\":\"PropertyValueSpecification\",\"valueRequired\":true,\"valueName\":\"search_term_string\"}}],\"inLanguage\":\"es\"},{\"@type\":\"Organization\",\"@id\":\"https:\/\/alojapro.com\/es\/#organization\",\"name\":\"Alojapro\",\"alternateName\":\"Aloja\",\"url\":\"https:\/\/alojapro.com\/es\/\",\"logo\":{\"@type\":\"ImageObject\",\"inLanguage\":\"es\",\"@id\":\"https:\/\/alojapro.com\/es\/#\/schema\/logo\/image\/\",\"url\":\"https:\/\/alojapro.com\/wp-content\/uploads\/2021\/12\/LOGO-ALOJAPRO-512x512-1.jpg\",\"contentUrl\":\"https:\/\/alojapro.com\/wp-content\/uploads\/2021\/12\/LOGO-ALOJAPRO-512x512-1.jpg\",\"width\":512,\"height\":512,\"caption\":\"Alojapro\"},\"image\":{\"@id\":\"https:\/\/alojapro.com\/es\/#\/schema\/logo\/image\/\"},\"sameAs\":[\"https:\/\/www.linkedin.com\/company\/alojapro\/\"]}]}<\/script>\n<!-- \/ Yoast SEO plugin. -->","yoast_head_json":{"title":"Marketing en buscadores | Alojapro","description":"Te ofrecemos el servicio de marketing en buscadores ideal para el desarrollo de tu marca, creamos y gestionamos tus campa\u00f1as SEM.","robots":{"index":"index","follow":"follow","max-snippet":"max-snippet:-1","max-image-preview":"max-image-preview:large","max-video-preview":"max-video-preview:-1"},"canonical":"https:\/\/alojapro.com\/es\/marketing-en-buscadores\/","og_locale":"es_ES","og_type":"article","og_title":"Marketing en buscadores | Alojapro","og_description":"Te ofrecemos el servicio de marketing en buscadores ideal para el desarrollo de tu marca, creamos y gestionamos tus campa\u00f1as SEM.","og_url":"https:\/\/alojapro.com\/es\/marketing-en-buscadores\/","og_site_name":"Alojapro","article_modified_time":"2022-11-03T14:16:17+00:00","og_image":[{"url":"https:\/\/alojapro.com\/wp-content\/uploads\/2021\/01\/sem-marketing-en-buscadores.png","type":"","width":"","height":""}],"twitter_card":"summary_large_image","twitter_misc":{"Tiempo de lectura":"1 minuto"},"schema":{"@context":"https:\/\/schema.org","@graph":[{"@type":"WebPage","@id":"https:\/\/alojapro.com\/es\/marketing-en-buscadores\/","url":"https:\/\/alojapro.com\/es\/marketing-en-buscadores\/","name":"Marketing en buscadores | Alojapro","isPartOf":{"@id":"https:\/\/alojapro.com\/es\/#website"},"primaryImageOfPage":{"@id":"https:\/\/alojapro.com\/es\/marketing-en-buscadores\/#primaryimage"},"image":{"@id":"https:\/\/alojapro.com\/es\/marketing-en-buscadores\/#primaryimage"},"thumbnailUrl":"https:\/\/alojapro.com\/wp-content\/uploads\/2021\/01\/sem-marketing-en-buscadores.png","datePublished":"2021-01-14T09:55:55+00:00","dateModified":"2022-11-03T14:16:17+00:00","description":"Te ofrecemos el servicio de marketing en buscadores ideal para el desarrollo de tu marca, creamos y gestionamos tus campa\u00f1as SEM.","breadcrumb":{"@id":"https:\/\/alojapro.com\/es\/marketing-en-buscadores\/#breadcrumb"},"inLanguage":"es","potentialAction":[{"@type":"ReadAction","target":["https:\/\/alojapro.com\/es\/marketing-en-buscadores\/"]}]},{"@type":"ImageObject","inLanguage":"es","@id":"https:\/\/alojapro.com\/es\/marketing-en-buscadores\/#primaryimage","url":"https:\/\/alojapro.com\/wp-content\/uploads\/2021\/01\/sem-marketing-en-buscadores.png","contentUrl":"https:\/\/alojapro.com\/wp-content\/uploads\/2021\/01\/sem-marketing-en-buscadores.png"},{"@type":"BreadcrumbList","@id":"https:\/\/alojapro.com\/es\/marketing-en-buscadores\/#breadcrumb","itemListElement":[{"@type":"ListItem","position":1,"name":"Home","item":"https:\/\/alojapro.com\/es\/"},{"@type":"ListItem","position":2,"name":"Marketing en buscadores"}]},{"@type":"WebSite","@id":"https:\/\/alojapro.com\/es\/#website","url":"https:\/\/alojapro.com\/es\/","name":"Alojapro","description":"Motor de reservas y soluciones para el sector tur\u00edstico","publisher":{"@id":"https:\/\/alojapro.com\/es\/#organization"},"potentialAction":[{"@type":"SearchAction","target":{"@type":"EntryPoint","urlTemplate":"https:\/\/alojapro.com\/es\/?s={search_term_string}"},"query-input":{"@type":"PropertyValueSpecification","valueRequired":true,"valueName":"search_term_string"}}],"inLanguage":"es"},{"@type":"Organization","@id":"https:\/\/alojapro.com\/es\/#organization","name":"Alojapro","alternateName":"Aloja","url":"https:\/\/alojapro.com\/es\/","logo":{"@type":"ImageObject","inLanguage":"es","@id":"https:\/\/alojapro.com\/es\/#\/schema\/logo\/image\/","url":"https:\/\/alojapro.com\/wp-content\/uploads\/2021\/12\/LOGO-ALOJAPRO-512x512-1.jpg","contentUrl":"https:\/\/alojapro.com\/wp-content\/uploads\/2021\/12\/LOGO-ALOJAPRO-512x512-1.jpg","width":512,"height":512,"caption":"Alojapro"},"image":{"@id":"https:\/\/alojapro.com\/es\/#\/schema\/logo\/image\/"},"sameAs":["https:\/\/www.linkedin.com\/company\/alojapro\/"]}]}},"_links":{"self":[{"href":"https:\/\/alojapro.com\/es\/wp-json\/wp\/v2\/pages\/8004","targetHints":{"allow":["GET"]}}],"collection":[{"href":"https:\/\/alojapro.com\/es\/wp-json\/wp\/v2\/pages"}],"about":[{"href":"https:\/\/alojapro.com\/es\/wp-json\/wp\/v2\/types\/page"}],"author":[{"embeddable":true,"href":"https:\/\/alojapro.com\/es\/wp-json\/wp\/v2\/users\/6"}],"replies":[{"embeddable":true,"href":"https:\/\/alojapro.com\/es\/wp-json\/wp\/v2\/comments?post=8004"}],"version-history":[{"count":0,"href":"https:\/\/alojapro.com\/es\/wp-json\/wp\/v2\/pages\/8004\/revisions"}],"wp:attachment":[{"href":"https:\/\/alojapro.com\/es\/wp-json\/wp\/v2\/media?parent=8004"}],"curies":[{"name":"wp","href":"https:\/\/api.w.org\/{rel}","templated":true}]}}