{"id":8070,"date":"2021-01-14T10:18:05","date_gmt":"2021-01-14T10:18:05","guid":{"rendered":"https:\/\/turipano360.eu\/alojapro.com\/?page_id=8070"},"modified":"2022-11-02T16:31:49","modified_gmt":"2022-11-02T16:31:49","slug":"marketing-en-redes-sociales","status":"publish","type":"page","link":"https:\/\/alojapro.com\/es\/marketing-en-redes-sociales\/","title":{"rendered":"Marketing en social media"},"content":{"rendered":"\t\t<div data-elementor-type=\"wp-page\" data-elementor-id=\"8070\" class=\"elementor elementor-8070\" data-elementor-settings=\"[]\">\n\t\t\t\t\t\t<div class=\"elementor-inner\">\n\t\t\t\t\t\t\t<div class=\"elementor-section-wrap\">\n\t\t\t\t\t\t\t<section class=\"elementor-section elementor-top-section elementor-element elementor-element-8bc282b elementor-section-full_width elementor-section-height-default elementor-section-height-default\" data-id=\"8bc282b\" data-element_type=\"section\">\n\t\t\t\t\t\t<div class=\"elementor-container elementor-column-gap-no\">\n\t\t\t\t\t\t\t<div class=\"elementor-row\">\n\t\t\t\t\t<div class=\"elementor-column elementor-col-100 elementor-top-column elementor-element elementor-element-6f2b776\" data-id=\"6f2b776\" data-element_type=\"column\">\n\t\t\t<div class=\"elementor-column-wrap elementor-element-populated\">\n\t\t\t\t\t\t\t<div class=\"elementor-widget-wrap\">\n\t\t\t\t\t\t<div class=\"elementor-element elementor-element-9afb30f elementor-widget elementor-widget-saasland_bubble_features\" data-id=\"9afb30f\" data-element_type=\"widget\" data-widget_type=\"saasland_bubble_features.default\">\n\t\t\t\t<div class=\"elementor-widget-container\">\n\t\t\t        <section class=\"app_featured_area\">\r\n        <div class=\"container\">\r\n        <div class=\"row flex-row-reverse app_feature_info\">\r\n            <div class=\"col-lg-6\">\r\n                <div class=\"app_fetured_item\">\r\n                                            <div style='background-image: -webkit-linear-gradient(40deg, #CF3087 0%, #F5B946 100%)' class=\"app_item item_one elementor-repeater-item-ff64dcf\" data-parallax='{&quot;x&quot;: 0, &quot;y&quot;: 50}'>\r\n                                                            <i class=\"ti-instagram f_size_40 w_color\"><\/i>\r\n                                                                                            <h6 class=\"f_p f_400 f_size_16 w_color l_height45\"> Instagram <\/h6>\r\n                                                    <\/div>\r\n                                                <div style='background-image: -webkit-linear-gradient(40deg, #1877F2 0%, #006FFF 100%)' class=\"app_item item_two elementor-repeater-item-9289257\" data-parallax='{&quot;x&quot;: 0, &quot;y&quot;: -30}'>\r\n                                                            <i class=\"ti-facebook f_size_40 w_color\"><\/i>\r\n                                                                                            <h6 class=\"f_p f_400 f_size_16 w_color l_height45\"> Facebook <\/h6>\r\n                                                    <\/div>\r\n                                                <div style='background-image: -webkit-linear-gradient(40deg, #1DA1F2 0%, #78CCFF 100%)' class=\"app_item item_three elementor-repeater-item-ce704e3\" data-parallax='{&quot;x&quot;: 50, &quot;y&quot;: 10}'>\r\n                                                            <i class=\"ti-twitter-alt f_size_40 w_color\"><\/i>\r\n                                                                                            <h6 class=\"f_p f_400 f_size_16 w_color l_height45\"> Twitter <\/h6>\r\n                                                    <\/div>\r\n                                                <div style='background-image: -webkit-linear-gradient(40deg, #2171d4 0%, #2cc4f0 100%)' class=\"app_item item_four elementor-repeater-item-9cb3b8b\" data-parallax='{&quot;x&quot;: -20, &quot;y&quot;: 50}'>\r\n                                                            <i class=\"ti-linkedin f_size_40 w_color\"><\/i>\r\n                                                                                            <h6 class=\"f_p f_400 f_size_16 w_color l_height45\"> Linkedin <\/h6>\r\n                                                    <\/div>\r\n                                        <\/div>\r\n            <\/div>\r\n\r\n            <div class=\"col-lg-6\">\r\n                <div class=\"app_featured_content\">\r\n                                            <h2 class=\"f_p f_size_30 f_700 t_color3 l_height45 pr_70 mb-30\">\r\n                            Social media marketing para hoteles                        <\/h2>\r\n                                                                <p class=\"f_300\">\r\n                            <ul><br \/>\n<li>Investigamos el mercado.<\/li><li>Establecemos objetivos espec\u00edficos.<\/li><li>Trazamos una estrategia de social media.<\/li><li>Implementamos un plan de acci\u00f3n en las redes sociales.<\/li><li>Medimos cuantitativa y cualitativamente las acciones realizadas. <\/li><li>Te damos una soluci\u00f3n personalizada para que tu establecimiento tenga una presencia de calidad dentro de las redes sociales. <\/li><br \/>\n<\/ul>                        <\/p>\r\n                                        <a href=\"\" class=\"learn_btn_two\" >\r\n                         <i class=\"ti-arrow-right\"><\/i>\r\n                    <\/a>\r\n                <\/div>\r\n            <\/div>\r\n        <\/div>\r\n        <\/div>\r\n        <\/section>\r\n        \t\t<\/div>\n\t\t\t\t<\/div>\n\t\t\t\t\t\t<\/div>\n\t\t\t\t\t<\/div>\n\t\t<\/div>\n\t\t\t\t\t\t\t\t<\/div>\n\t\t\t\t\t<\/div>\n\t\t<\/section>\n\t\t\t\t<section class=\"elementor-section elementor-top-section elementor-element elementor-element-c3819a0 elementor-section-full_width elementor-section-height-default elementor-section-height-default\" data-id=\"c3819a0\" data-element_type=\"section\" id=\"tabs-redes\">\n\t\t\t\t\t\t<div class=\"elementor-container elementor-column-gap-no\">\n\t\t\t\t\t\t\t<div class=\"elementor-row\">\n\t\t\t\t\t<div class=\"elementor-column elementor-col-100 elementor-top-column elementor-element elementor-element-a0c4b42\" data-id=\"a0c4b42\" data-element_type=\"column\">\n\t\t\t<div class=\"elementor-column-wrap elementor-element-populated\">\n\t\t\t\t\t\t\t<div class=\"elementor-widget-wrap\">\n\t\t\t\t\t\t<div class=\"elementor-element elementor-element-59dadc7 elementor-widget elementor-widget-Saasland_tabs_horizontal\" data-id=\"59dadc7\" data-element_type=\"widget\" data-widget_type=\"Saasland_tabs_horizontal.default\">\n\t\t\t\t<div class=\"elementor-widget-container\">\n\t\t\t            <section class=\"pos_developer_product_area sec_pad ht-tab tabs-59dadc7\" id=\"tabs-59dadc7\">\r\n                <div class=\"container\">\r\n                                    <div class=\"row\">\r\n                    <div class=\"col-lg-6\">\r\n                        <div class=\"tab_img_info\">\r\n                                                    <\/div>\r\n                    <\/div>\r\n                    <div class=\"col-lg-6 d-flex align-items-center\">\r\n                        <div class=\"developer_product_content\">\r\n                            <ul class=\"nav nav-tabs develor_tab mb-30\" id=\"myTab2\" role=\"tablist\">\r\n                                                                    <li class=\"nav-item\">\r\n                                        <a class=\"nav-link  active show\" id=\"saasland-tab-9421\" data-toggle=\"tab\" role=\"tab\" data-tab=\"ht2_tab_0_59dadc7\" href=\"#saasland-tab-content-9421\" aria-controls=\"saasland-tab-content-9421\" aria-selected=\"false\">\r\n                                            Social Media Integral                                        <\/a>\r\n                                    <\/li>\r\n                                                                        <li class=\"nav-item\">\r\n                                        <a class=\"nav-link \" id=\"saasland-tab-9422\" data-toggle=\"tab\" role=\"tab\" data-tab=\"ht2_tab_1_59dadc7\" href=\"#saasland-tab-content-9422\" aria-controls=\"saasland-tab-content-9422\" aria-selected=\"true\">\r\n                                            Social Media Acompa\u00f1amiento                                        <\/a>\r\n                                    <\/li>\r\n                                                                        <li class=\"nav-item\">\r\n                                        <a class=\"nav-link \" id=\"saasland-tab-9423\" data-toggle=\"tab\" role=\"tab\" data-tab=\"ht2_tab_2_59dadc7\" href=\"#saasland-tab-content-9423\" aria-controls=\"saasland-tab-content-9423\" aria-selected=\"false\">\r\n                                            Social Media Personalizado                                        <\/a>\r\n                                    <\/li>\r\n                                                                        <li class=\"nav-item\">\r\n                                        <a class=\"nav-link \" id=\"saasland-tab-9424\" data-toggle=\"tab\" role=\"tab\" data-tab=\"ht2_tab_3_59dadc7\" href=\"#saasland-tab-content-9424\" aria-controls=\"saasland-tab-content-9424\" aria-selected=\"false\">\r\n                                            Formaci\u00f3n en redes sociales                                        <\/a>\r\n                                    <\/li>\r\n                                                                <\/ul>\r\n                            <div class=\"tab-content developer_tab_content\">\r\n                                                                    <div class=\"tab-pane fade  active show\" aria-labelledby=\"saasland-tab-9421\" role=\"tabpanel\" id=\"saasland-tab-content-9421\">\r\n                                        <p>La mejor soluci\u00f3n si quieres una gesti\u00f3n externalizada 100% de tu presencia en las redes sociales. Nos encargamos de gestionar las redes sociales de tu hotel.<\/p>                                    <\/div>\r\n                                                                        <div class=\"tab-pane fade \" aria-labelledby=\"saasland-tab-9422\" role=\"tabpanel\" id=\"saasland-tab-content-9422\">\r\n                                        <p>Si tienes o tendr\u00e1s personal a cargo del social media marketing para el hotel, pero no tienes todos los conocimientos o herramientas necesarios para empezar, te acompa\u00f1amos en la etapa inicial hasta que puedas funcionar de manera aut\u00f3noma. Elaboramos la estrategia y vosotros la llev\u00e1is a cabo<\/p><p>Si tienes o tendr\u00e1s personal a cargo del social media marketing para el hotel, pero no tienes todos los conocimientos o herramientas necesarios para empezar, te acompa\u00f1amos en la etapa inicial hasta que puedas funcionar de manera aut\u00f3noma. Elaboramos la estrategia y t\u00fa la llevas a cabo.<\/p>                                    <\/div>\r\n                                                                        <div class=\"tab-pane fade \" aria-labelledby=\"saasland-tab-9423\" role=\"tabpanel\" id=\"saasland-tab-content-9423\">\r\n                                        <p>Si quieres externalizar la gesti\u00f3n de un canal en particular, esta es tu f\u00f3rmula. Gestionamos tu blog, dinamizamos tu perfil en Facebook, interactuamos con tus contactos en Twitter y activamos tus promociones en Foursquare, \u00a1t\u00fa decides!<\/p>                                    <\/div>\r\n                                                                        <div class=\"tab-pane fade \" aria-labelledby=\"saasland-tab-9424\" role=\"tabpanel\" id=\"saasland-tab-content-9424\">\r\n                                        <p>Nos adaptamos a tu nivel de conocimiento en las redes sociales, dise\u00f1ando formaciones a medida. Formaci\u00f3n en redes sociales individuales y para grupos para trazar objetivos y dise\u00f1ar estrategias, escoger y gestionar los canales y herramientas m\u00e1s adecuadas, y aprender a medir y presentar los resultados.<\/p>                                    <\/div>\r\n                                                                <\/div>\r\n                        <\/div>\r\n                    <\/div>\r\n                <\/div>\r\n                <\/div>\r\n            <\/section>\r\n            <script>\r\n                ;(function($){\r\n                    \"use strict\";\r\n                    $(document).ready(function () {\r\n                        $(\"#tabs-59dadc7 .develor_tab li a\").click(function() {\r\n                            var tab_id = $(this).attr(\"data-tab\");\r\n                            $(\"#tabs-59dadc7 .tab_img\").removeClass(\"active\");\r\n                            $(\"#\" + tab_id).addClass(\"active\");\r\n                        });\r\n                    })\r\n                })(jQuery);\r\n            <\/script>\r\n            \t\t<\/div>\n\t\t\t\t<\/div>\n\t\t\t\t\t\t<\/div>\n\t\t\t\t\t<\/div>\n\t\t<\/div>\n\t\t\t\t\t\t\t\t<\/div>\n\t\t\t\t\t<\/div>\n\t\t<\/section>\n\t\t\t\t\t\t<\/div>\n\t\t\t\t\t\t<\/div>\n\t\t\t\t\t<\/div>\n\t\t","protected":false},"excerpt":{"rendered":"<p>Instagram Facebook Twitter Linkedin Social media marketing para hoteles &nbsp; Investigamos el mercado. Establecemos objetivos espec\u00edficos. Trazamos una estrategia de social media. Implementamos un plan de acci\u00f3n en las redes sociales. Medimos cuantitativa y cualitativamente las acciones realizadas. Te damos una soluci\u00f3n personalizada para que tu establecimiento tenga una presencia de calidad dentro de las [&hellip;]<\/p>\n","protected":false},"author":6,"featured_media":0,"parent":0,"menu_order":0,"comment_status":"closed","ping_status":"closed","template":"","meta":{"footnotes":""},"class_list":["post-8070","page","type-page","status-publish","hentry","no-post-thumbnail"],"yoast_head":"<!-- This site is optimized with the Yoast SEO plugin v26.6 - https:\/\/yoast.com\/wordpress\/plugins\/seo\/ -->\n<title>Marketing en social media | Alojapro<\/title>\n<meta name=\"description\" content=\"Conecta con tu cliente mediante estrategias de Social Media eficaces, conoce nuestro servicio de gesti\u00f3n de social media para hoteles.\" \/>\n<meta name=\"robots\" content=\"index, follow, max-snippet:-1, max-image-preview:large, max-video-preview:-1\" \/>\n<link rel=\"canonical\" href=\"https:\/\/alojapro.com\/es\/marketing-en-redes-sociales\/\" \/>\n<meta property=\"og:locale\" content=\"es_ES\" \/>\n<meta property=\"og:type\" content=\"article\" \/>\n<meta property=\"og:title\" content=\"Marketing en social media | Alojapro\" \/>\n<meta property=\"og:description\" content=\"Conecta con tu cliente mediante estrategias de Social Media eficaces, conoce nuestro servicio de gesti\u00f3n de social media para hoteles.\" \/>\n<meta property=\"og:url\" content=\"https:\/\/alojapro.com\/es\/marketing-en-redes-sociales\/\" \/>\n<meta property=\"og:site_name\" content=\"Alojapro\" \/>\n<meta property=\"article:modified_time\" content=\"2022-11-02T16:31:49+00:00\" \/>\n<meta name=\"twitter:card\" content=\"summary_large_image\" \/>\n<meta name=\"twitter:label1\" content=\"Tiempo de lectura\" \/>\n\t<meta name=\"twitter:data1\" content=\"1 minuto\" \/>\n<script type=\"application\/ld+json\" class=\"yoast-schema-graph\">{\"@context\":\"https:\/\/schema.org\",\"@graph\":[{\"@type\":\"WebPage\",\"@id\":\"https:\/\/alojapro.com\/es\/marketing-en-redes-sociales\/\",\"url\":\"https:\/\/alojapro.com\/es\/marketing-en-redes-sociales\/\",\"name\":\"Marketing en social media | Alojapro\",\"isPartOf\":{\"@id\":\"https:\/\/alojapro.com\/es\/#website\"},\"datePublished\":\"2021-01-14T10:18:05+00:00\",\"dateModified\":\"2022-11-02T16:31:49+00:00\",\"description\":\"Conecta con tu cliente mediante estrategias de Social Media eficaces, conoce nuestro servicio de gesti\u00f3n de social media para hoteles.\",\"breadcrumb\":{\"@id\":\"https:\/\/alojapro.com\/es\/marketing-en-redes-sociales\/#breadcrumb\"},\"inLanguage\":\"es\",\"potentialAction\":[{\"@type\":\"ReadAction\",\"target\":[\"https:\/\/alojapro.com\/es\/marketing-en-redes-sociales\/\"]}]},{\"@type\":\"BreadcrumbList\",\"@id\":\"https:\/\/alojapro.com\/es\/marketing-en-redes-sociales\/#breadcrumb\",\"itemListElement\":[{\"@type\":\"ListItem\",\"position\":1,\"name\":\"Home\",\"item\":\"https:\/\/alojapro.com\/es\/\"},{\"@type\":\"ListItem\",\"position\":2,\"name\":\"Marketing en social media\"}]},{\"@type\":\"WebSite\",\"@id\":\"https:\/\/alojapro.com\/es\/#website\",\"url\":\"https:\/\/alojapro.com\/es\/\",\"name\":\"Alojapro\",\"description\":\"Motor de reservas y soluciones para el sector tur\u00edstico\",\"publisher\":{\"@id\":\"https:\/\/alojapro.com\/es\/#organization\"},\"potentialAction\":[{\"@type\":\"SearchAction\",\"target\":{\"@type\":\"EntryPoint\",\"urlTemplate\":\"https:\/\/alojapro.com\/es\/?s={search_term_string}\"},\"query-input\":{\"@type\":\"PropertyValueSpecification\",\"valueRequired\":true,\"valueName\":\"search_term_string\"}}],\"inLanguage\":\"es\"},{\"@type\":\"Organization\",\"@id\":\"https:\/\/alojapro.com\/es\/#organization\",\"name\":\"Alojapro\",\"alternateName\":\"Aloja\",\"url\":\"https:\/\/alojapro.com\/es\/\",\"logo\":{\"@type\":\"ImageObject\",\"inLanguage\":\"es\",\"@id\":\"https:\/\/alojapro.com\/es\/#\/schema\/logo\/image\/\",\"url\":\"https:\/\/alojapro.com\/wp-content\/uploads\/2021\/12\/LOGO-ALOJAPRO-512x512-1.jpg\",\"contentUrl\":\"https:\/\/alojapro.com\/wp-content\/uploads\/2021\/12\/LOGO-ALOJAPRO-512x512-1.jpg\",\"width\":512,\"height\":512,\"caption\":\"Alojapro\"},\"image\":{\"@id\":\"https:\/\/alojapro.com\/es\/#\/schema\/logo\/image\/\"},\"sameAs\":[\"https:\/\/www.linkedin.com\/company\/alojapro\/\"]}]}<\/script>\n<!-- \/ Yoast SEO plugin. -->","yoast_head_json":{"title":"Marketing en social media | Alojapro","description":"Conecta con tu cliente mediante estrategias de Social Media eficaces, conoce nuestro servicio de gesti\u00f3n de social media para hoteles.","robots":{"index":"index","follow":"follow","max-snippet":"max-snippet:-1","max-image-preview":"max-image-preview:large","max-video-preview":"max-video-preview:-1"},"canonical":"https:\/\/alojapro.com\/es\/marketing-en-redes-sociales\/","og_locale":"es_ES","og_type":"article","og_title":"Marketing en social media | Alojapro","og_description":"Conecta con tu cliente mediante estrategias de Social Media eficaces, conoce nuestro servicio de gesti\u00f3n de social media para hoteles.","og_url":"https:\/\/alojapro.com\/es\/marketing-en-redes-sociales\/","og_site_name":"Alojapro","article_modified_time":"2022-11-02T16:31:49+00:00","twitter_card":"summary_large_image","twitter_misc":{"Tiempo de lectura":"1 minuto"},"schema":{"@context":"https:\/\/schema.org","@graph":[{"@type":"WebPage","@id":"https:\/\/alojapro.com\/es\/marketing-en-redes-sociales\/","url":"https:\/\/alojapro.com\/es\/marketing-en-redes-sociales\/","name":"Marketing en social media | Alojapro","isPartOf":{"@id":"https:\/\/alojapro.com\/es\/#website"},"datePublished":"2021-01-14T10:18:05+00:00","dateModified":"2022-11-02T16:31:49+00:00","description":"Conecta con tu cliente mediante estrategias de Social Media eficaces, conoce nuestro servicio de gesti\u00f3n de social media para hoteles.","breadcrumb":{"@id":"https:\/\/alojapro.com\/es\/marketing-en-redes-sociales\/#breadcrumb"},"inLanguage":"es","potentialAction":[{"@type":"ReadAction","target":["https:\/\/alojapro.com\/es\/marketing-en-redes-sociales\/"]}]},{"@type":"BreadcrumbList","@id":"https:\/\/alojapro.com\/es\/marketing-en-redes-sociales\/#breadcrumb","itemListElement":[{"@type":"ListItem","position":1,"name":"Home","item":"https:\/\/alojapro.com\/es\/"},{"@type":"ListItem","position":2,"name":"Marketing en social media"}]},{"@type":"WebSite","@id":"https:\/\/alojapro.com\/es\/#website","url":"https:\/\/alojapro.com\/es\/","name":"Alojapro","description":"Motor de reservas y soluciones para el sector tur\u00edstico","publisher":{"@id":"https:\/\/alojapro.com\/es\/#organization"},"potentialAction":[{"@type":"SearchAction","target":{"@type":"EntryPoint","urlTemplate":"https:\/\/alojapro.com\/es\/?s={search_term_string}"},"query-input":{"@type":"PropertyValueSpecification","valueRequired":true,"valueName":"search_term_string"}}],"inLanguage":"es"},{"@type":"Organization","@id":"https:\/\/alojapro.com\/es\/#organization","name":"Alojapro","alternateName":"Aloja","url":"https:\/\/alojapro.com\/es\/","logo":{"@type":"ImageObject","inLanguage":"es","@id":"https:\/\/alojapro.com\/es\/#\/schema\/logo\/image\/","url":"https:\/\/alojapro.com\/wp-content\/uploads\/2021\/12\/LOGO-ALOJAPRO-512x512-1.jpg","contentUrl":"https:\/\/alojapro.com\/wp-content\/uploads\/2021\/12\/LOGO-ALOJAPRO-512x512-1.jpg","width":512,"height":512,"caption":"Alojapro"},"image":{"@id":"https:\/\/alojapro.com\/es\/#\/schema\/logo\/image\/"},"sameAs":["https:\/\/www.linkedin.com\/company\/alojapro\/"]}]}},"_links":{"self":[{"href":"https:\/\/alojapro.com\/es\/wp-json\/wp\/v2\/pages\/8070","targetHints":{"allow":["GET"]}}],"collection":[{"href":"https:\/\/alojapro.com\/es\/wp-json\/wp\/v2\/pages"}],"about":[{"href":"https:\/\/alojapro.com\/es\/wp-json\/wp\/v2\/types\/page"}],"author":[{"embeddable":true,"href":"https:\/\/alojapro.com\/es\/wp-json\/wp\/v2\/users\/6"}],"replies":[{"embeddable":true,"href":"https:\/\/alojapro.com\/es\/wp-json\/wp\/v2\/comments?post=8070"}],"version-history":[{"count":0,"href":"https:\/\/alojapro.com\/es\/wp-json\/wp\/v2\/pages\/8070\/revisions"}],"wp:attachment":[{"href":"https:\/\/alojapro.com\/es\/wp-json\/wp\/v2\/media?parent=8070"}],"curies":[{"name":"wp","href":"https:\/\/api.w.org\/{rel}","templated":true}]}}