{"id":8123,"date":"2021-01-14T10:52:19","date_gmt":"2021-01-14T10:52:19","guid":{"rendered":"https:\/\/turipano360.eu\/alojapro.com\/?page_id=8123"},"modified":"2025-02-20T11:02:31","modified_gmt":"2025-02-20T11:02:31","slug":"email-marketing-para-hoteles","status":"publish","type":"page","link":"https:\/\/alojapro.com\/es\/email-marketing-para-hoteles\/","title":{"rendered":"Email marketing para alojamientos tur\u00edsticos"},"content":{"rendered":"\t\t<div data-elementor-type=\"wp-page\" data-elementor-id=\"8123\" class=\"elementor elementor-8123\" data-elementor-settings=\"[]\">\n\t\t\t\t\t\t<div class=\"elementor-inner\">\n\t\t\t\t\t\t\t<div class=\"elementor-section-wrap\">\n\t\t\t\t\t\t\t<section class=\"elementor-section elementor-top-section elementor-element elementor-element-5ed12f3 elementor-section-boxed elementor-section-height-default elementor-section-height-default\" data-id=\"5ed12f3\" data-element_type=\"section\" data-settings=\"{&quot;background_background&quot;:&quot;classic&quot;}\">\n\t\t\t\t\t\t<div class=\"elementor-container elementor-column-gap-default\">\n\t\t\t\t\t\t\t<div class=\"elementor-row\">\n\t\t\t\t\t<div class=\"elementor-column elementor-col-50 elementor-top-column elementor-element elementor-element-52aac8a\" data-id=\"52aac8a\" data-element_type=\"column\">\n\t\t\t<div class=\"elementor-column-wrap elementor-element-populated\">\n\t\t\t\t\t\t\t<div class=\"elementor-widget-wrap\">\n\t\t\t\t\t\t<div class=\"elementor-element elementor-element-48de478 elementor-widget elementor-widget-image\" data-id=\"48de478\" data-element_type=\"widget\" data-widget_type=\"image.default\">\n\t\t\t\t<div class=\"elementor-widget-container\">\n\t\t\t\t\t\t\t\t<div class=\"elementor-image\">\n\t\t\t\t\t\t\t\t\t\t\t\t<img decoding=\"async\" src=\"https:\/\/alojapro.com\/wp-content\/uploads\/2021\/01\/email-marketing.jpg\" title=\"\" alt=\"\" \/>\t\t\t\t\t\t\t\t\t\t\t\t\t\t<\/div>\n\t\t\t\t\t\t<\/div>\n\t\t\t\t<\/div>\n\t\t\t\t\t\t<\/div>\n\t\t\t\t\t<\/div>\n\t\t<\/div>\n\t\t\t\t<div class=\"elementor-column elementor-col-50 elementor-top-column elementor-element elementor-element-1251763\" data-id=\"1251763\" data-element_type=\"column\">\n\t\t\t<div class=\"elementor-column-wrap elementor-element-populated\">\n\t\t\t\t\t\t\t<div class=\"elementor-widget-wrap\">\n\t\t\t\t\t\t<div class=\"elementor-element elementor-element-051ddb4 elementor-widget elementor-widget-heading\" data-id=\"051ddb4\" data-element_type=\"widget\" data-widget_type=\"heading.default\">\n\t\t\t\t<div class=\"elementor-widget-container\">\n\t\t\t<h2 class=\"elementor-heading-title elementor-size-default\">Email Marketing para hoteles<\/h2>\t\t<\/div>\n\t\t\t\t<\/div>\n\t\t\t\t<div class=\"elementor-element elementor-element-62c2864 elementor-widget elementor-widget-text-editor\" data-id=\"62c2864\" data-element_type=\"widget\" data-widget_type=\"text-editor.default\">\n\t\t\t\t<div class=\"elementor-widget-container\">\n\t\t\t\t\t\t\t\t<div class=\"elementor-text-editor elementor-clearfix\">\n\t\t\t\t<p>\u00bfQuieres aumentar tus ventas, tener m\u00e1s tr\u00e1fico de visitas, recibir m\u00e1s solicitudes y confirmar m\u00e1s reservas a trav\u00e9s de tu web? El email marketing te ayudar\u00e1 a conseguir tus objetivos.<\/p><p>Para conseguir esto necesitas mantener el contacto con tus clientes<\/p><p>Desde Alojapro te asesoramos en la creaci\u00f3n de una estrategia y un plan de comunicaci\u00f3n que te ayude a llegar a los objetivos, a trav\u00e9s de:<\/p><ul><li>La segmentaci\u00f3n de la base de datos<\/li><li>Los env\u00edos personalizados seg\u00fan el idioma y el perfil del cliente<\/li><li>El dise\u00f1o de plantillas para las newsletters que favorezcan la conversi\u00f3n<\/li><li>Los informes y cuantificaci\u00f3n de resultados<\/li><\/ul>\t\t\t\t\t<\/div>\n\t\t\t\t\t\t<\/div>\n\t\t\t\t<\/div>\n\t\t\t\t\t\t<\/div>\n\t\t\t\t\t<\/div>\n\t\t<\/div>\n\t\t\t\t\t\t\t\t<\/div>\n\t\t\t\t\t<\/div>\n\t\t<\/section>\n\t\t\t\t\t\t<\/div>\n\t\t\t\t\t\t<\/div>\n\t\t\t\t\t<\/div>\n\t\t","protected":false},"excerpt":{"rendered":"<p>Email Marketing para hoteles \u00bfQuieres aumentar tus ventas, tener m\u00e1s tr\u00e1fico de visitas, recibir m\u00e1s solicitudes y confirmar m\u00e1s reservas a trav\u00e9s de tu web? El email marketing te ayudar\u00e1 a conseguir tus objetivos. Para conseguir esto necesitas mantener el contacto con tus clientes Desde Alojapro te asesoramos en la creaci\u00f3n de una estrategia y [&hellip;]<\/p>\n","protected":false},"author":6,"featured_media":0,"parent":0,"menu_order":0,"comment_status":"closed","ping_status":"closed","template":"page-fullwidth.php","meta":{"footnotes":""},"class_list":["post-8123","page","type-page","status-publish","hentry","no-post-thumbnail"],"yoast_head":"<!-- This site is optimized with the Yoast SEO plugin v26.6 - https:\/\/yoast.com\/wordpress\/plugins\/seo\/ -->\n<title>Email marketing para alojamientos tur\u00edsticos | Alojapro<\/title>\n<meta name=\"description\" content=\"Disfruta de nuestro servicio de email marketing para hoteles, recibir\u00e1s y confirmar m\u00e1s solicitudes de reserva a trav\u00e9s de tu web.\" \/>\n<meta name=\"robots\" content=\"index, follow, max-snippet:-1, max-image-preview:large, max-video-preview:-1\" \/>\n<link rel=\"canonical\" href=\"https:\/\/alojapro.com\/es\/email-marketing-para-hoteles\/\" \/>\n<meta property=\"og:locale\" content=\"es_ES\" \/>\n<meta property=\"og:type\" content=\"article\" \/>\n<meta property=\"og:title\" content=\"Email marketing para alojamientos tur\u00edsticos | Alojapro\" \/>\n<meta property=\"og:description\" content=\"Disfruta de nuestro servicio de email marketing para hoteles, recibir\u00e1s y confirmar m\u00e1s solicitudes de reserva a trav\u00e9s de tu web.\" \/>\n<meta property=\"og:url\" content=\"https:\/\/alojapro.com\/es\/email-marketing-para-hoteles\/\" \/>\n<meta property=\"og:site_name\" content=\"Alojapro\" \/>\n<meta property=\"article:modified_time\" content=\"2025-02-20T11:02:31+00:00\" \/>\n<meta property=\"og:image\" content=\"https:\/\/alojapro.com\/wp-content\/uploads\/2021\/01\/email-marketing.jpg\" \/>\n<meta name=\"twitter:card\" content=\"summary_large_image\" \/>\n<meta name=\"twitter:label1\" content=\"Tiempo de lectura\" \/>\n\t<meta name=\"twitter:data1\" content=\"1 minuto\" \/>\n<script type=\"application\/ld+json\" class=\"yoast-schema-graph\">{\"@context\":\"https:\/\/schema.org\",\"@graph\":[{\"@type\":\"WebPage\",\"@id\":\"https:\/\/alojapro.com\/es\/email-marketing-para-hoteles\/\",\"url\":\"https:\/\/alojapro.com\/es\/email-marketing-para-hoteles\/\",\"name\":\"Email marketing para alojamientos tur\u00edsticos | Alojapro\",\"isPartOf\":{\"@id\":\"https:\/\/alojapro.com\/es\/#website\"},\"primaryImageOfPage\":{\"@id\":\"https:\/\/alojapro.com\/es\/email-marketing-para-hoteles\/#primaryimage\"},\"image\":{\"@id\":\"https:\/\/alojapro.com\/es\/email-marketing-para-hoteles\/#primaryimage\"},\"thumbnailUrl\":\"https:\/\/alojapro.com\/wp-content\/uploads\/2021\/01\/email-marketing.jpg\",\"datePublished\":\"2021-01-14T10:52:19+00:00\",\"dateModified\":\"2025-02-20T11:02:31+00:00\",\"description\":\"Disfruta de nuestro servicio de email marketing para hoteles, recibir\u00e1s y confirmar m\u00e1s solicitudes de reserva a trav\u00e9s de tu web.\",\"breadcrumb\":{\"@id\":\"https:\/\/alojapro.com\/es\/email-marketing-para-hoteles\/#breadcrumb\"},\"inLanguage\":\"es\",\"potentialAction\":[{\"@type\":\"ReadAction\",\"target\":[\"https:\/\/alojapro.com\/es\/email-marketing-para-hoteles\/\"]}]},{\"@type\":\"ImageObject\",\"inLanguage\":\"es\",\"@id\":\"https:\/\/alojapro.com\/es\/email-marketing-para-hoteles\/#primaryimage\",\"url\":\"https:\/\/alojapro.com\/wp-content\/uploads\/2021\/01\/email-marketing.jpg\",\"contentUrl\":\"https:\/\/alojapro.com\/wp-content\/uploads\/2021\/01\/email-marketing.jpg\"},{\"@type\":\"BreadcrumbList\",\"@id\":\"https:\/\/alojapro.com\/es\/email-marketing-para-hoteles\/#breadcrumb\",\"itemListElement\":[{\"@type\":\"ListItem\",\"position\":1,\"name\":\"Home\",\"item\":\"https:\/\/alojapro.com\/es\/\"},{\"@type\":\"ListItem\",\"position\":2,\"name\":\"Email marketing para alojamientos tur\u00edsticos\"}]},{\"@type\":\"WebSite\",\"@id\":\"https:\/\/alojapro.com\/es\/#website\",\"url\":\"https:\/\/alojapro.com\/es\/\",\"name\":\"Alojapro\",\"description\":\"Motor de reservas y soluciones para el sector tur\u00edstico\",\"publisher\":{\"@id\":\"https:\/\/alojapro.com\/es\/#organization\"},\"potentialAction\":[{\"@type\":\"SearchAction\",\"target\":{\"@type\":\"EntryPoint\",\"urlTemplate\":\"https:\/\/alojapro.com\/es\/?s={search_term_string}\"},\"query-input\":{\"@type\":\"PropertyValueSpecification\",\"valueRequired\":true,\"valueName\":\"search_term_string\"}}],\"inLanguage\":\"es\"},{\"@type\":\"Organization\",\"@id\":\"https:\/\/alojapro.com\/es\/#organization\",\"name\":\"Alojapro\",\"alternateName\":\"Aloja\",\"url\":\"https:\/\/alojapro.com\/es\/\",\"logo\":{\"@type\":\"ImageObject\",\"inLanguage\":\"es\",\"@id\":\"https:\/\/alojapro.com\/es\/#\/schema\/logo\/image\/\",\"url\":\"https:\/\/alojapro.com\/wp-content\/uploads\/2021\/12\/LOGO-ALOJAPRO-512x512-1.jpg\",\"contentUrl\":\"https:\/\/alojapro.com\/wp-content\/uploads\/2021\/12\/LOGO-ALOJAPRO-512x512-1.jpg\",\"width\":512,\"height\":512,\"caption\":\"Alojapro\"},\"image\":{\"@id\":\"https:\/\/alojapro.com\/es\/#\/schema\/logo\/image\/\"},\"sameAs\":[\"https:\/\/www.linkedin.com\/company\/alojapro\/\"]}]}<\/script>\n<!-- \/ Yoast SEO plugin. -->","yoast_head_json":{"title":"Email marketing para alojamientos tur\u00edsticos | Alojapro","description":"Disfruta de nuestro servicio de email marketing para hoteles, recibir\u00e1s y confirmar m\u00e1s solicitudes de reserva a trav\u00e9s de tu web.","robots":{"index":"index","follow":"follow","max-snippet":"max-snippet:-1","max-image-preview":"max-image-preview:large","max-video-preview":"max-video-preview:-1"},"canonical":"https:\/\/alojapro.com\/es\/email-marketing-para-hoteles\/","og_locale":"es_ES","og_type":"article","og_title":"Email marketing para alojamientos tur\u00edsticos | Alojapro","og_description":"Disfruta de nuestro servicio de email marketing para hoteles, recibir\u00e1s y confirmar m\u00e1s solicitudes de reserva a trav\u00e9s de tu web.","og_url":"https:\/\/alojapro.com\/es\/email-marketing-para-hoteles\/","og_site_name":"Alojapro","article_modified_time":"2025-02-20T11:02:31+00:00","og_image":[{"url":"https:\/\/alojapro.com\/wp-content\/uploads\/2021\/01\/email-marketing.jpg","type":"","width":"","height":""}],"twitter_card":"summary_large_image","twitter_misc":{"Tiempo de lectura":"1 minuto"},"schema":{"@context":"https:\/\/schema.org","@graph":[{"@type":"WebPage","@id":"https:\/\/alojapro.com\/es\/email-marketing-para-hoteles\/","url":"https:\/\/alojapro.com\/es\/email-marketing-para-hoteles\/","name":"Email marketing para alojamientos tur\u00edsticos | Alojapro","isPartOf":{"@id":"https:\/\/alojapro.com\/es\/#website"},"primaryImageOfPage":{"@id":"https:\/\/alojapro.com\/es\/email-marketing-para-hoteles\/#primaryimage"},"image":{"@id":"https:\/\/alojapro.com\/es\/email-marketing-para-hoteles\/#primaryimage"},"thumbnailUrl":"https:\/\/alojapro.com\/wp-content\/uploads\/2021\/01\/email-marketing.jpg","datePublished":"2021-01-14T10:52:19+00:00","dateModified":"2025-02-20T11:02:31+00:00","description":"Disfruta de nuestro servicio de email marketing para hoteles, recibir\u00e1s y confirmar m\u00e1s solicitudes de reserva a trav\u00e9s de tu web.","breadcrumb":{"@id":"https:\/\/alojapro.com\/es\/email-marketing-para-hoteles\/#breadcrumb"},"inLanguage":"es","potentialAction":[{"@type":"ReadAction","target":["https:\/\/alojapro.com\/es\/email-marketing-para-hoteles\/"]}]},{"@type":"ImageObject","inLanguage":"es","@id":"https:\/\/alojapro.com\/es\/email-marketing-para-hoteles\/#primaryimage","url":"https:\/\/alojapro.com\/wp-content\/uploads\/2021\/01\/email-marketing.jpg","contentUrl":"https:\/\/alojapro.com\/wp-content\/uploads\/2021\/01\/email-marketing.jpg"},{"@type":"BreadcrumbList","@id":"https:\/\/alojapro.com\/es\/email-marketing-para-hoteles\/#breadcrumb","itemListElement":[{"@type":"ListItem","position":1,"name":"Home","item":"https:\/\/alojapro.com\/es\/"},{"@type":"ListItem","position":2,"name":"Email marketing para alojamientos tur\u00edsticos"}]},{"@type":"WebSite","@id":"https:\/\/alojapro.com\/es\/#website","url":"https:\/\/alojapro.com\/es\/","name":"Alojapro","description":"Motor de reservas y soluciones para el sector tur\u00edstico","publisher":{"@id":"https:\/\/alojapro.com\/es\/#organization"},"potentialAction":[{"@type":"SearchAction","target":{"@type":"EntryPoint","urlTemplate":"https:\/\/alojapro.com\/es\/?s={search_term_string}"},"query-input":{"@type":"PropertyValueSpecification","valueRequired":true,"valueName":"search_term_string"}}],"inLanguage":"es"},{"@type":"Organization","@id":"https:\/\/alojapro.com\/es\/#organization","name":"Alojapro","alternateName":"Aloja","url":"https:\/\/alojapro.com\/es\/","logo":{"@type":"ImageObject","inLanguage":"es","@id":"https:\/\/alojapro.com\/es\/#\/schema\/logo\/image\/","url":"https:\/\/alojapro.com\/wp-content\/uploads\/2021\/12\/LOGO-ALOJAPRO-512x512-1.jpg","contentUrl":"https:\/\/alojapro.com\/wp-content\/uploads\/2021\/12\/LOGO-ALOJAPRO-512x512-1.jpg","width":512,"height":512,"caption":"Alojapro"},"image":{"@id":"https:\/\/alojapro.com\/es\/#\/schema\/logo\/image\/"},"sameAs":["https:\/\/www.linkedin.com\/company\/alojapro\/"]}]}},"_links":{"self":[{"href":"https:\/\/alojapro.com\/es\/wp-json\/wp\/v2\/pages\/8123","targetHints":{"allow":["GET"]}}],"collection":[{"href":"https:\/\/alojapro.com\/es\/wp-json\/wp\/v2\/pages"}],"about":[{"href":"https:\/\/alojapro.com\/es\/wp-json\/wp\/v2\/types\/page"}],"author":[{"embeddable":true,"href":"https:\/\/alojapro.com\/es\/wp-json\/wp\/v2\/users\/6"}],"replies":[{"embeddable":true,"href":"https:\/\/alojapro.com\/es\/wp-json\/wp\/v2\/comments?post=8123"}],"version-history":[{"count":0,"href":"https:\/\/alojapro.com\/es\/wp-json\/wp\/v2\/pages\/8123\/revisions"}],"wp:attachment":[{"href":"https:\/\/alojapro.com\/es\/wp-json\/wp\/v2\/media?parent=8123"}],"curies":[{"name":"wp","href":"https:\/\/api.w.org\/{rel}","templated":true}]}}