{"id":9369,"date":"2021-01-18T10:11:46","date_gmt":"2021-01-18T10:11:46","guid":{"rendered":"https:\/\/turipano360.eu\/alojapro.com?page_id=9369"},"modified":"2022-11-02T15:31:03","modified_gmt":"2022-11-02T15:31:03","slug":"modulos","status":"publish","type":"page","link":"https:\/\/alojapro.com\/es\/modulos\/","title":{"rendered":"M\u00f3dulos"},"content":{"rendered":"\t\t<div data-elementor-type=\"wp-page\" data-elementor-id=\"9369\" class=\"elementor elementor-9369\" data-elementor-settings=\"[]\">\n\t\t\t\t\t\t<div class=\"elementor-inner\">\n\t\t\t\t\t\t\t<div class=\"elementor-section-wrap\">\n\t\t\t\t\t\t\t<section class=\"elementor-section elementor-top-section elementor-element elementor-element-fa223b7 elementor-section-boxed elementor-section-height-default elementor-section-height-default\" data-id=\"fa223b7\" data-element_type=\"section\">\n\t\t\t\t\t\t<div class=\"elementor-container elementor-column-gap-default\">\n\t\t\t\t\t\t\t<div class=\"elementor-row\">\n\t\t\t\t\t<div class=\"elementor-column elementor-col-100 elementor-top-column elementor-element elementor-element-cc7cbbd\" data-id=\"cc7cbbd\" data-element_type=\"column\">\n\t\t\t<div class=\"elementor-column-wrap elementor-element-populated\">\n\t\t\t\t\t\t\t<div class=\"elementor-widget-wrap\">\n\t\t\t\t\t\t<div class=\"elementor-element elementor-element-3a9d839 elementor-widget elementor-widget-heading\" data-id=\"3a9d839\" data-element_type=\"widget\" data-widget_type=\"heading.default\">\n\t\t\t\t<div class=\"elementor-widget-container\">\n\t\t\t<h2 class=\"elementor-heading-title elementor-size-default\">M\u00f3dulos del Sistema de Reservas para Agencias<\/h2>\t\t<\/div>\n\t\t\t\t<\/div>\n\t\t\t\t\t\t<\/div>\n\t\t\t\t\t<\/div>\n\t\t<\/div>\n\t\t\t\t\t\t\t\t<\/div>\n\t\t\t\t\t<\/div>\n\t\t<\/section>\n\t\t\t\t<section class=\"elementor-section elementor-top-section elementor-element elementor-element-4046371 elementor-section-boxed elementor-section-height-default elementor-section-height-default\" data-id=\"4046371\" data-element_type=\"section\">\n\t\t\t\t\t\t<div class=\"elementor-container elementor-column-gap-default\">\n\t\t\t\t\t\t\t<div class=\"elementor-row\">\n\t\t\t\t\t<div class=\"elementor-column elementor-col-100 elementor-top-column elementor-element elementor-element-87c17b3\" data-id=\"87c17b3\" data-element_type=\"column\">\n\t\t\t<div class=\"elementor-column-wrap elementor-element-populated\">\n\t\t\t\t\t\t\t<div class=\"elementor-widget-wrap\">\n\t\t\t\t\t\t<div class=\"elementor-element elementor-element-a9a335f elementor-position-right elementor-vertical-align-middle elementor-invisible elementor-widget elementor-widget-image-box\" data-id=\"a9a335f\" data-element_type=\"widget\" data-settings=\"{&quot;_animation&quot;:&quot;fadeInRight&quot;}\" data-widget_type=\"image-box.default\">\n\t\t\t\t<div class=\"elementor-widget-container\">\n\t\t\t<div class=\"elementor-image-box-wrapper\"><figure class=\"elementor-image-box-img\"><img loading=\"lazy\" decoding=\"async\" width=\"1200\" height=\"800\" src=\"https:\/\/alojapro.com\/wp-content\/uploads\/2021\/11\/modul1.jpg\" class=\"attachment-full size-full\" alt=\"\" \/><\/figure><div class=\"elementor-image-box-content\"><h4 class=\"elementor-image-box-title\">M\u00f3dulo: Motor de reservas Alojamientos usuario final<\/h4><p class=\"elementor-image-box-description\">Es un motor multiling\u00fce y multidivisa que puede buscar tanto en su propio producto como en el de terceros v\u00eda XML, ofreciendo un resultado \u00fanico. El dise\u00f1o responsive, hace que se adapte a todos los dispositivos m\u00f3viles. El sistema env\u00eda autom\u00e1ticamente la confirmaci\u00f3n al cliente.<\/p><\/div><\/div>\t\t<\/div>\n\t\t\t\t<\/div>\n\t\t\t\t<div class=\"elementor-element elementor-element-f586be2 elementor-widget-divider--view-line elementor-widget elementor-widget-divider\" data-id=\"f586be2\" data-element_type=\"widget\" data-widget_type=\"divider.default\">\n\t\t\t\t<div class=\"elementor-widget-container\">\n\t\t\t\t\t<div class=\"elementor-divider\">\n\t\t\t<span class=\"elementor-divider-separator\">\n\t\t\t\t\t\t<\/span>\n\t\t<\/div>\n\t\t\t\t<\/div>\n\t\t\t\t<\/div>\n\t\t\t\t<div class=\"elementor-element elementor-element-85c1e79 elementor-position-left elementor-vertical-align-middle elementor-invisible elementor-widget elementor-widget-image-box\" data-id=\"85c1e79\" data-element_type=\"widget\" data-settings=\"{&quot;_animation&quot;:&quot;fadeInLeft&quot;}\" data-widget_type=\"image-box.default\">\n\t\t\t\t<div class=\"elementor-widget-container\">\n\t\t\t<div class=\"elementor-image-box-wrapper\"><figure class=\"elementor-image-box-img\"><img loading=\"lazy\" decoding=\"async\" width=\"699\" height=\"1000\" src=\"https:\/\/alojapro.com\/wp-content\/uploads\/2021\/11\/modul2.jpg\" class=\"attachment-full size-full\" alt=\"\" \/><\/figure><div class=\"elementor-image-box-content\"><h4 class=\"elementor-image-box-title\">M\u00f3dulo: Extranet para carga de Alojamientos<\/h4><p class=\"elementor-image-box-description\">Mediante un acceso privado, el establecimiento podr\u00e1 gestionar de manera sencilla todo su inventario y establecer precios de manera flexible, as\u00ed como generar todo tipo de promociones y ofertas en tiempo real. Adem\u00e1s, podr\u00e1 dar de alta los servicios adicionales del establecimiento, para ofrecerlos como complemento a su oferta. Su dise\u00f1o responsive facilita al usuario la tarea de gesti\u00f3n desde cualquier lugar.<\/p><\/div><\/div>\t\t<\/div>\n\t\t\t\t<\/div>\n\t\t\t\t<div class=\"elementor-element elementor-element-4c96824 elementor-widget-divider--view-line elementor-widget elementor-widget-divider\" data-id=\"4c96824\" data-element_type=\"widget\" data-widget_type=\"divider.default\">\n\t\t\t\t<div class=\"elementor-widget-container\">\n\t\t\t\t\t<div class=\"elementor-divider\">\n\t\t\t<span class=\"elementor-divider-separator\">\n\t\t\t\t\t\t<\/span>\n\t\t<\/div>\n\t\t\t\t<\/div>\n\t\t\t\t<\/div>\n\t\t\t\t<div class=\"elementor-element elementor-element-184f180 elementor-position-right elementor-vertical-align-middle elementor-invisible elementor-widget elementor-widget-image-box\" data-id=\"184f180\" data-element_type=\"widget\" data-settings=\"{&quot;_animation&quot;:&quot;fadeInRight&quot;}\" data-widget_type=\"image-box.default\">\n\t\t\t\t<div class=\"elementor-widget-container\">\n\t\t\t<div class=\"elementor-image-box-wrapper\"><figure class=\"elementor-image-box-img\"><img loading=\"lazy\" decoding=\"async\" width=\"1200\" height=\"800\" src=\"https:\/\/alojapro.com\/wp-content\/uploads\/2021\/11\/modul3.jpg\" class=\"attachment-full size-full\" alt=\"\" \/><\/figure><div class=\"elementor-image-box-content\"><h4 class=\"elementor-image-box-title\">M\u00f3dulo: Facturaci\u00f3n<\/h4><p class=\"elementor-image-box-description\">El sistema permite comunicar la autofactura y\/o facturar a proveedores y clientes. Cuenta con conexi\u00f3n a una herramienta de facturaci\u00f3n y pago digital (ERP).<\/p><\/div><\/div>\t\t<\/div>\n\t\t\t\t<\/div>\n\t\t\t\t<div class=\"elementor-element elementor-element-4d4a776 elementor-widget-divider--view-line elementor-widget elementor-widget-divider\" data-id=\"4d4a776\" data-element_type=\"widget\" data-widget_type=\"divider.default\">\n\t\t\t\t<div class=\"elementor-widget-container\">\n\t\t\t\t\t<div class=\"elementor-divider\">\n\t\t\t<span class=\"elementor-divider-separator\">\n\t\t\t\t\t\t<\/span>\n\t\t<\/div>\n\t\t\t\t<\/div>\n\t\t\t\t<\/div>\n\t\t\t\t<div class=\"elementor-element elementor-element-acfc66d elementor-position-left elementor-vertical-align-middle elementor-invisible elementor-widget elementor-widget-image-box\" data-id=\"acfc66d\" data-element_type=\"widget\" data-settings=\"{&quot;_animation&quot;:&quot;fadeInLeft&quot;}\" data-widget_type=\"image-box.default\">\n\t\t\t\t<div class=\"elementor-widget-container\">\n\t\t\t<div class=\"elementor-image-box-wrapper\"><figure class=\"elementor-image-box-img\"><img loading=\"lazy\" decoding=\"async\" width=\"593\" height=\"528\" src=\"https:\/\/alojapro.com\/wp-content\/uploads\/2021\/11\/modul4-1.jpg\" class=\"attachment-full size-full\" alt=\"\" \/><\/figure><div class=\"elementor-image-box-content\"><h4 class=\"elementor-image-box-title\">M\u00f3dulo: Venta de Actividades y\/o Servicios<\/h4><p class=\"elementor-image-box-description\">Con este m\u00f3dulo se pueden vender todo tipo de servicios y\/o actividades adicionales. Se puede dar acceso directo a estos mismos proveedores para la gesti\u00f3n directa de la carga de datos y para la actualizaci\u00f3n de inventario y precios. El usuario final podr\u00e1 a\u00f1adir de manera sencilla los diferentes servicios y\/o actividades mediante el proceso de compra, confirmar el resumen de su reserva y proceder a un pago \u00fanico. Y todo, en un procedimiento 100% online.<\/p><\/div><\/div>\t\t<\/div>\n\t\t\t\t<\/div>\n\t\t\t\t<div class=\"elementor-element elementor-element-90b4392 elementor-widget-divider--view-line elementor-widget elementor-widget-divider\" data-id=\"90b4392\" data-element_type=\"widget\" data-widget_type=\"divider.default\">\n\t\t\t\t<div class=\"elementor-widget-container\">\n\t\t\t\t\t<div class=\"elementor-divider\">\n\t\t\t<span class=\"elementor-divider-separator\">\n\t\t\t\t\t\t<\/span>\n\t\t<\/div>\n\t\t\t\t<\/div>\n\t\t\t\t<\/div>\n\t\t\t\t<div class=\"elementor-element elementor-element-411f035 elementor-position-right elementor-vertical-align-middle elementor-invisible elementor-widget elementor-widget-image-box\" data-id=\"411f035\" data-element_type=\"widget\" data-settings=\"{&quot;_animation&quot;:&quot;fadeInRight&quot;}\" data-widget_type=\"image-box.default\">\n\t\t\t\t<div class=\"elementor-widget-container\">\n\t\t\t<div class=\"elementor-image-box-wrapper\"><figure class=\"elementor-image-box-img\"><img loading=\"lazy\" decoding=\"async\" width=\"1200\" height=\"800\" src=\"https:\/\/alojapro.com\/wp-content\/uploads\/2021\/11\/modul5-1.jpg\" class=\"attachment-full size-full\" alt=\"\" \/><\/figure><div class=\"elementor-image-box-content\"><h4 class=\"elementor-image-box-title\">M\u00f3dulo: Venta y Gesti\u00f3n para profesionales y\/o agentes de viajes<\/h4><p class=\"elementor-image-box-description\">AlojaSuite permite dar de alta en el sistema, a agentes y\/o profesionales para ofrecerles los precios, comisiones y formas de pago especiales seg\u00fan su modelo de negocio. Los agentes y profesionales podr\u00e1n tener un acceso privado a todo su inventario a trav\u00e9s del motor de b\u00fasqueda en l\u00ednea y confirmar su reserva en tiempo real sin necesidad de gestionar con el establecimiento reservas por mail o por tel\u00e9fono.<\/p><\/div><\/div>\t\t<\/div>\n\t\t\t\t<\/div>\n\t\t\t\t<div class=\"elementor-element elementor-element-1659eaa elementor-widget-divider--view-line elementor-widget elementor-widget-divider\" data-id=\"1659eaa\" data-element_type=\"widget\" data-widget_type=\"divider.default\">\n\t\t\t\t<div class=\"elementor-widget-container\">\n\t\t\t\t\t<div class=\"elementor-divider\">\n\t\t\t<span class=\"elementor-divider-separator\">\n\t\t\t\t\t\t<\/span>\n\t\t<\/div>\n\t\t\t\t<\/div>\n\t\t\t\t<\/div>\n\t\t\t\t<div class=\"elementor-element elementor-element-25098f2 elementor-position-left elementor-vertical-align-middle elementor-invisible elementor-widget elementor-widget-image-box\" data-id=\"25098f2\" data-element_type=\"widget\" data-settings=\"{&quot;_animation&quot;:&quot;fadeInLeft&quot;}\" data-widget_type=\"image-box.default\">\n\t\t\t\t<div class=\"elementor-widget-container\">\n\t\t\t<div class=\"elementor-image-box-wrapper\"><figure class=\"elementor-image-box-img\"><img loading=\"lazy\" decoding=\"async\" width=\"1200\" height=\"800\" src=\"https:\/\/alojapro.com\/wp-content\/uploads\/2021\/12\/xml-alojapro.jpg\" class=\"attachment-full size-full\" alt=\"modulo-xml\" \/><\/figure><div class=\"elementor-image-box-content\"><h4 class=\"elementor-image-box-title\">M\u00f3dulo: Conexi\u00f3n XML para compra\/venta<\/h4><p class=\"elementor-image-box-description\">Este m\u00f3dulo permite aumentar tu oferta ofreciendo no s\u00f3lo tu propio producto sino tambi\u00e9n el producto contratado a otros proveedores v\u00eda XML. Adem\u00e1s, te permite ofrecer tu producto en otros canales de venta o a agencias de viajes que as\u00ed lo deseen, incrementando de este modo tus posibilidades de venta. <\/p><\/div><\/div>\t\t<\/div>\n\t\t\t\t<\/div>\n\t\t\t\t\t\t<\/div>\n\t\t\t\t\t<\/div>\n\t\t<\/div>\n\t\t\t\t\t\t\t\t<\/div>\n\t\t\t\t\t<\/div>\n\t\t<\/section>\n\t\t\t\t\t\t<\/div>\n\t\t\t\t\t\t<\/div>\n\t\t\t\t\t<\/div>\n\t\t","protected":false},"excerpt":{"rendered":"<p>M\u00f3dulos del Sistema de Reservas para Agencias M\u00f3dulo: Motor de reservas Alojamientos usuario final Es un motor multiling\u00fce y multidivisa que puede buscar tanto en su propio producto como en el de terceros v\u00eda XML, ofreciendo un resultado \u00fanico. El dise\u00f1o responsive, hace que se adapte a todos los dispositivos m\u00f3viles. El sistema env\u00eda autom\u00e1ticamente [&hellip;]<\/p>\n","protected":false},"author":6,"featured_media":0,"parent":0,"menu_order":0,"comment_status":"closed","ping_status":"closed","template":"page-fullwidth.php","meta":{"footnotes":""},"class_list":["post-9369","page","type-page","status-publish","hentry","no-post-thumbnail"],"yoast_head":"<!-- This site is optimized with the Yoast SEO plugin v26.6 - https:\/\/yoast.com\/wordpress\/plugins\/seo\/ -->\n<title>M\u00f3dulos | Alojapro<\/title>\n<meta name=\"description\" content=\"Conoce los m\u00f3dulos del Sistema de Reservas para Agencias que te ofrece Alojapro. Te presentamos con detalle sus distintos m\u00f3dulos.\" \/>\n<meta name=\"robots\" content=\"index, follow, max-snippet:-1, max-image-preview:large, max-video-preview:-1\" \/>\n<link rel=\"canonical\" href=\"https:\/\/alojapro.com\/es\/modulos\/\" \/>\n<meta property=\"og:locale\" content=\"es_ES\" \/>\n<meta property=\"og:type\" content=\"article\" \/>\n<meta property=\"og:title\" content=\"M\u00f3dulos | Alojapro\" \/>\n<meta property=\"og:description\" content=\"Conoce los m\u00f3dulos del Sistema de Reservas para Agencias que te ofrece Alojapro. Te presentamos con detalle sus distintos m\u00f3dulos.\" \/>\n<meta property=\"og:url\" content=\"https:\/\/alojapro.com\/es\/modulos\/\" \/>\n<meta property=\"og:site_name\" content=\"Alojapro\" \/>\n<meta property=\"article:modified_time\" content=\"2022-11-02T15:31:03+00:00\" \/>\n<meta property=\"og:image\" content=\"https:\/\/alojapro.com\/wp-content\/uploads\/2021\/11\/modul1.jpg\" \/>\n<meta name=\"twitter:card\" content=\"summary_large_image\" \/>\n<meta name=\"twitter:label1\" content=\"Tiempo de lectura\" \/>\n\t<meta name=\"twitter:data1\" content=\"3 minutos\" \/>\n<script type=\"application\/ld+json\" class=\"yoast-schema-graph\">{\"@context\":\"https:\/\/schema.org\",\"@graph\":[{\"@type\":\"WebPage\",\"@id\":\"https:\/\/alojapro.com\/es\/modulos\/\",\"url\":\"https:\/\/alojapro.com\/es\/modulos\/\",\"name\":\"M\u00f3dulos | Alojapro\",\"isPartOf\":{\"@id\":\"https:\/\/alojapro.com\/es\/#website\"},\"primaryImageOfPage\":{\"@id\":\"https:\/\/alojapro.com\/es\/modulos\/#primaryimage\"},\"image\":{\"@id\":\"https:\/\/alojapro.com\/es\/modulos\/#primaryimage\"},\"thumbnailUrl\":\"https:\/\/alojapro.com\/wp-content\/uploads\/2021\/11\/modul1.jpg\",\"datePublished\":\"2021-01-18T10:11:46+00:00\",\"dateModified\":\"2022-11-02T15:31:03+00:00\",\"description\":\"Conoce los m\u00f3dulos del Sistema de Reservas para Agencias que te ofrece Alojapro. Te presentamos con detalle sus distintos m\u00f3dulos.\",\"breadcrumb\":{\"@id\":\"https:\/\/alojapro.com\/es\/modulos\/#breadcrumb\"},\"inLanguage\":\"es\",\"potentialAction\":[{\"@type\":\"ReadAction\",\"target\":[\"https:\/\/alojapro.com\/es\/modulos\/\"]}]},{\"@type\":\"ImageObject\",\"inLanguage\":\"es\",\"@id\":\"https:\/\/alojapro.com\/es\/modulos\/#primaryimage\",\"url\":\"https:\/\/alojapro.com\/wp-content\/uploads\/2021\/11\/modul1.jpg\",\"contentUrl\":\"https:\/\/alojapro.com\/wp-content\/uploads\/2021\/11\/modul1.jpg\"},{\"@type\":\"BreadcrumbList\",\"@id\":\"https:\/\/alojapro.com\/es\/modulos\/#breadcrumb\",\"itemListElement\":[{\"@type\":\"ListItem\",\"position\":1,\"name\":\"Home\",\"item\":\"https:\/\/alojapro.com\/es\/\"},{\"@type\":\"ListItem\",\"position\":2,\"name\":\"M\u00f3dulos\"}]},{\"@type\":\"WebSite\",\"@id\":\"https:\/\/alojapro.com\/es\/#website\",\"url\":\"https:\/\/alojapro.com\/es\/\",\"name\":\"Alojapro\",\"description\":\"Motor de reservas y soluciones para el sector tur\u00edstico\",\"publisher\":{\"@id\":\"https:\/\/alojapro.com\/es\/#organization\"},\"potentialAction\":[{\"@type\":\"SearchAction\",\"target\":{\"@type\":\"EntryPoint\",\"urlTemplate\":\"https:\/\/alojapro.com\/es\/?s={search_term_string}\"},\"query-input\":{\"@type\":\"PropertyValueSpecification\",\"valueRequired\":true,\"valueName\":\"search_term_string\"}}],\"inLanguage\":\"es\"},{\"@type\":\"Organization\",\"@id\":\"https:\/\/alojapro.com\/es\/#organization\",\"name\":\"Alojapro\",\"alternateName\":\"Aloja\",\"url\":\"https:\/\/alojapro.com\/es\/\",\"logo\":{\"@type\":\"ImageObject\",\"inLanguage\":\"es\",\"@id\":\"https:\/\/alojapro.com\/es\/#\/schema\/logo\/image\/\",\"url\":\"https:\/\/alojapro.com\/wp-content\/uploads\/2021\/12\/LOGO-ALOJAPRO-512x512-1.jpg\",\"contentUrl\":\"https:\/\/alojapro.com\/wp-content\/uploads\/2021\/12\/LOGO-ALOJAPRO-512x512-1.jpg\",\"width\":512,\"height\":512,\"caption\":\"Alojapro\"},\"image\":{\"@id\":\"https:\/\/alojapro.com\/es\/#\/schema\/logo\/image\/\"},\"sameAs\":[\"https:\/\/www.linkedin.com\/company\/alojapro\/\"]}]}<\/script>\n<!-- \/ Yoast SEO plugin. -->","yoast_head_json":{"title":"M\u00f3dulos | Alojapro","description":"Conoce los m\u00f3dulos del Sistema de Reservas para Agencias que te ofrece Alojapro. Te presentamos con detalle sus distintos m\u00f3dulos.","robots":{"index":"index","follow":"follow","max-snippet":"max-snippet:-1","max-image-preview":"max-image-preview:large","max-video-preview":"max-video-preview:-1"},"canonical":"https:\/\/alojapro.com\/es\/modulos\/","og_locale":"es_ES","og_type":"article","og_title":"M\u00f3dulos | Alojapro","og_description":"Conoce los m\u00f3dulos del Sistema de Reservas para Agencias que te ofrece Alojapro. Te presentamos con detalle sus distintos m\u00f3dulos.","og_url":"https:\/\/alojapro.com\/es\/modulos\/","og_site_name":"Alojapro","article_modified_time":"2022-11-02T15:31:03+00:00","og_image":[{"url":"https:\/\/alojapro.com\/wp-content\/uploads\/2021\/11\/modul1.jpg","type":"","width":"","height":""}],"twitter_card":"summary_large_image","twitter_misc":{"Tiempo de lectura":"3 minutos"},"schema":{"@context":"https:\/\/schema.org","@graph":[{"@type":"WebPage","@id":"https:\/\/alojapro.com\/es\/modulos\/","url":"https:\/\/alojapro.com\/es\/modulos\/","name":"M\u00f3dulos | Alojapro","isPartOf":{"@id":"https:\/\/alojapro.com\/es\/#website"},"primaryImageOfPage":{"@id":"https:\/\/alojapro.com\/es\/modulos\/#primaryimage"},"image":{"@id":"https:\/\/alojapro.com\/es\/modulos\/#primaryimage"},"thumbnailUrl":"https:\/\/alojapro.com\/wp-content\/uploads\/2021\/11\/modul1.jpg","datePublished":"2021-01-18T10:11:46+00:00","dateModified":"2022-11-02T15:31:03+00:00","description":"Conoce los m\u00f3dulos del Sistema de Reservas para Agencias que te ofrece Alojapro. Te presentamos con detalle sus distintos m\u00f3dulos.","breadcrumb":{"@id":"https:\/\/alojapro.com\/es\/modulos\/#breadcrumb"},"inLanguage":"es","potentialAction":[{"@type":"ReadAction","target":["https:\/\/alojapro.com\/es\/modulos\/"]}]},{"@type":"ImageObject","inLanguage":"es","@id":"https:\/\/alojapro.com\/es\/modulos\/#primaryimage","url":"https:\/\/alojapro.com\/wp-content\/uploads\/2021\/11\/modul1.jpg","contentUrl":"https:\/\/alojapro.com\/wp-content\/uploads\/2021\/11\/modul1.jpg"},{"@type":"BreadcrumbList","@id":"https:\/\/alojapro.com\/es\/modulos\/#breadcrumb","itemListElement":[{"@type":"ListItem","position":1,"name":"Home","item":"https:\/\/alojapro.com\/es\/"},{"@type":"ListItem","position":2,"name":"M\u00f3dulos"}]},{"@type":"WebSite","@id":"https:\/\/alojapro.com\/es\/#website","url":"https:\/\/alojapro.com\/es\/","name":"Alojapro","description":"Motor de reservas y soluciones para el sector tur\u00edstico","publisher":{"@id":"https:\/\/alojapro.com\/es\/#organization"},"potentialAction":[{"@type":"SearchAction","target":{"@type":"EntryPoint","urlTemplate":"https:\/\/alojapro.com\/es\/?s={search_term_string}"},"query-input":{"@type":"PropertyValueSpecification","valueRequired":true,"valueName":"search_term_string"}}],"inLanguage":"es"},{"@type":"Organization","@id":"https:\/\/alojapro.com\/es\/#organization","name":"Alojapro","alternateName":"Aloja","url":"https:\/\/alojapro.com\/es\/","logo":{"@type":"ImageObject","inLanguage":"es","@id":"https:\/\/alojapro.com\/es\/#\/schema\/logo\/image\/","url":"https:\/\/alojapro.com\/wp-content\/uploads\/2021\/12\/LOGO-ALOJAPRO-512x512-1.jpg","contentUrl":"https:\/\/alojapro.com\/wp-content\/uploads\/2021\/12\/LOGO-ALOJAPRO-512x512-1.jpg","width":512,"height":512,"caption":"Alojapro"},"image":{"@id":"https:\/\/alojapro.com\/es\/#\/schema\/logo\/image\/"},"sameAs":["https:\/\/www.linkedin.com\/company\/alojapro\/"]}]}},"_links":{"self":[{"href":"https:\/\/alojapro.com\/es\/wp-json\/wp\/v2\/pages\/9369","targetHints":{"allow":["GET"]}}],"collection":[{"href":"https:\/\/alojapro.com\/es\/wp-json\/wp\/v2\/pages"}],"about":[{"href":"https:\/\/alojapro.com\/es\/wp-json\/wp\/v2\/types\/page"}],"author":[{"embeddable":true,"href":"https:\/\/alojapro.com\/es\/wp-json\/wp\/v2\/users\/6"}],"replies":[{"embeddable":true,"href":"https:\/\/alojapro.com\/es\/wp-json\/wp\/v2\/comments?post=9369"}],"version-history":[{"count":0,"href":"https:\/\/alojapro.com\/es\/wp-json\/wp\/v2\/pages\/9369\/revisions"}],"wp:attachment":[{"href":"https:\/\/alojapro.com\/es\/wp-json\/wp\/v2\/media?parent=9369"}],"curies":[{"name":"wp","href":"https:\/\/api.w.org\/{rel}","templated":true}]}}