{"id":9596,"date":"2021-01-19T12:36:55","date_gmt":"2021-01-19T12:36:55","guid":{"rendered":"https:\/\/alojapro.com\/?page_id=9596"},"modified":"2023-03-16T15:47:00","modified_gmt":"2023-03-16T15:47:00","slug":"metabuscadores","status":"publish","type":"page","link":"https:\/\/alojapro.com\/es\/servicios\/metabuscadores\/","title":{"rendered":"Metabuscadores"},"content":{"rendered":"\t\t<div data-elementor-type=\"wp-page\" data-elementor-id=\"9596\" class=\"elementor elementor-9596\" data-elementor-settings=\"[]\">\n\t\t\t\t\t\t<div class=\"elementor-inner\">\n\t\t\t\t\t\t\t<div class=\"elementor-section-wrap\">\n\t\t\t\t\t\t\t<section class=\"elementor-section elementor-top-section elementor-element elementor-element-328bd2f elementor-section-boxed elementor-section-height-default elementor-section-height-default\" data-id=\"328bd2f\" data-element_type=\"section\" data-settings=\"{&quot;background_background&quot;:&quot;classic&quot;}\">\n\t\t\t\t\t\t<div class=\"elementor-container elementor-column-gap-default\">\n\t\t\t\t\t\t\t<div class=\"elementor-row\">\n\t\t\t\t\t<div class=\"elementor-column elementor-col-100 elementor-top-column elementor-element elementor-element-d5d58cc\" data-id=\"d5d58cc\" data-element_type=\"column\">\n\t\t\t<div class=\"elementor-column-wrap elementor-element-populated\">\n\t\t\t\t\t\t\t<div class=\"elementor-widget-wrap\">\n\t\t\t\t\t\t<div class=\"elementor-element elementor-element-6b9ae62 elementor-widget elementor-widget-text-editor\" data-id=\"6b9ae62\" data-element_type=\"widget\" data-widget_type=\"text-editor.default\">\n\t\t\t\t<div class=\"elementor-widget-container\">\n\t\t\t\t\t\t\t\t<div class=\"elementor-text-editor elementor-clearfix\">\n\t\t\t\t<p>Incrementa tu <b>venta directa<\/b> promocionando tu hotel en los <b>metabuscadores<\/b>&nbsp;m\u00e1s destacados con nuestro motor de reservas&nbsp;<a href=\"https:\/\/alojapro.com\/motor-de-reservas\/\"><b>Alojasuite<\/b><\/a><\/p>\t\t\t\t\t<\/div>\n\t\t\t\t\t\t<\/div>\n\t\t\t\t<\/div>\n\t\t\t\t<section class=\"elementor-section elementor-inner-section elementor-element elementor-element-d578e48 elementor-section-content-middle elementor-section-boxed elementor-section-height-default elementor-section-height-default\" data-id=\"d578e48\" data-element_type=\"section\" data-settings=\"{&quot;background_background&quot;:&quot;classic&quot;}\">\n\t\t\t\t\t\t<div class=\"elementor-container elementor-column-gap-wider\">\n\t\t\t\t\t\t\t<div class=\"elementor-row\">\n\t\t\t\t\t<div class=\"elementor-column elementor-col-25 elementor-inner-column elementor-element elementor-element-fd64c69\" data-id=\"fd64c69\" data-element_type=\"column\" data-settings=\"{&quot;background_background&quot;:&quot;classic&quot;}\">\n\t\t\t<div class=\"elementor-column-wrap elementor-element-populated\">\n\t\t\t\t\t\t\t<div class=\"elementor-widget-wrap\">\n\t\t\t\t\t\t<div class=\"elementor-element elementor-element-3a742d7 elementor-widget elementor-widget-image\" data-id=\"3a742d7\" data-element_type=\"widget\" data-widget_type=\"image.default\">\n\t\t\t\t<div class=\"elementor-widget-container\">\n\t\t\t\t\t\t\t\t<div class=\"elementor-image\">\n\t\t\t\t\t\t\t\t\t\t\t\t<img loading=\"lazy\" decoding=\"async\" width=\"333\" height=\"109\" src=\"https:\/\/alojapro.com\/wp-content\/uploads\/2023\/01\/logosmetabuscadores-11.png\" class=\"attachment-medium_large size-medium_large\" alt=\"\" srcset=\"https:\/\/alojapro.com\/wp-content\/uploads\/2023\/01\/logosmetabuscadores-11.png 333w, https:\/\/alojapro.com\/wp-content\/uploads\/2023\/01\/logosmetabuscadores-11-300x98.png 300w\" sizes=\"auto, (max-width: 333px) 100vw, 333px\" \/>\t\t\t\t\t\t\t\t\t\t\t\t\t\t<\/div>\n\t\t\t\t\t\t<\/div>\n\t\t\t\t<\/div>\n\t\t\t\t\t\t<\/div>\n\t\t\t\t\t<\/div>\n\t\t<\/div>\n\t\t\t\t<div class=\"elementor-column elementor-col-25 elementor-inner-column elementor-element elementor-element-05ca282\" data-id=\"05ca282\" data-element_type=\"column\" data-settings=\"{&quot;background_background&quot;:&quot;classic&quot;}\">\n\t\t\t<div class=\"elementor-column-wrap elementor-element-populated\">\n\t\t\t\t\t\t\t<div class=\"elementor-widget-wrap\">\n\t\t\t\t\t\t<div class=\"elementor-element elementor-element-514ab27 elementor-widget elementor-widget-image\" data-id=\"514ab27\" data-element_type=\"widget\" data-widget_type=\"image.default\">\n\t\t\t\t<div class=\"elementor-widget-container\">\n\t\t\t\t\t\t\t\t<div class=\"elementor-image\">\n\t\t\t\t\t\t\t\t\t\t\t\t<img loading=\"lazy\" decoding=\"async\" width=\"333\" height=\"109\" src=\"https:\/\/alojapro.com\/wp-content\/uploads\/2023\/01\/logosmetabuscadores-14.png\" class=\"attachment-medium_large size-medium_large\" alt=\"\" srcset=\"https:\/\/alojapro.com\/wp-content\/uploads\/2023\/01\/logosmetabuscadores-14.png 333w, https:\/\/alojapro.com\/wp-content\/uploads\/2023\/01\/logosmetabuscadores-14-300x98.png 300w\" sizes=\"auto, (max-width: 333px) 100vw, 333px\" \/>\t\t\t\t\t\t\t\t\t\t\t\t\t\t<\/div>\n\t\t\t\t\t\t<\/div>\n\t\t\t\t<\/div>\n\t\t\t\t\t\t<\/div>\n\t\t\t\t\t<\/div>\n\t\t<\/div>\n\t\t\t\t<div class=\"elementor-column elementor-col-25 elementor-inner-column elementor-element elementor-element-259b16a\" data-id=\"259b16a\" data-element_type=\"column\" data-settings=\"{&quot;background_background&quot;:&quot;classic&quot;}\">\n\t\t\t<div class=\"elementor-column-wrap elementor-element-populated\">\n\t\t\t\t\t\t\t<div class=\"elementor-widget-wrap\">\n\t\t\t\t\t\t<div class=\"elementor-element elementor-element-fb4523a elementor-widget elementor-widget-image\" data-id=\"fb4523a\" data-element_type=\"widget\" data-widget_type=\"image.default\">\n\t\t\t\t<div class=\"elementor-widget-container\">\n\t\t\t\t\t\t\t\t<div class=\"elementor-image\">\n\t\t\t\t\t\t\t\t\t\t\t\t<img loading=\"lazy\" decoding=\"async\" width=\"333\" height=\"109\" src=\"https:\/\/alojapro.com\/wp-content\/uploads\/2023\/01\/logosmetabuscadores-15.png\" class=\"attachment-medium_large size-medium_large\" alt=\"\" srcset=\"https:\/\/alojapro.com\/wp-content\/uploads\/2023\/01\/logosmetabuscadores-15.png 333w, https:\/\/alojapro.com\/wp-content\/uploads\/2023\/01\/logosmetabuscadores-15-300x98.png 300w\" sizes=\"auto, (max-width: 333px) 100vw, 333px\" \/>\t\t\t\t\t\t\t\t\t\t\t\t\t\t<\/div>\n\t\t\t\t\t\t<\/div>\n\t\t\t\t<\/div>\n\t\t\t\t\t\t<\/div>\n\t\t\t\t\t<\/div>\n\t\t<\/div>\n\t\t\t\t<div class=\"elementor-column elementor-col-25 elementor-inner-column elementor-element elementor-element-c002c37\" data-id=\"c002c37\" data-element_type=\"column\" data-settings=\"{&quot;background_background&quot;:&quot;classic&quot;}\">\n\t\t\t<div class=\"elementor-column-wrap elementor-element-populated\">\n\t\t\t\t\t\t\t<div class=\"elementor-widget-wrap\">\n\t\t\t\t\t\t<div class=\"elementor-element elementor-element-c2b81d2 elementor-widget elementor-widget-image\" data-id=\"c2b81d2\" data-element_type=\"widget\" data-widget_type=\"image.default\">\n\t\t\t\t<div class=\"elementor-widget-container\">\n\t\t\t\t\t\t\t\t<div class=\"elementor-image\">\n\t\t\t\t\t\t\t\t\t\t\t\t<img loading=\"lazy\" decoding=\"async\" width=\"333\" height=\"109\" src=\"https:\/\/alojapro.com\/wp-content\/uploads\/2023\/01\/logosmetabuscadores-12.png\" class=\"attachment-medium_large size-medium_large\" alt=\"\" srcset=\"https:\/\/alojapro.com\/wp-content\/uploads\/2023\/01\/logosmetabuscadores-12.png 333w, https:\/\/alojapro.com\/wp-content\/uploads\/2023\/01\/logosmetabuscadores-12-300x98.png 300w\" sizes=\"auto, (max-width: 333px) 100vw, 333px\" \/>\t\t\t\t\t\t\t\t\t\t\t\t\t\t<\/div>\n\t\t\t\t\t\t<\/div>\n\t\t\t\t<\/div>\n\t\t\t\t\t\t<\/div>\n\t\t\t\t\t<\/div>\n\t\t<\/div>\n\t\t\t\t\t\t\t\t<\/div>\n\t\t\t\t\t<\/div>\n\t\t<\/section>\n\t\t\t\t<div class=\"elementor-element elementor-element-ea2ca38 elementor-widget elementor-widget-spacer\" data-id=\"ea2ca38\" data-element_type=\"widget\" data-widget_type=\"spacer.default\">\n\t\t\t\t<div class=\"elementor-widget-container\">\n\t\t\t\t\t<div class=\"elementor-spacer\">\n\t\t\t<div class=\"elementor-spacer-inner\"><\/div>\n\t\t<\/div>\n\t\t\t\t<\/div>\n\t\t\t\t<\/div>\n\t\t\t\t<div class=\"elementor-element elementor-element-ca54d1b elementor-widget elementor-widget-text-editor\" data-id=\"ca54d1b\" data-element_type=\"widget\" data-widget_type=\"text-editor.default\">\n\t\t\t\t<div class=\"elementor-widget-container\">\n\t\t\t\t\t\t\t\t<div class=\"elementor-text-editor elementor-clearfix\">\n\t\t\t\t<p>&nbsp;<span style=\"letter-spacing: 0px;\">Nuestro <b>m<\/b><\/span><strong style=\"letter-spacing: 0px;\">otor de reservas <a href=\"https:\/\/alojapro.com\/motor-de-reservas\/\">AlojaSuite<\/a><\/strong><span style=\"letter-spacing: 0px;\"> est\u00e1 totalmente integrado con una plataforma que te permite vender tu web directamente en estas p\u00e1ginas.&nbsp;<\/span><span style=\"letter-spacing: 0px;\">Es muy f\u00e1cil de manejar, <\/span><strong style=\"letter-spacing: 0px;\">desde una misma interfaz puedes configurar las condiciones de todos los metabuscadores<\/strong><span style=\"letter-spacing: 0px;\"> sin necesidad de tener que ir canal por canal.&nbsp;<\/span><span style=\"letter-spacing: 0px;\">Estar presente en estos canales te ayuda a aumentar las visitas a tu web y, por tanto, tus reservas directas, reduciendo as\u00ed el coste de tus ventas.<\/span><\/p>\t\t\t\t\t<\/div>\n\t\t\t\t\t\t<\/div>\n\t\t\t\t<\/div>\n\t\t\t\t\t\t<\/div>\n\t\t\t\t\t<\/div>\n\t\t<\/div>\n\t\t\t\t\t\t\t\t<\/div>\n\t\t\t\t\t<\/div>\n\t\t<\/section>\n\t\t\t\t<section class=\"elementor-section elementor-top-section elementor-element elementor-element-608daf4 elementor-section-boxed elementor-section-height-default elementor-section-height-default\" data-id=\"608daf4\" data-element_type=\"section\">\n\t\t\t\t\t\t<div class=\"elementor-container elementor-column-gap-default\">\n\t\t\t\t\t\t\t<div class=\"elementor-row\">\n\t\t\t\t\t<div class=\"elementor-column elementor-col-100 elementor-top-column elementor-element elementor-element-2839afe\" data-id=\"2839afe\" data-element_type=\"column\">\n\t\t\t<div class=\"elementor-column-wrap elementor-element-populated\">\n\t\t\t\t\t\t\t<div class=\"elementor-widget-wrap\">\n\t\t\t\t\t\t<div class=\"elementor-element elementor-element-f03f2b7 elementor-widget elementor-widget-heading\" data-id=\"f03f2b7\" data-element_type=\"widget\" data-widget_type=\"heading.default\">\n\t\t\t\t<div class=\"elementor-widget-container\">\n\t\t\t<h2 class=\"elementor-heading-title elementor-size-default\">Solicita m\u00e1s informaci\u00f3n<\/h2>\t\t<\/div>\n\t\t\t\t<\/div>\n\t\t\t\t<div class=\"elementor-element elementor-element-427d0d3 elementor-button-align-stretch elementor-widget elementor-widget-form\" data-id=\"427d0d3\" data-element_type=\"widget\" data-settings=\"{&quot;step_next_label&quot;:&quot;Siguiente&quot;,&quot;step_previous_label&quot;:&quot;Anterior&quot;,&quot;button_width&quot;:&quot;100&quot;,&quot;step_type&quot;:&quot;number_text&quot;,&quot;step_icon_shape&quot;:&quot;circle&quot;}\" data-widget_type=\"form.default\">\n\t\t\t\t<div class=\"elementor-widget-container\">\n\t\t\t\t\t<form class=\"elementor-form\" method=\"post\" name=\"Nuevo formulario\">\n\t\t\t<input type=\"hidden\" name=\"post_id\" value=\"9596\"\/>\n\t\t\t<input type=\"hidden\" name=\"form_id\" value=\"427d0d3\"\/>\n\n\t\t\t\n\t\t\t<div class=\"elementor-form-fields-wrapper elementor-labels-\">\n\t\t\t\t\t\t\t\t<div class=\"elementor-field-type-text elementor-field-group elementor-column elementor-field-group-nombre elementor-col-100 elementor-field-required\">\n\t\t\t\t\t<label for=\"form-field-nombre\" class=\"elementor-field-label elementor-screen-only\">Nombre<\/label><input size=\"1\" type=\"text\" name=\"form_fields[nombre]\" id=\"form-field-nombre\" class=\"elementor-field elementor-size-sm  elementor-field-textual\" placeholder=\"Tu nombre *\" required=\"required\" aria-required=\"true\">\t\t\t\t<\/div>\n\t\t\t\t\t\t\t\t<div class=\"elementor-field-type-email elementor-field-group elementor-column elementor-field-group-email elementor-col-100 elementor-field-required\">\n\t\t\t\t\t<label for=\"form-field-email\" class=\"elementor-field-label elementor-screen-only\">Email<\/label><input size=\"1\" type=\"email\" name=\"form_fields[email]\" id=\"form-field-email\" class=\"elementor-field elementor-size-sm  elementor-field-textual\" placeholder=\"Email de contacto *\" required=\"required\" aria-required=\"true\">\t\t\t\t<\/div>\n\t\t\t\t\t\t\t\t<div class=\"elementor-field-type-text elementor-field-group elementor-column elementor-field-group-telefono elementor-col-100 elementor-field-required\">\n\t\t\t\t\t<label for=\"form-field-telefono\" class=\"elementor-field-label elementor-screen-only\">Tel\u00e9fono<\/label><input size=\"1\" type=\"text\" name=\"form_fields[telefono]\" id=\"form-field-telefono\" class=\"elementor-field elementor-size-sm  elementor-field-textual\" placeholder=\"Tel\u00e9fono de contacto *\" required=\"required\" aria-required=\"true\">\t\t\t\t<\/div>\n\t\t\t\t\t\t\t\t<div class=\"elementor-field-type-textarea elementor-field-group elementor-column elementor-field-group-mensaje elementor-col-100 elementor-field-required\">\n\t\t\t\t\t<label for=\"form-field-mensaje\" class=\"elementor-field-label elementor-screen-only\">Mensaje<\/label><textarea class=\"elementor-field-textual elementor-field  elementor-size-sm\" name=\"form_fields[mensaje]\" id=\"form-field-mensaje\" rows=\"4\" placeholder=\"Mensaje\" required=\"required\" aria-required=\"true\"><\/textarea>\t\t\t\t<\/div>\n\t\t\t\t\t\t\t\t<div class=\"elementor-field-group elementor-column elementor-field-type-submit elementor-col-100 e-form__buttons\">\n\t\t\t\t\t<button type=\"submit\" class=\"elementor-button elementor-size-sm\">\n\t\t\t\t\t\t<span >\n\t\t\t\t\t\t\t\t\t\t\t\t\t\t\t<span class=\" elementor-button-icon\">\n\t\t\t\t\t\t\t\t\t\t\t\t\t\t\t\t\t\t\t\t\t\t\t\t\t\t<\/span>\n\t\t\t\t\t\t\t\t\t\t\t\t\t\t\t\t\t\t\t\t\t\t<span class=\"elementor-button-text\">Enviar<\/span>\n\t\t\t\t\t\t\t\t\t\t\t\t\t<\/span>\n\t\t\t\t\t<\/button>\n\t\t\t\t<\/div>\n\t\t\t<\/div>\n\t\t<\/form>\n\t\t\t\t<\/div>\n\t\t\t\t<\/div>\n\t\t\t\t\t\t<\/div>\n\t\t\t\t\t<\/div>\n\t\t<\/div>\n\t\t\t\t\t\t\t\t<\/div>\n\t\t\t\t\t<\/div>\n\t\t<\/section>\n\t\t\t\t\t\t<\/div>\n\t\t\t\t\t\t<\/div>\n\t\t\t\t\t<\/div>\n\t\t","protected":false},"excerpt":{"rendered":"<p>Incrementa tu venta directa promocionando tu hotel en los metabuscadores&nbsp;m\u00e1s destacados con nuestro motor de reservas&nbsp;Alojasuite &nbsp;Nuestro motor de reservas AlojaSuite est\u00e1 totalmente integrado con una plataforma que te permite vender tu web directamente en estas p\u00e1ginas.&nbsp;Es muy f\u00e1cil de manejar, desde una misma interfaz puedes configurar las condiciones de todos los metabuscadores sin necesidad [&hellip;]<\/p>\n","protected":false},"author":6,"featured_media":0,"parent":21903,"menu_order":2,"comment_status":"closed","ping_status":"closed","template":"","meta":{"footnotes":""},"class_list":["post-9596","page","type-page","status-publish","hentry","no-post-thumbnail"],"yoast_head":"<!-- This site is optimized with the Yoast SEO plugin v26.6 - https:\/\/yoast.com\/wordpress\/plugins\/seo\/ -->\n<title>Metabuscadores | Alojapro<\/title>\n<meta name=\"description\" content=\"\u00bfConoces el concepto de los metabuscadores? Son un escaparate ideal para promocionar tu hotel y aumentar tus posibilidades de venta online.\" \/>\n<meta name=\"robots\" content=\"index, follow, max-snippet:-1, max-image-preview:large, max-video-preview:-1\" \/>\n<link rel=\"canonical\" href=\"https:\/\/alojapro.com\/es\/servicios\/metabuscadores\/\" \/>\n<meta property=\"og:locale\" content=\"es_ES\" \/>\n<meta property=\"og:type\" content=\"article\" \/>\n<meta property=\"og:title\" content=\"Metabuscadores | Alojapro\" \/>\n<meta property=\"og:description\" content=\"\u00bfConoces el concepto de los metabuscadores? Son un escaparate ideal para promocionar tu hotel y aumentar tus posibilidades de venta online.\" \/>\n<meta property=\"og:url\" content=\"https:\/\/alojapro.com\/es\/servicios\/metabuscadores\/\" \/>\n<meta property=\"og:site_name\" content=\"Alojapro\" \/>\n<meta property=\"article:modified_time\" content=\"2023-03-16T15:47:00+00:00\" \/>\n<meta property=\"og:image\" content=\"https:\/\/alojapro.com\/wp-content\/uploads\/2023\/01\/logosmetabuscadores-11.png\" \/>\n<meta name=\"twitter:card\" content=\"summary_large_image\" \/>\n<meta name=\"twitter:label1\" content=\"Tiempo de lectura\" \/>\n\t<meta name=\"twitter:data1\" content=\"2 minutos\" \/>\n<script type=\"application\/ld+json\" class=\"yoast-schema-graph\">{\"@context\":\"https:\/\/schema.org\",\"@graph\":[{\"@type\":\"WebPage\",\"@id\":\"https:\/\/alojapro.com\/es\/servicios\/metabuscadores\/\",\"url\":\"https:\/\/alojapro.com\/es\/servicios\/metabuscadores\/\",\"name\":\"Metabuscadores | Alojapro\",\"isPartOf\":{\"@id\":\"https:\/\/alojapro.com\/es\/#website\"},\"primaryImageOfPage\":{\"@id\":\"https:\/\/alojapro.com\/es\/servicios\/metabuscadores\/#primaryimage\"},\"image\":{\"@id\":\"https:\/\/alojapro.com\/es\/servicios\/metabuscadores\/#primaryimage\"},\"thumbnailUrl\":\"https:\/\/alojapro.com\/wp-content\/uploads\/2023\/01\/logosmetabuscadores-11.png\",\"datePublished\":\"2021-01-19T12:36:55+00:00\",\"dateModified\":\"2023-03-16T15:47:00+00:00\",\"description\":\"\u00bfConoces el concepto de los metabuscadores? Son un escaparate ideal para promocionar tu hotel y aumentar tus posibilidades de venta online.\",\"breadcrumb\":{\"@id\":\"https:\/\/alojapro.com\/es\/servicios\/metabuscadores\/#breadcrumb\"},\"inLanguage\":\"es\",\"potentialAction\":[{\"@type\":\"ReadAction\",\"target\":[\"https:\/\/alojapro.com\/es\/servicios\/metabuscadores\/\"]}]},{\"@type\":\"ImageObject\",\"inLanguage\":\"es\",\"@id\":\"https:\/\/alojapro.com\/es\/servicios\/metabuscadores\/#primaryimage\",\"url\":\"https:\/\/alojapro.com\/wp-content\/uploads\/2023\/01\/logosmetabuscadores-11.png\",\"contentUrl\":\"https:\/\/alojapro.com\/wp-content\/uploads\/2023\/01\/logosmetabuscadores-11.png\"},{\"@type\":\"BreadcrumbList\",\"@id\":\"https:\/\/alojapro.com\/es\/servicios\/metabuscadores\/#breadcrumb\",\"itemListElement\":[{\"@type\":\"ListItem\",\"position\":1,\"name\":\"Home\",\"item\":\"https:\/\/alojapro.com\/es\/\"},{\"@type\":\"ListItem\",\"position\":2,\"name\":\"Servicios para establecimientos tur\u00edsticos\",\"item\":\"https:\/\/alojapro.com\/es\/servicios\/\"},{\"@type\":\"ListItem\",\"position\":3,\"name\":\"Metabuscadores\"}]},{\"@type\":\"WebSite\",\"@id\":\"https:\/\/alojapro.com\/es\/#website\",\"url\":\"https:\/\/alojapro.com\/es\/\",\"name\":\"Alojapro\",\"description\":\"Motor de reservas y soluciones para el sector tur\u00edstico\",\"publisher\":{\"@id\":\"https:\/\/alojapro.com\/es\/#organization\"},\"potentialAction\":[{\"@type\":\"SearchAction\",\"target\":{\"@type\":\"EntryPoint\",\"urlTemplate\":\"https:\/\/alojapro.com\/es\/?s={search_term_string}\"},\"query-input\":{\"@type\":\"PropertyValueSpecification\",\"valueRequired\":true,\"valueName\":\"search_term_string\"}}],\"inLanguage\":\"es\"},{\"@type\":\"Organization\",\"@id\":\"https:\/\/alojapro.com\/es\/#organization\",\"name\":\"Alojapro\",\"alternateName\":\"Aloja\",\"url\":\"https:\/\/alojapro.com\/es\/\",\"logo\":{\"@type\":\"ImageObject\",\"inLanguage\":\"es\",\"@id\":\"https:\/\/alojapro.com\/es\/#\/schema\/logo\/image\/\",\"url\":\"https:\/\/alojapro.com\/wp-content\/uploads\/2021\/12\/LOGO-ALOJAPRO-512x512-1.jpg\",\"contentUrl\":\"https:\/\/alojapro.com\/wp-content\/uploads\/2021\/12\/LOGO-ALOJAPRO-512x512-1.jpg\",\"width\":512,\"height\":512,\"caption\":\"Alojapro\"},\"image\":{\"@id\":\"https:\/\/alojapro.com\/es\/#\/schema\/logo\/image\/\"},\"sameAs\":[\"https:\/\/www.linkedin.com\/company\/alojapro\/\"]}]}<\/script>\n<!-- \/ Yoast SEO plugin. -->","yoast_head_json":{"title":"Metabuscadores | Alojapro","description":"\u00bfConoces el concepto de los metabuscadores? Son un escaparate ideal para promocionar tu hotel y aumentar tus posibilidades de venta online.","robots":{"index":"index","follow":"follow","max-snippet":"max-snippet:-1","max-image-preview":"max-image-preview:large","max-video-preview":"max-video-preview:-1"},"canonical":"https:\/\/alojapro.com\/es\/servicios\/metabuscadores\/","og_locale":"es_ES","og_type":"article","og_title":"Metabuscadores | Alojapro","og_description":"\u00bfConoces el concepto de los metabuscadores? Son un escaparate ideal para promocionar tu hotel y aumentar tus posibilidades de venta online.","og_url":"https:\/\/alojapro.com\/es\/servicios\/metabuscadores\/","og_site_name":"Alojapro","article_modified_time":"2023-03-16T15:47:00+00:00","og_image":[{"url":"https:\/\/alojapro.com\/wp-content\/uploads\/2023\/01\/logosmetabuscadores-11.png","type":"","width":"","height":""}],"twitter_card":"summary_large_image","twitter_misc":{"Tiempo de lectura":"2 minutos"},"schema":{"@context":"https:\/\/schema.org","@graph":[{"@type":"WebPage","@id":"https:\/\/alojapro.com\/es\/servicios\/metabuscadores\/","url":"https:\/\/alojapro.com\/es\/servicios\/metabuscadores\/","name":"Metabuscadores | Alojapro","isPartOf":{"@id":"https:\/\/alojapro.com\/es\/#website"},"primaryImageOfPage":{"@id":"https:\/\/alojapro.com\/es\/servicios\/metabuscadores\/#primaryimage"},"image":{"@id":"https:\/\/alojapro.com\/es\/servicios\/metabuscadores\/#primaryimage"},"thumbnailUrl":"https:\/\/alojapro.com\/wp-content\/uploads\/2023\/01\/logosmetabuscadores-11.png","datePublished":"2021-01-19T12:36:55+00:00","dateModified":"2023-03-16T15:47:00+00:00","description":"\u00bfConoces el concepto de los metabuscadores? Son un escaparate ideal para promocionar tu hotel y aumentar tus posibilidades de venta online.","breadcrumb":{"@id":"https:\/\/alojapro.com\/es\/servicios\/metabuscadores\/#breadcrumb"},"inLanguage":"es","potentialAction":[{"@type":"ReadAction","target":["https:\/\/alojapro.com\/es\/servicios\/metabuscadores\/"]}]},{"@type":"ImageObject","inLanguage":"es","@id":"https:\/\/alojapro.com\/es\/servicios\/metabuscadores\/#primaryimage","url":"https:\/\/alojapro.com\/wp-content\/uploads\/2023\/01\/logosmetabuscadores-11.png","contentUrl":"https:\/\/alojapro.com\/wp-content\/uploads\/2023\/01\/logosmetabuscadores-11.png"},{"@type":"BreadcrumbList","@id":"https:\/\/alojapro.com\/es\/servicios\/metabuscadores\/#breadcrumb","itemListElement":[{"@type":"ListItem","position":1,"name":"Home","item":"https:\/\/alojapro.com\/es\/"},{"@type":"ListItem","position":2,"name":"Servicios para establecimientos tur\u00edsticos","item":"https:\/\/alojapro.com\/es\/servicios\/"},{"@type":"ListItem","position":3,"name":"Metabuscadores"}]},{"@type":"WebSite","@id":"https:\/\/alojapro.com\/es\/#website","url":"https:\/\/alojapro.com\/es\/","name":"Alojapro","description":"Motor de reservas y soluciones para el sector tur\u00edstico","publisher":{"@id":"https:\/\/alojapro.com\/es\/#organization"},"potentialAction":[{"@type":"SearchAction","target":{"@type":"EntryPoint","urlTemplate":"https:\/\/alojapro.com\/es\/?s={search_term_string}"},"query-input":{"@type":"PropertyValueSpecification","valueRequired":true,"valueName":"search_term_string"}}],"inLanguage":"es"},{"@type":"Organization","@id":"https:\/\/alojapro.com\/es\/#organization","name":"Alojapro","alternateName":"Aloja","url":"https:\/\/alojapro.com\/es\/","logo":{"@type":"ImageObject","inLanguage":"es","@id":"https:\/\/alojapro.com\/es\/#\/schema\/logo\/image\/","url":"https:\/\/alojapro.com\/wp-content\/uploads\/2021\/12\/LOGO-ALOJAPRO-512x512-1.jpg","contentUrl":"https:\/\/alojapro.com\/wp-content\/uploads\/2021\/12\/LOGO-ALOJAPRO-512x512-1.jpg","width":512,"height":512,"caption":"Alojapro"},"image":{"@id":"https:\/\/alojapro.com\/es\/#\/schema\/logo\/image\/"},"sameAs":["https:\/\/www.linkedin.com\/company\/alojapro\/"]}]}},"_links":{"self":[{"href":"https:\/\/alojapro.com\/es\/wp-json\/wp\/v2\/pages\/9596","targetHints":{"allow":["GET"]}}],"collection":[{"href":"https:\/\/alojapro.com\/es\/wp-json\/wp\/v2\/pages"}],"about":[{"href":"https:\/\/alojapro.com\/es\/wp-json\/wp\/v2\/types\/page"}],"author":[{"embeddable":true,"href":"https:\/\/alojapro.com\/es\/wp-json\/wp\/v2\/users\/6"}],"replies":[{"embeddable":true,"href":"https:\/\/alojapro.com\/es\/wp-json\/wp\/v2\/comments?post=9596"}],"version-history":[{"count":0,"href":"https:\/\/alojapro.com\/es\/wp-json\/wp\/v2\/pages\/9596\/revisions"}],"up":[{"embeddable":true,"href":"https:\/\/alojapro.com\/es\/wp-json\/wp\/v2\/pages\/21903"}],"wp:attachment":[{"href":"https:\/\/alojapro.com\/es\/wp-json\/wp\/v2\/media?parent=9596"}],"curies":[{"name":"wp","href":"https:\/\/api.w.org\/{rel}","templated":true}]}}