{"id":9607,"date":"2021-01-19T12:40:24","date_gmt":"2021-01-19T12:40:24","guid":{"rendered":"https:\/\/alojapro.com\/?page_id=9607"},"modified":"2023-02-22T11:10:56","modified_gmt":"2023-02-22T11:10:56","slug":"estrategias-de-fidelizacion","status":"publish","type":"page","link":"https:\/\/alojapro.com\/es\/motor-de-reservas\/estrategias-de-fidelizacion\/","title":{"rendered":"Estrategias de fidelizaci\u00f3n"},"content":{"rendered":"\t\t<div data-elementor-type=\"wp-page\" data-elementor-id=\"9607\" class=\"elementor elementor-9607\" data-elementor-settings=\"[]\">\n\t\t\t\t\t\t<div class=\"elementor-inner\">\n\t\t\t\t\t\t\t<div class=\"elementor-section-wrap\">\n\t\t\t\t\t\t\t<section class=\"elementor-section elementor-top-section elementor-element elementor-element-226369d elementor-section-boxed elementor-section-height-default elementor-section-height-default\" data-id=\"226369d\" data-element_type=\"section\">\n\t\t\t\t\t\t<div class=\"elementor-container elementor-column-gap-default\">\n\t\t\t\t\t\t\t<div class=\"elementor-row\">\n\t\t\t\t\t<div class=\"elementor-column elementor-col-50 elementor-top-column elementor-element elementor-element-9a5b77e\" data-id=\"9a5b77e\" data-element_type=\"column\">\n\t\t\t<div class=\"elementor-column-wrap elementor-element-populated\">\n\t\t\t\t\t\t\t<div class=\"elementor-widget-wrap\">\n\t\t\t\t\t\t<div class=\"elementor-element elementor-element-1a29274 elementor-widget elementor-widget-image\" data-id=\"1a29274\" data-element_type=\"widget\" data-widget_type=\"image.default\">\n\t\t\t\t<div class=\"elementor-widget-container\">\n\t\t\t\t\t\t\t\t<div class=\"elementor-image\">\n\t\t\t\t\t\t\t\t\t\t\t\t<img loading=\"lazy\" decoding=\"async\" width=\"530\" height=\"316\" src=\"https:\/\/alojapro.com\/wp-content\/uploads\/2021\/01\/fidelizacion.jpg\" class=\"attachment-large size-large\" alt=\"\" srcset=\"https:\/\/alojapro.com\/wp-content\/uploads\/2021\/01\/fidelizacion.jpg 530w, https:\/\/alojapro.com\/wp-content\/uploads\/2021\/01\/fidelizacion-300x179.jpg 300w\" sizes=\"auto, (max-width: 530px) 100vw, 530px\" \/>\t\t\t\t\t\t\t\t\t\t\t\t\t\t<\/div>\n\t\t\t\t\t\t<\/div>\n\t\t\t\t<\/div>\n\t\t\t\t\t\t<\/div>\n\t\t\t\t\t<\/div>\n\t\t<\/div>\n\t\t\t\t<div class=\"elementor-column elementor-col-50 elementor-top-column elementor-element elementor-element-1f8bcb3\" data-id=\"1f8bcb3\" data-element_type=\"column\">\n\t\t\t<div class=\"elementor-column-wrap elementor-element-populated\">\n\t\t\t\t\t\t\t<div class=\"elementor-widget-wrap\">\n\t\t\t\t\t\t<div class=\"elementor-element elementor-element-3ba5027 elementor-widget elementor-widget-heading\" data-id=\"3ba5027\" data-element_type=\"widget\" data-widget_type=\"heading.default\">\n\t\t\t\t<div class=\"elementor-widget-container\">\n\t\t\t<h3 class=\"elementor-heading-title elementor-size-default\">Estrategias de fidelizaci\u00f3n<\/h3>\t\t<\/div>\n\t\t\t\t<\/div>\n\t\t\t\t<div class=\"elementor-element elementor-element-5948daf elementor-widget elementor-widget-text-editor\" data-id=\"5948daf\" data-element_type=\"widget\" data-widget_type=\"text-editor.default\">\n\t\t\t\t<div class=\"elementor-widget-container\">\n\t\t\t\t\t\t\t\t<div class=\"elementor-text-editor elementor-clearfix\">\n\t\t\t\t<p>La definici\u00f3n de un buen plan de fidelizaci\u00f3n que convierta cada cliente que visita tu establecimiento en un cliente recurrente y embajador de tu marca. Esta es la clave del \u00e9xito de tu negocio.<\/p><p>Para triunfar en la captaci\u00f3n de nuevos clientes y su fidelizaci\u00f3n se necesita definir una buena estrategia que se complemente con tus acciones de marketing para que te ayude a llegar a dicho objetivo. Con un buen plan de acci\u00f3n conseguir\u00e1s que cada cliente que te visite sea un cliente repetidor y te recomiende.<\/p><p>Alojapro te ayuda a sacar el m\u00e1ximo partido a su herramienta de fidelizaci\u00f3n y ventas <strong>AlojaSuite<\/strong>, con un servicio personalizado y r\u00e1pido, para que implementes tus campa\u00f1as sin perder tiempo.<\/p>\t\t\t\t\t<\/div>\n\t\t\t\t\t\t<\/div>\n\t\t\t\t<\/div>\n\t\t\t\t\t\t<\/div>\n\t\t\t\t\t<\/div>\n\t\t<\/div>\n\t\t\t\t\t\t\t\t<\/div>\n\t\t\t\t\t<\/div>\n\t\t<\/section>\n\t\t\t\t<section class=\"elementor-section elementor-top-section elementor-element elementor-element-29cba14 elementor-section-boxed elementor-section-height-default elementor-section-height-default\" data-id=\"29cba14\" data-element_type=\"section\">\n\t\t\t\t\t\t<div class=\"elementor-container elementor-column-gap-default\">\n\t\t\t\t\t\t\t<div class=\"elementor-row\">\n\t\t\t\t\t<div class=\"elementor-column elementor-col-100 elementor-top-column elementor-element elementor-element-c467276\" data-id=\"c467276\" data-element_type=\"column\">\n\t\t\t<div class=\"elementor-column-wrap elementor-element-populated\">\n\t\t\t\t\t\t\t<div class=\"elementor-widget-wrap\">\n\t\t\t\t\t\t<div class=\"elementor-element elementor-element-7ea2016 elementor-widget elementor-widget-text-editor\" data-id=\"7ea2016\" data-element_type=\"widget\" data-widget_type=\"text-editor.default\">\n\t\t\t\t<div class=\"elementor-widget-container\">\n\t\t\t\t\t\t\t\t<div class=\"elementor-text-editor elementor-clearfix\">\n\t\t\t\t<p>\u00bfQu\u00e9 podr\u00e1s hacer desde el CRM\u00a0 de Alojasuite?<\/p><ul><li>Dar de alta clientes y gestionar o modificar sus datos<\/li><li>Obtener la <span dir=\"ltr\" role=\"presentation\">radiograf\u00eda de tus clientes: reservas, tipo de habitaci\u00f3n contratada, servicios extras, nivel <\/span><span dir=\"ltr\" role=\"presentation\">de satisfacci\u00f3n, frecuencia de reservas, <\/span><span dir=\"ltr\" role=\"presentation\">nacionalidad, etc.<\/span><\/li><li>Importar y exportar BBDD de forma \u00e1gil y sencilla<\/li><li>Segmentar la BBDD seg\u00fan categor\u00edas predefinidas en el sistema<\/li><li>Definir descuentos seg\u00fan criterios de cantidad de reservas acumuladas, gasto total realizado, estancias acumuladas, etc., para que se apliquen de forma automatizada simplemente detectando su mail sin necesidad de registros complejos, con la posibilidad de segmentarlos por tarifas y fechas<\/li><li>Conocer el nivel de satisfacci\u00f3n de tu cliente con la activaci\u00f3n de las encuestas autom\u00e1ticas. Recibir\u00e1s alertas con sus valoraciones y podr\u00e1s dar respuesta a \u00e9stas desde el sistema<\/li><li>Comunicarte con el cliente mediante la predefinici\u00f3n de env\u00edo de correos autom\u00e1ticos, pre-estancia y post-estancia.<\/li><li>Puede integrarse con cualquier plataforma v\u00eda API o webservice para compartir informaci\u00f3n, consolidarla y obtener datos de otras plataformas que use el establecimiento como programas de gesti\u00f3n o captadores de mail v\u00eda Wifi<\/li><li><span dir=\"ltr\" role=\"presentation\">Opci\u00f3n de activaci\u00f3n del retargeting. El sistema enviar\u00e1 autom\u00e1ticamente un mail a los usuarios record\u00e1ndoles su \u00faltima b\u00fasqueda, d\u00e1ndoles adem\u00e1s la posibilidad de confirmarla en un solo paso. <\/span><span dir=\"ltr\" role=\"presentation\">Podr\u00e1s extraer informes de <\/span><span dir=\"ltr\" role=\"presentation\">resultados.<\/span><\/li><\/ul>\t\t\t\t\t<\/div>\n\t\t\t\t\t\t<\/div>\n\t\t\t\t<\/div>\n\t\t\t\t\t\t<\/div>\n\t\t\t\t\t<\/div>\n\t\t<\/div>\n\t\t\t\t\t\t\t\t<\/div>\n\t\t\t\t\t<\/div>\n\t\t<\/section>\n\t\t\t\t\t\t<\/div>\n\t\t\t\t\t\t<\/div>\n\t\t\t\t\t<\/div>\n\t\t","protected":false},"excerpt":{"rendered":"<p>Estrategias de fidelizaci\u00f3n La definici\u00f3n de un buen plan de fidelizaci\u00f3n que convierta cada cliente que visita tu establecimiento en un cliente recurrente y embajador de tu marca. Esta es la clave del \u00e9xito de tu negocio. Para triunfar en la captaci\u00f3n de nuevos clientes y su fidelizaci\u00f3n se necesita definir una buena estrategia que [&hellip;]<\/p>\n","protected":false},"author":6,"featured_media":0,"parent":18851,"menu_order":0,"comment_status":"closed","ping_status":"closed","template":"","meta":{"footnotes":""},"class_list":["post-9607","page","type-page","status-publish","hentry","no-post-thumbnail"],"yoast_head":"<!-- This site is optimized with the Yoast SEO plugin v26.6 - https:\/\/yoast.com\/wordpress\/plugins\/seo\/ -->\n<title>Estrategias de fidelizaci\u00f3n | Alojapro<\/title>\n<meta name=\"description\" content=\"Desarrollamos e implementamos estrategias de fidelizaci\u00f3n para convertir cada cliente en cliente recurrente y embajador de tu marca.\" \/>\n<meta name=\"robots\" content=\"index, follow, max-snippet:-1, max-image-preview:large, max-video-preview:-1\" \/>\n<link rel=\"canonical\" href=\"https:\/\/alojapro.com\/es\/motor-de-reservas\/estrategias-de-fidelizacion\/\" \/>\n<meta property=\"og:locale\" content=\"es_ES\" \/>\n<meta property=\"og:type\" content=\"article\" \/>\n<meta property=\"og:title\" content=\"Estrategias de fidelizaci\u00f3n | Alojapro\" \/>\n<meta property=\"og:description\" content=\"Desarrollamos e implementamos estrategias de fidelizaci\u00f3n para convertir cada cliente en cliente recurrente y embajador de tu marca.\" \/>\n<meta property=\"og:url\" content=\"https:\/\/alojapro.com\/es\/motor-de-reservas\/estrategias-de-fidelizacion\/\" \/>\n<meta property=\"og:site_name\" content=\"Alojapro\" \/>\n<meta property=\"article:modified_time\" content=\"2023-02-22T11:10:56+00:00\" \/>\n<meta property=\"og:image\" content=\"https:\/\/alojapro.com\/wp-content\/uploads\/2021\/01\/fidelizacion.jpg\" \/>\n<meta name=\"twitter:card\" content=\"summary_large_image\" \/>\n<meta name=\"twitter:label1\" content=\"Tiempo de lectura\" \/>\n\t<meta name=\"twitter:data1\" content=\"2 minutos\" \/>\n<script type=\"application\/ld+json\" class=\"yoast-schema-graph\">{\"@context\":\"https:\/\/schema.org\",\"@graph\":[{\"@type\":\"WebPage\",\"@id\":\"https:\/\/alojapro.com\/es\/motor-de-reservas\/estrategias-de-fidelizacion\/\",\"url\":\"https:\/\/alojapro.com\/es\/motor-de-reservas\/estrategias-de-fidelizacion\/\",\"name\":\"Estrategias de fidelizaci\u00f3n | Alojapro\",\"isPartOf\":{\"@id\":\"https:\/\/alojapro.com\/es\/#website\"},\"primaryImageOfPage\":{\"@id\":\"https:\/\/alojapro.com\/es\/motor-de-reservas\/estrategias-de-fidelizacion\/#primaryimage\"},\"image\":{\"@id\":\"https:\/\/alojapro.com\/es\/motor-de-reservas\/estrategias-de-fidelizacion\/#primaryimage\"},\"thumbnailUrl\":\"https:\/\/alojapro.com\/wp-content\/uploads\/2021\/01\/fidelizacion.jpg\",\"datePublished\":\"2021-01-19T12:40:24+00:00\",\"dateModified\":\"2023-02-22T11:10:56+00:00\",\"description\":\"Desarrollamos e implementamos estrategias de fidelizaci\u00f3n para convertir cada cliente en cliente recurrente y embajador de tu marca.\",\"breadcrumb\":{\"@id\":\"https:\/\/alojapro.com\/es\/motor-de-reservas\/estrategias-de-fidelizacion\/#breadcrumb\"},\"inLanguage\":\"es\",\"potentialAction\":[{\"@type\":\"ReadAction\",\"target\":[\"https:\/\/alojapro.com\/es\/motor-de-reservas\/estrategias-de-fidelizacion\/\"]}]},{\"@type\":\"ImageObject\",\"inLanguage\":\"es\",\"@id\":\"https:\/\/alojapro.com\/es\/motor-de-reservas\/estrategias-de-fidelizacion\/#primaryimage\",\"url\":\"https:\/\/alojapro.com\/wp-content\/uploads\/2021\/01\/fidelizacion.jpg\",\"contentUrl\":\"https:\/\/alojapro.com\/wp-content\/uploads\/2021\/01\/fidelizacion.jpg\"},{\"@type\":\"BreadcrumbList\",\"@id\":\"https:\/\/alojapro.com\/es\/motor-de-reservas\/estrategias-de-fidelizacion\/#breadcrumb\",\"itemListElement\":[{\"@type\":\"ListItem\",\"position\":1,\"name\":\"Home\",\"item\":\"https:\/\/alojapro.com\/es\/\"},{\"@type\":\"ListItem\",\"position\":2,\"name\":\"Motor de reservas\",\"item\":\"https:\/\/alojapro.com\/es\/motor-de-reservas\/\"},{\"@type\":\"ListItem\",\"position\":3,\"name\":\"Estrategias de fidelizaci\u00f3n\"}]},{\"@type\":\"WebSite\",\"@id\":\"https:\/\/alojapro.com\/es\/#website\",\"url\":\"https:\/\/alojapro.com\/es\/\",\"name\":\"Alojapro\",\"description\":\"Motor de reservas y soluciones para el sector tur\u00edstico\",\"publisher\":{\"@id\":\"https:\/\/alojapro.com\/es\/#organization\"},\"potentialAction\":[{\"@type\":\"SearchAction\",\"target\":{\"@type\":\"EntryPoint\",\"urlTemplate\":\"https:\/\/alojapro.com\/es\/?s={search_term_string}\"},\"query-input\":{\"@type\":\"PropertyValueSpecification\",\"valueRequired\":true,\"valueName\":\"search_term_string\"}}],\"inLanguage\":\"es\"},{\"@type\":\"Organization\",\"@id\":\"https:\/\/alojapro.com\/es\/#organization\",\"name\":\"Alojapro\",\"alternateName\":\"Aloja\",\"url\":\"https:\/\/alojapro.com\/es\/\",\"logo\":{\"@type\":\"ImageObject\",\"inLanguage\":\"es\",\"@id\":\"https:\/\/alojapro.com\/es\/#\/schema\/logo\/image\/\",\"url\":\"https:\/\/alojapro.com\/wp-content\/uploads\/2021\/12\/LOGO-ALOJAPRO-512x512-1.jpg\",\"contentUrl\":\"https:\/\/alojapro.com\/wp-content\/uploads\/2021\/12\/LOGO-ALOJAPRO-512x512-1.jpg\",\"width\":512,\"height\":512,\"caption\":\"Alojapro\"},\"image\":{\"@id\":\"https:\/\/alojapro.com\/es\/#\/schema\/logo\/image\/\"},\"sameAs\":[\"https:\/\/www.linkedin.com\/company\/alojapro\/\"]}]}<\/script>\n<!-- \/ Yoast SEO plugin. -->","yoast_head_json":{"title":"Estrategias de fidelizaci\u00f3n | Alojapro","description":"Desarrollamos e implementamos estrategias de fidelizaci\u00f3n para convertir cada cliente en cliente recurrente y embajador de tu marca.","robots":{"index":"index","follow":"follow","max-snippet":"max-snippet:-1","max-image-preview":"max-image-preview:large","max-video-preview":"max-video-preview:-1"},"canonical":"https:\/\/alojapro.com\/es\/motor-de-reservas\/estrategias-de-fidelizacion\/","og_locale":"es_ES","og_type":"article","og_title":"Estrategias de fidelizaci\u00f3n | Alojapro","og_description":"Desarrollamos e implementamos estrategias de fidelizaci\u00f3n para convertir cada cliente en cliente recurrente y embajador de tu marca.","og_url":"https:\/\/alojapro.com\/es\/motor-de-reservas\/estrategias-de-fidelizacion\/","og_site_name":"Alojapro","article_modified_time":"2023-02-22T11:10:56+00:00","og_image":[{"url":"https:\/\/alojapro.com\/wp-content\/uploads\/2021\/01\/fidelizacion.jpg","type":"","width":"","height":""}],"twitter_card":"summary_large_image","twitter_misc":{"Tiempo de lectura":"2 minutos"},"schema":{"@context":"https:\/\/schema.org","@graph":[{"@type":"WebPage","@id":"https:\/\/alojapro.com\/es\/motor-de-reservas\/estrategias-de-fidelizacion\/","url":"https:\/\/alojapro.com\/es\/motor-de-reservas\/estrategias-de-fidelizacion\/","name":"Estrategias de fidelizaci\u00f3n | Alojapro","isPartOf":{"@id":"https:\/\/alojapro.com\/es\/#website"},"primaryImageOfPage":{"@id":"https:\/\/alojapro.com\/es\/motor-de-reservas\/estrategias-de-fidelizacion\/#primaryimage"},"image":{"@id":"https:\/\/alojapro.com\/es\/motor-de-reservas\/estrategias-de-fidelizacion\/#primaryimage"},"thumbnailUrl":"https:\/\/alojapro.com\/wp-content\/uploads\/2021\/01\/fidelizacion.jpg","datePublished":"2021-01-19T12:40:24+00:00","dateModified":"2023-02-22T11:10:56+00:00","description":"Desarrollamos e implementamos estrategias de fidelizaci\u00f3n para convertir cada cliente en cliente recurrente y embajador de tu marca.","breadcrumb":{"@id":"https:\/\/alojapro.com\/es\/motor-de-reservas\/estrategias-de-fidelizacion\/#breadcrumb"},"inLanguage":"es","potentialAction":[{"@type":"ReadAction","target":["https:\/\/alojapro.com\/es\/motor-de-reservas\/estrategias-de-fidelizacion\/"]}]},{"@type":"ImageObject","inLanguage":"es","@id":"https:\/\/alojapro.com\/es\/motor-de-reservas\/estrategias-de-fidelizacion\/#primaryimage","url":"https:\/\/alojapro.com\/wp-content\/uploads\/2021\/01\/fidelizacion.jpg","contentUrl":"https:\/\/alojapro.com\/wp-content\/uploads\/2021\/01\/fidelizacion.jpg"},{"@type":"BreadcrumbList","@id":"https:\/\/alojapro.com\/es\/motor-de-reservas\/estrategias-de-fidelizacion\/#breadcrumb","itemListElement":[{"@type":"ListItem","position":1,"name":"Home","item":"https:\/\/alojapro.com\/es\/"},{"@type":"ListItem","position":2,"name":"Motor de reservas","item":"https:\/\/alojapro.com\/es\/motor-de-reservas\/"},{"@type":"ListItem","position":3,"name":"Estrategias de fidelizaci\u00f3n"}]},{"@type":"WebSite","@id":"https:\/\/alojapro.com\/es\/#website","url":"https:\/\/alojapro.com\/es\/","name":"Alojapro","description":"Motor de reservas y soluciones para el sector tur\u00edstico","publisher":{"@id":"https:\/\/alojapro.com\/es\/#organization"},"potentialAction":[{"@type":"SearchAction","target":{"@type":"EntryPoint","urlTemplate":"https:\/\/alojapro.com\/es\/?s={search_term_string}"},"query-input":{"@type":"PropertyValueSpecification","valueRequired":true,"valueName":"search_term_string"}}],"inLanguage":"es"},{"@type":"Organization","@id":"https:\/\/alojapro.com\/es\/#organization","name":"Alojapro","alternateName":"Aloja","url":"https:\/\/alojapro.com\/es\/","logo":{"@type":"ImageObject","inLanguage":"es","@id":"https:\/\/alojapro.com\/es\/#\/schema\/logo\/image\/","url":"https:\/\/alojapro.com\/wp-content\/uploads\/2021\/12\/LOGO-ALOJAPRO-512x512-1.jpg","contentUrl":"https:\/\/alojapro.com\/wp-content\/uploads\/2021\/12\/LOGO-ALOJAPRO-512x512-1.jpg","width":512,"height":512,"caption":"Alojapro"},"image":{"@id":"https:\/\/alojapro.com\/es\/#\/schema\/logo\/image\/"},"sameAs":["https:\/\/www.linkedin.com\/company\/alojapro\/"]}]}},"_links":{"self":[{"href":"https:\/\/alojapro.com\/es\/wp-json\/wp\/v2\/pages\/9607","targetHints":{"allow":["GET"]}}],"collection":[{"href":"https:\/\/alojapro.com\/es\/wp-json\/wp\/v2\/pages"}],"about":[{"href":"https:\/\/alojapro.com\/es\/wp-json\/wp\/v2\/types\/page"}],"author":[{"embeddable":true,"href":"https:\/\/alojapro.com\/es\/wp-json\/wp\/v2\/users\/6"}],"replies":[{"embeddable":true,"href":"https:\/\/alojapro.com\/es\/wp-json\/wp\/v2\/comments?post=9607"}],"version-history":[{"count":0,"href":"https:\/\/alojapro.com\/es\/wp-json\/wp\/v2\/pages\/9607\/revisions"}],"up":[{"embeddable":true,"href":"https:\/\/alojapro.com\/es\/wp-json\/wp\/v2\/pages\/18851"}],"wp:attachment":[{"href":"https:\/\/alojapro.com\/es\/wp-json\/wp\/v2\/media?parent=9607"}],"curies":[{"name":"wp","href":"https:\/\/api.w.org\/{rel}","templated":true}]}}