{"id":27890,"date":"2021-01-11T16:20:16","date_gmt":"2021-01-11T16:20:16","guid":{"rendered":"https:\/\/alojapro.com\/politica-de-privacidad\/"},"modified":"2024-11-18T12:07:20","modified_gmt":"2024-11-18T12:07:20","slug":"politica-privacidade","status":"publish","type":"page","link":"https:\/\/alojapro.com\/pt\/politica-privacidade\/","title":{"rendered":"Pol\u00edtica de privacidade"},"content":{"rendered":"\t\t<div data-elementor-type=\"wp-page\" data-elementor-id=\"27890\" class=\"elementor elementor-27890\" data-elementor-settings=\"[]\">\n\t\t\t\t\t\t<div class=\"elementor-inner\">\n\t\t\t\t\t\t\t<div class=\"elementor-section-wrap\">\n\t\t\t\t\t\t\t<section class=\"elementor-section elementor-top-section elementor-element elementor-element-7858641 elementor-section-boxed elementor-section-height-default elementor-section-height-default\" data-id=\"7858641\" data-element_type=\"section\">\n\t\t\t\t\t\t<div class=\"elementor-container elementor-column-gap-default\">\n\t\t\t\t\t\t\t<div class=\"elementor-row\">\n\t\t\t\t\t<div class=\"elementor-column elementor-col-100 elementor-top-column elementor-element elementor-element-04fb2a4\" data-id=\"04fb2a4\" data-element_type=\"column\">\n\t\t\t<div class=\"elementor-column-wrap elementor-element-populated\">\n\t\t\t\t\t\t\t<div class=\"elementor-widget-wrap\">\n\t\t\t\t\t\t<div class=\"elementor-element elementor-element-ad44cfa elementor-widget elementor-widget-text-editor\" data-id=\"ad44cfa\" data-element_type=\"widget\" data-widget_type=\"text-editor.default\">\n\t\t\t\t<div class=\"elementor-widget-container\">\n\t\t\t\t\t\t\t\t<div class=\"elementor-text-editor elementor-clearfix\">\n\t\t\t\t<p><strong>PLATJA D\u2019ARNAFONA, SL<\/strong> est\u00e1 especialmente sensibilizada na prote\u00e7\u00e3o de dados pessoais dos Usu\u00e1rios dos servi\u00e7os do site. Por meio da presente Pol\u00edtica de Privacidade (doravante, a Pol\u00edtica), <strong>PLATJA D\u2019ARNAFONA, SL<\/strong> informa os USU\u00c1RIOS deste site sobre os usos aos quais os dados pessoais recolhidos no site est\u00e3o sujeitos, para que decidam, livre e voluntariamente, se desejam fornecer as informa\u00e7\u00f5es solicitadas.<\/p><p><strong>PLATJA D\u2019ARNAFONA, SL<\/strong> reserva-se o direito de modificar esta Pol\u00edtica para adapt\u00e1-la a novidades legislativas, crit\u00e9rios jurisprudenciais, pr\u00e1ticas do setor ou interesses da entidade. Qualquer modifica\u00e7\u00e3o ser\u00e1 anunciada com a devida anteced\u00eancia, para que o Usu\u00e1rio tenha pleno conhecimento de seu conte\u00fado.<\/p><p><b>RESPONS\u00c1VEL<\/b><\/p><p>O respons\u00e1vel pelo tratamento dos dados pessoais \u00e9:<\/p><p>Identidade: <strong>PLATJA D\u2019ARNAFONA, SL<\/strong> com CIF\/NIF: B64230741, doravante <strong>ENTIDADE<\/strong><\/p><p>Endere\u00e7o: Carrer Turisme, 42 \u2013 08370 Calella (Barcelona)<\/p><p>E-mail: <a href=\"mailto:info@alojapro.com\">info@alojapro.com<\/a><\/p><p><b>FINALIDADE DO TRATAMENTO<\/b><\/p><p>A coleta e o tratamento dos dados pessoais coletados atrav\u00e9s do formul\u00e1rio de contato t\u00eam como finalidade a gest\u00e3o, administra\u00e7\u00e3o, presta\u00e7\u00e3o, amplia\u00e7\u00e3o e melhoria dos servi\u00e7os prestados por <strong>PLATJA D\u2019ARNAFONA, SL<\/strong>, atendendo \u00e0s solicita\u00e7\u00f5es de informa\u00e7\u00f5es e\/ou consultas realizadas<\/p><p><strong>PRAZO DE CONSERVA\u00c7\u00c3O<\/strong><\/p><p>Os dados pessoais fornecidos ser\u00e3o mantidos pelo prazo necess\u00e1rio para cumprir com as obriga\u00e7\u00f5es legais, ou at\u00e9 que o interessado solicite sua exclus\u00e3o, desde que esteja legitimado para tanto.<\/p><p><strong>LEGITIMA\u00c7\u00c3O<\/strong><\/p><p>PLATJA D\u2019ARNAFONA, SL est\u00e1 legitimada para o tratamento de dados pessoais com base no consentimento concedido pelo interessado para uma ou v\u00e1rias finalidades espec\u00edficas, conforme estabelece o artigo 6.1.a) do Regulamento Geral de Prote\u00e7\u00e3o de Dados Pessoais.<\/p><p><strong>DESTINAT\u00c1RIOS<\/strong><\/p><p>Os dados pessoais coletados n\u00e3o ser\u00e3o cedidos ou comunicados a terceiros, exceto nos casos necess\u00e1rios para o desenvolvimento, controle e cumprimento das finalidades expressas, conforme previsto pela lei, bem como em casos espec\u00edficos, dos quais o Usu\u00e1rio ser\u00e1 informado expressamente.<\/p><p>DIREITOS DOS USU\u00c1RIOS: Quais s\u00e3o seus direitos quando nos fornece seus dados?<\/p><p>Acesso: O interessado tem o direito de saber quais dados a ENTIDADE est\u00e1 tratando sobre ele.<\/p><p>Retifica\u00e7\u00e3o: O interessado tem o direito de solicitar a retifica\u00e7\u00e3o dos dados imprecisos.<\/p><p>Exclus\u00e3o: O interessado tem o direito de solicitar a exclus\u00e3o de seus dados quando, entre outros motivos, os dados n\u00e3o forem necess\u00e1rios para os fins para os quais foram coletados.<\/p><p>Limita\u00e7\u00e3o do tratamento: Em determinadas circunst\u00e2ncias, o interessado poder\u00e1 solicitar a limita\u00e7\u00e3o do tratamento dos seus dados, caso em que os manteremos apenas para o exerc\u00edcio ou defesa de reclama\u00e7\u00f5es.<\/p><p>Oposi\u00e7\u00e3o: Em determinadas circunst\u00e2ncias, o interessado poder\u00e1 se opor ao tratamento dos seus dados. Nesse caso, a ENTIDADE deixar\u00e1 de tratar seus dados, salvo por motivos leg\u00edtimos imperiosos ou pelo exerc\u00edcio ou defesa de poss\u00edveis reclama\u00e7\u00f5es.<\/p><p>Portabilidade dos dados: Aplic\u00e1vel apenas a dados automatizados, consiste em transferir os dados da ENTIDADE para outro novo RESPONS\u00c1VEL PELO TRATAMENTO (n\u00e3o para o interessado e a seu pedido).<\/p><p>Voc\u00ea pode exercer seus direitos, incluindo o direito de retirar seu consentimento (se este tiver sido concedido), enviando um documento acompanhado de sua identifica\u00e7\u00e3o para PLATJA D\u2019ARNAFONA, SL em Carrer Turisme, 42 \u2013 08370 Calella (Barcelona) ou enviando um e-mail para info@alojapro.com.<\/p><p>Al\u00e9m disso, voc\u00ea tem o direito de apresentar uma reclama\u00e7\u00e3o \u00e0 Autoridade de Controle em mat\u00e9ria de Prote\u00e7\u00e3o de Dados, atualmente a Ag\u00eancia Espanhola de Prote\u00e7\u00e3o de Dados.<\/p><p><strong>MEDIDAS DE SEGURAN\u00c7A<\/strong><\/p><p>O respons\u00e1vel pelo tratamento, PLATJA D\u2019ARNAFONA, SL, aplicar\u00e1 medidas t\u00e9cnicas e organizativas apropriadas para garantir um n\u00edvel de seguran\u00e7a adequado ao risco do tratamento dos dados.<\/p><p><strong>TRANSFER\u00caNCIAS INTERNACIONAIS<\/strong><\/p><p>N\u00e3o s\u00e3o realizadas transfer\u00eancias internacionais.<\/p><p><strong>PERFIS E DECIS\u00d5ES AUTOMATIZADAS<\/strong><\/p><p>N\u00e3o s\u00e3o elaborados perfis, nem tomadas decis\u00f5es automatizadas com os dados fornecidos pelo usu\u00e1rio.<\/p>\t\t\t\t\t<\/div>\n\t\t\t\t\t\t<\/div>\n\t\t\t\t<\/div>\n\t\t\t\t\t\t<\/div>\n\t\t\t\t\t<\/div>\n\t\t<\/div>\n\t\t\t\t\t\t\t\t<\/div>\n\t\t\t\t\t<\/div>\n\t\t<\/section>\n\t\t\t\t<section class=\"elementor-section elementor-top-section elementor-element elementor-element-de92218 elementor-section-boxed elementor-section-height-default elementor-section-height-default\" data-id=\"de92218\" data-element_type=\"section\">\n\t\t\t\t\t\t<div class=\"elementor-container elementor-column-gap-default\">\n\t\t\t\t\t\t\t<div class=\"elementor-row\">\n\t\t\t\t\t<div class=\"elementor-column elementor-col-100 elementor-top-column elementor-element elementor-element-bfa1c7f\" data-id=\"bfa1c7f\" data-element_type=\"column\">\n\t\t\t<div class=\"elementor-column-wrap elementor-element-populated\">\n\t\t\t\t\t\t\t<div class=\"elementor-widget-wrap\">\n\t\t\t\t\t\t<div class=\"elementor-element elementor-element-53c29c6 elementor-widget elementor-widget-html\" data-id=\"53c29c6\" data-element_type=\"widget\" data-widget_type=\"html.default\">\n\t\t\t\t<div class=\"elementor-widget-container\">\n\t\t\t<meta name=\"robots\" content=\"noindex\">\t\t<\/div>\n\t\t\t\t<\/div>\n\t\t\t\t\t\t<\/div>\n\t\t\t\t\t<\/div>\n\t\t<\/div>\n\t\t\t\t\t\t\t\t<\/div>\n\t\t\t\t\t<\/div>\n\t\t<\/section>\n\t\t\t\t\t\t<\/div>\n\t\t\t\t\t\t<\/div>\n\t\t\t\t\t<\/div>\n\t\t","protected":false},"excerpt":{"rendered":"<p>PLATJA D\u2019ARNAFONA, SL est\u00e1 especialmente sensibilizada na prote\u00e7\u00e3o de dados pessoais dos Usu\u00e1rios dos servi\u00e7os do site. Por meio da presente Pol\u00edtica de Privacidade (doravante, a Pol\u00edtica), PLATJA D\u2019ARNAFONA, SL informa os USU\u00c1RIOS deste site sobre os usos aos quais os dados pessoais recolhidos no site est\u00e3o sujeitos, para que decidam, livre e voluntariamente, se [&hellip;]<\/p>\n","protected":false},"author":6,"featured_media":0,"parent":0,"menu_order":0,"comment_status":"closed","ping_status":"closed","template":"","meta":{"footnotes":""},"class_list":["post-27890","page","type-page","status-publish","hentry","no-post-thumbnail"],"yoast_head":"<!-- This site is optimized with the Yoast SEO plugin v26.6 - https:\/\/yoast.com\/wordpress\/plugins\/seo\/ -->\n<title>Pol\u00edtica de privacidade | Alojapro<\/title>\n<meta name=\"robots\" content=\"index, follow, max-snippet:-1, max-image-preview:large, max-video-preview:-1\" \/>\n<link rel=\"canonical\" href=\"https:\/\/alojapro.com\/pt\/politica-privacidade\/\" \/>\n<meta property=\"og:locale\" content=\"pt_PT\" \/>\n<meta property=\"og:type\" content=\"article\" \/>\n<meta property=\"og:title\" content=\"Pol\u00edtica de privacidade | Alojapro\" \/>\n<meta property=\"og:description\" content=\"PLATJA D\u2019ARNAFONA, SL est\u00e1 especialmente sensibilizada na prote\u00e7\u00e3o de dados pessoais dos Usu\u00e1rios dos servi\u00e7os do site. Por meio da presente Pol\u00edtica de Privacidade (doravante, a Pol\u00edtica), PLATJA D\u2019ARNAFONA, SL informa os USU\u00c1RIOS deste site sobre os usos aos quais os dados pessoais recolhidos no site est\u00e3o sujeitos, para que decidam, livre e voluntariamente, se [&hellip;]\" \/>\n<meta property=\"og:url\" content=\"https:\/\/alojapro.com\/pt\/politica-privacidade\/\" \/>\n<meta property=\"og:site_name\" content=\"Alojapro\" \/>\n<meta property=\"article:modified_time\" content=\"2024-11-18T12:07:20+00:00\" \/>\n<meta name=\"twitter:card\" content=\"summary_large_image\" \/>\n<meta name=\"twitter:label1\" content=\"Est. reading time\" \/>\n\t<meta name=\"twitter:data1\" content=\"3 minutes\" \/>\n<script type=\"application\/ld+json\" class=\"yoast-schema-graph\">{\"@context\":\"https:\/\/schema.org\",\"@graph\":[{\"@type\":\"WebPage\",\"@id\":\"https:\/\/alojapro.com\/pt\/politica-privacidade\/\",\"url\":\"https:\/\/alojapro.com\/pt\/politica-privacidade\/\",\"name\":\"Pol\u00edtica de privacidade | Alojapro\",\"isPartOf\":{\"@id\":\"https:\/\/alojapro.com\/es\/#website\"},\"datePublished\":\"2021-01-11T16:20:16+00:00\",\"dateModified\":\"2024-11-18T12:07:20+00:00\",\"breadcrumb\":{\"@id\":\"https:\/\/alojapro.com\/pt\/politica-privacidade\/#breadcrumb\"},\"inLanguage\":\"pt\",\"potentialAction\":[{\"@type\":\"ReadAction\",\"target\":[\"https:\/\/alojapro.com\/pt\/politica-privacidade\/\"]}]},{\"@type\":\"BreadcrumbList\",\"@id\":\"https:\/\/alojapro.com\/pt\/politica-privacidade\/#breadcrumb\",\"itemListElement\":[{\"@type\":\"ListItem\",\"position\":1,\"name\":\"Home\",\"item\":\"https:\/\/alojapro.com\/pt\/\"},{\"@type\":\"ListItem\",\"position\":2,\"name\":\"Pol\u00edtica de privacidade\"}]},{\"@type\":\"WebSite\",\"@id\":\"https:\/\/alojapro.com\/es\/#website\",\"url\":\"https:\/\/alojapro.com\/es\/\",\"name\":\"Alojapro\",\"description\":\"Motor de reservas y soluciones para el sector tur\u00edstico\",\"publisher\":{\"@id\":\"https:\/\/alojapro.com\/es\/#organization\"},\"potentialAction\":[{\"@type\":\"SearchAction\",\"target\":{\"@type\":\"EntryPoint\",\"urlTemplate\":\"https:\/\/alojapro.com\/es\/?s={search_term_string}\"},\"query-input\":{\"@type\":\"PropertyValueSpecification\",\"valueRequired\":true,\"valueName\":\"search_term_string\"}}],\"inLanguage\":\"pt\"},{\"@type\":\"Organization\",\"@id\":\"https:\/\/alojapro.com\/es\/#organization\",\"name\":\"Alojapro\",\"alternateName\":\"Aloja\",\"url\":\"https:\/\/alojapro.com\/es\/\",\"logo\":{\"@type\":\"ImageObject\",\"inLanguage\":\"pt\",\"@id\":\"https:\/\/alojapro.com\/es\/#\/schema\/logo\/image\/\",\"url\":\"https:\/\/alojapro.com\/wp-content\/uploads\/2021\/12\/LOGO-ALOJAPRO-512x512-1.jpg\",\"contentUrl\":\"https:\/\/alojapro.com\/wp-content\/uploads\/2021\/12\/LOGO-ALOJAPRO-512x512-1.jpg\",\"width\":512,\"height\":512,\"caption\":\"Alojapro\"},\"image\":{\"@id\":\"https:\/\/alojapro.com\/es\/#\/schema\/logo\/image\/\"},\"sameAs\":[\"https:\/\/www.linkedin.com\/company\/alojapro\/\"]}]}<\/script>\n<!-- \/ Yoast SEO plugin. -->","yoast_head_json":{"title":"Pol\u00edtica de privacidade | Alojapro","robots":{"index":"index","follow":"follow","max-snippet":"max-snippet:-1","max-image-preview":"max-image-preview:large","max-video-preview":"max-video-preview:-1"},"canonical":"https:\/\/alojapro.com\/pt\/politica-privacidade\/","og_locale":"pt_PT","og_type":"article","og_title":"Pol\u00edtica de privacidade | Alojapro","og_description":"PLATJA D\u2019ARNAFONA, SL est\u00e1 especialmente sensibilizada na prote\u00e7\u00e3o de dados pessoais dos Usu\u00e1rios dos servi\u00e7os do site. Por meio da presente Pol\u00edtica de Privacidade (doravante, a Pol\u00edtica), PLATJA D\u2019ARNAFONA, SL informa os USU\u00c1RIOS deste site sobre os usos aos quais os dados pessoais recolhidos no site est\u00e3o sujeitos, para que decidam, livre e voluntariamente, se [&hellip;]","og_url":"https:\/\/alojapro.com\/pt\/politica-privacidade\/","og_site_name":"Alojapro","article_modified_time":"2024-11-18T12:07:20+00:00","twitter_card":"summary_large_image","twitter_misc":{"Est. reading time":"3 minutes"},"schema":{"@context":"https:\/\/schema.org","@graph":[{"@type":"WebPage","@id":"https:\/\/alojapro.com\/pt\/politica-privacidade\/","url":"https:\/\/alojapro.com\/pt\/politica-privacidade\/","name":"Pol\u00edtica de privacidade | Alojapro","isPartOf":{"@id":"https:\/\/alojapro.com\/es\/#website"},"datePublished":"2021-01-11T16:20:16+00:00","dateModified":"2024-11-18T12:07:20+00:00","breadcrumb":{"@id":"https:\/\/alojapro.com\/pt\/politica-privacidade\/#breadcrumb"},"inLanguage":"pt","potentialAction":[{"@type":"ReadAction","target":["https:\/\/alojapro.com\/pt\/politica-privacidade\/"]}]},{"@type":"BreadcrumbList","@id":"https:\/\/alojapro.com\/pt\/politica-privacidade\/#breadcrumb","itemListElement":[{"@type":"ListItem","position":1,"name":"Home","item":"https:\/\/alojapro.com\/pt\/"},{"@type":"ListItem","position":2,"name":"Pol\u00edtica de privacidade"}]},{"@type":"WebSite","@id":"https:\/\/alojapro.com\/es\/#website","url":"https:\/\/alojapro.com\/es\/","name":"Alojapro","description":"Motor de reservas y soluciones para el sector tur\u00edstico","publisher":{"@id":"https:\/\/alojapro.com\/es\/#organization"},"potentialAction":[{"@type":"SearchAction","target":{"@type":"EntryPoint","urlTemplate":"https:\/\/alojapro.com\/es\/?s={search_term_string}"},"query-input":{"@type":"PropertyValueSpecification","valueRequired":true,"valueName":"search_term_string"}}],"inLanguage":"pt"},{"@type":"Organization","@id":"https:\/\/alojapro.com\/es\/#organization","name":"Alojapro","alternateName":"Aloja","url":"https:\/\/alojapro.com\/es\/","logo":{"@type":"ImageObject","inLanguage":"pt","@id":"https:\/\/alojapro.com\/es\/#\/schema\/logo\/image\/","url":"https:\/\/alojapro.com\/wp-content\/uploads\/2021\/12\/LOGO-ALOJAPRO-512x512-1.jpg","contentUrl":"https:\/\/alojapro.com\/wp-content\/uploads\/2021\/12\/LOGO-ALOJAPRO-512x512-1.jpg","width":512,"height":512,"caption":"Alojapro"},"image":{"@id":"https:\/\/alojapro.com\/es\/#\/schema\/logo\/image\/"},"sameAs":["https:\/\/www.linkedin.com\/company\/alojapro\/"]}]}},"_links":{"self":[{"href":"https:\/\/alojapro.com\/pt\/wp-json\/wp\/v2\/pages\/27890","targetHints":{"allow":["GET"]}}],"collection":[{"href":"https:\/\/alojapro.com\/pt\/wp-json\/wp\/v2\/pages"}],"about":[{"href":"https:\/\/alojapro.com\/pt\/wp-json\/wp\/v2\/types\/page"}],"author":[{"embeddable":true,"href":"https:\/\/alojapro.com\/pt\/wp-json\/wp\/v2\/users\/6"}],"replies":[{"embeddable":true,"href":"https:\/\/alojapro.com\/pt\/wp-json\/wp\/v2\/comments?post=27890"}],"version-history":[{"count":0,"href":"https:\/\/alojapro.com\/pt\/wp-json\/wp\/v2\/pages\/27890\/revisions"}],"wp:attachment":[{"href":"https:\/\/alojapro.com\/pt\/wp-json\/wp\/v2\/media?parent=27890"}],"curies":[{"name":"wp","href":"https:\/\/api.w.org\/{rel}","templated":true}]}}