{"id":27899,"date":"2021-01-11T15:58:38","date_gmt":"2021-01-11T15:58:38","guid":{"rendered":"https:\/\/alojapro.com\/politica-de-cookies\/"},"modified":"2024-11-18T12:13:26","modified_gmt":"2024-11-18T12:13:26","slug":"politica-cookies","status":"publish","type":"page","link":"https:\/\/alojapro.com\/pt\/politica-cookies\/","title":{"rendered":"Pol\u00edtica de Cookies"},"content":{"rendered":"\t\t<div data-elementor-type=\"wp-page\" data-elementor-id=\"27899\" class=\"elementor elementor-27899\" data-elementor-settings=\"[]\">\n\t\t\t\t\t\t<div class=\"elementor-inner\">\n\t\t\t\t\t\t\t<div class=\"elementor-section-wrap\">\n\t\t\t\t\t\t\t<section class=\"elementor-section elementor-top-section elementor-element elementor-element-6e3f6bb elementor-section-boxed elementor-section-height-default elementor-section-height-default\" data-id=\"6e3f6bb\" data-element_type=\"section\">\n\t\t\t\t\t\t<div class=\"elementor-container elementor-column-gap-default\">\n\t\t\t\t\t\t\t<div class=\"elementor-row\">\n\t\t\t\t\t<div class=\"elementor-column elementor-col-100 elementor-top-column elementor-element elementor-element-15bc6c9\" data-id=\"15bc6c9\" data-element_type=\"column\">\n\t\t\t<div class=\"elementor-column-wrap elementor-element-populated\">\n\t\t\t\t\t\t\t<div class=\"elementor-widget-wrap\">\n\t\t\t\t\t\t<div class=\"elementor-element elementor-element-6bf8422 elementor-widget elementor-widget-text-editor\" data-id=\"6bf8422\" data-element_type=\"widget\" data-widget_type=\"text-editor.default\">\n\t\t\t\t<div class=\"elementor-widget-container\">\n\t\t\t\t\t\t\t\t<div class=\"elementor-text-editor elementor-clearfix\">\n\t\t\t\t<p>Em cumprimento com o disposto no artigo 22.2 da Lei 34\/2002, de 11 de julho, de Servi\u00e7os da Sociedade da Informa\u00e7\u00e3o e Com\u00e9rcio Eletr\u00f4nico, este site informa, nesta se\u00e7\u00e3o, sobre a pol\u00edtica de coleta e tratamento de cookies.<\/p><p><strong>O QUE S\u00c3O COOKIES?<\/strong><\/p><p>Um cookie \u00e9 um arquivo que \u00e9 baixado no seu computador ao acessar determinadas p\u00e1ginas da web. Os cookies permitem que uma p\u00e1gina da web, entre outras coisas, armazene e recupere informa\u00e7\u00f5es sobre os h\u00e1bitos de navega\u00e7\u00e3o de um usu\u00e1rio ou de seu dispositivo e, dependendo das informa\u00e7\u00f5es que cont\u00eam e da forma como o dispositivo \u00e9 utilizado, podem ser usados para reconhecer o usu\u00e1rio.<\/p><p><strong>QUAIS TIPOS DE COOKIES ESTE SITE UTILIZA?<\/strong><\/p><p>Este site utiliza os seguintes tipos de cookies:<\/p><p>&#8211; <strong>Cookies de an\u00e1lise<\/strong>: S\u00e3o aqueles que, tratados por n\u00f3s ou por terceiros, nos permitem quantificar o n\u00famero de usu\u00e1rios e realizar a medi\u00e7\u00e3o e an\u00e1lise estat\u00edstica da utiliza\u00e7\u00e3o que os usu\u00e1rios fazem do servi\u00e7o oferecido. Para isso, analisamos sua navega\u00e7\u00e3o em nossa p\u00e1gina para melhorar a oferta de produtos ou servi\u00e7os que oferecemos.<\/p><p>&#8211; <strong>Cookies t\u00e9cnicos<\/strong>: S\u00e3o aqueles que permitem ao usu\u00e1rio a navega\u00e7\u00e3o na \u00e1rea restrita e o uso de suas diferentes fun\u00e7\u00f5es, como, por exemplo, realizar o processo de compra de um item.<\/p><p>&#8211;<strong> Cookies de personaliza\u00e7\u00e3o<\/strong>: S\u00e3o aqueles que permitem ao usu\u00e1rio acessar o servi\u00e7o com algumas caracter\u00edsticas gerais predefinidas com base em uma s\u00e9rie de crit\u00e9rios no terminal do usu\u00e1rio, como o idioma ou o tipo de navegador utilizado para acessar o servi\u00e7o.<\/p><p>&#8211; <strong>Cookies publicit\u00e1rios<\/strong>: S\u00e3o aqueles que, bem tratados por este site ou por terceiros, permitem gerir da forma mais eficaz poss\u00edvel a oferta dos espa\u00e7os publicit\u00e1rios no site, adequando o conte\u00fado do an\u00fancio ao conte\u00fado do servi\u00e7o solicitado ou ao uso que o usu\u00e1rio faz de nossa p\u00e1gina. Para isso, podemos analisar seus h\u00e1bitos de navega\u00e7\u00e3o na internet e mostrar-lhe publicidade relacionada com seu perfil de navega\u00e7\u00e3o.<\/p><p>&#8211; <strong>Cookies de Terceiros<\/strong>: Este site utiliza servi\u00e7os de terceiros para coletar informa\u00e7\u00f5es com fins estat\u00edsticos e de uso do site. Em particular, usamos os servi\u00e7os do Google Analytics para nossas estat\u00edsticas e publicidade. Alguns cookies s\u00e3o essenciais para o funcionamento do site, por exemplo, o mecanismo de busca incorporado.<\/p><p>Nosso site inclui outras funcionalidades fornecidas por terceiros. Voc\u00ea pode facilmente compartilhar o conte\u00fado em redes sociais como Facebook ou Twitter, com os bot\u00f5es que inclu\u00edmos para essa finalidade.<\/p><p><strong>DESATIVAR COOKIES<\/strong><\/p><p>Voc\u00ea pode permitir, bloquear ou excluir os cookies instalados em seu dispositivo atrav\u00e9s da configura\u00e7\u00e3o das op\u00e7\u00f5es do navegador instalado em seu computador. Na maioria dos navegadores, existe a possibilidade de permitir, bloquear ou excluir os cookies instalados.<\/p><p>A seguir, voc\u00ea pode acessar as configura\u00e7\u00f5es dos navegadores mais comuns para aceitar, instalar ou desativar os cookies:<br \/>&#8211; Configurar cookies no Google Chrome: [<a href=\"http:\/\/support.google.com\/chrome\/answer\/95647?hl=pt\">http:\/\/support.google.com\/chrome\/answer\/95647?hl=pt<\/a>]<br \/>&#8211; Configurar cookies no Microsoft Internet Explorer: [<a href=\"https:\/\/support.microsoft.com\/pt-br\/topic\/excluir-e-gerenciar-cookies-168dab11-0753-043d-7c16-ede5947fc64d\">https:\/\/support.microsoft.com\/pt-br\/topic\/excluir-e-gerenciar-cookies-168dab11-0753-043d-7c16-ede5947fc64d<\/a>]<br \/>&#8211; Configurar cookies no Mozilla Firefox: [<a href=\"https:\/\/support.mozilla.org\/pt-BR\/kb\/Desabilitar%20cookies%20de%20terceiros\">https:\/\/support.mozilla.org\/pt-BR\/kb\/Desabilitar%20cookies%20de%20terceiros<\/a>]<br \/>&#8211; Configurar cookies no Safari (Apple): [<a href=\"http:\/\/support.apple.com\/kb\/ph5042\">http:\/\/support.apple.com\/kb\/ph5042<\/a>]<br \/>&#8211; Configurar cookies no Opera: [<a href=\"http:\/\/help.opera.com\/Windows\/11.50\/pt-BR\/cookies.html\">http:\/\/help.opera.com\/Windows\/11.50\/pt-BR\/cookies.html<\/a>]<\/p><p><strong>AVISO SOBRE A EXCLUS\u00c3O DE COOKIES<\/strong><\/p><p>Voc\u00ea pode excluir e bloquear todos os cookies deste site, mas parte do site pode n\u00e3o funcionar ou a qualidade da p\u00e1gina pode ser afetada.<\/p><p>Se voc\u00ea tiver alguma d\u00favida sobre nossa pol\u00edtica de cookies, pode entrar em contato com este site atrav\u00e9s dos nossos canais de contato.<\/p>\t\t\t\t\t<\/div>\n\t\t\t\t\t\t<\/div>\n\t\t\t\t<\/div>\n\t\t\t\t\t\t<\/div>\n\t\t\t\t\t<\/div>\n\t\t<\/div>\n\t\t\t\t\t\t\t\t<\/div>\n\t\t\t\t\t<\/div>\n\t\t<\/section>\n\t\t\t\t<section class=\"elementor-section elementor-top-section elementor-element elementor-element-fcc4405 elementor-section-boxed elementor-section-height-default elementor-section-height-default\" data-id=\"fcc4405\" data-element_type=\"section\">\n\t\t\t\t\t\t<div class=\"elementor-container elementor-column-gap-default\">\n\t\t\t\t\t\t\t<div class=\"elementor-row\">\n\t\t\t\t\t<div class=\"elementor-column elementor-col-100 elementor-top-column elementor-element elementor-element-787f047\" data-id=\"787f047\" data-element_type=\"column\">\n\t\t\t<div class=\"elementor-column-wrap elementor-element-populated\">\n\t\t\t\t\t\t\t<div class=\"elementor-widget-wrap\">\n\t\t\t\t\t\t<div class=\"elementor-element elementor-element-38fae37 elementor-widget elementor-widget-html\" data-id=\"38fae37\" data-element_type=\"widget\" data-widget_type=\"html.default\">\n\t\t\t\t<div class=\"elementor-widget-container\">\n\t\t\t<meta name=\"robots\" content=\"noindex\">\t\t<\/div>\n\t\t\t\t<\/div>\n\t\t\t\t\t\t<\/div>\n\t\t\t\t\t<\/div>\n\t\t<\/div>\n\t\t\t\t\t\t\t\t<\/div>\n\t\t\t\t\t<\/div>\n\t\t<\/section>\n\t\t\t\t\t\t<\/div>\n\t\t\t\t\t\t<\/div>\n\t\t\t\t\t<\/div>\n\t\t","protected":false},"excerpt":{"rendered":"<p>Em cumprimento com o disposto no artigo 22.2 da Lei 34\/2002, de 11 de julho, de Servi\u00e7os da Sociedade da Informa\u00e7\u00e3o e Com\u00e9rcio Eletr\u00f4nico, este site informa, nesta se\u00e7\u00e3o, sobre a pol\u00edtica de coleta e tratamento de cookies. O QUE S\u00c3O COOKIES? Um cookie \u00e9 um arquivo que \u00e9 baixado no seu computador ao acessar [&hellip;]<\/p>\n","protected":false},"author":6,"featured_media":0,"parent":0,"menu_order":0,"comment_status":"closed","ping_status":"closed","template":"","meta":{"footnotes":""},"class_list":["post-27899","page","type-page","status-publish","hentry","no-post-thumbnail"],"yoast_head":"<!-- This site is optimized with the Yoast SEO plugin v26.6 - https:\/\/yoast.com\/wordpress\/plugins\/seo\/ -->\n<title>Pol\u00edtica de Cookies | Alojapro<\/title>\n<meta name=\"robots\" content=\"noindex, nofollow\" \/>\n<meta property=\"og:locale\" content=\"pt_PT\" \/>\n<meta property=\"og:type\" content=\"article\" \/>\n<meta property=\"og:title\" content=\"Pol\u00edtica de Cookies | Alojapro\" \/>\n<meta property=\"og:description\" content=\"Em cumprimento com o disposto no artigo 22.2 da Lei 34\/2002, de 11 de julho, de Servi\u00e7os da Sociedade da Informa\u00e7\u00e3o e Com\u00e9rcio Eletr\u00f4nico, este site informa, nesta se\u00e7\u00e3o, sobre a pol\u00edtica de coleta e tratamento de cookies. O QUE S\u00c3O COOKIES? Um cookie \u00e9 um arquivo que \u00e9 baixado no seu computador ao acessar [&hellip;]\" \/>\n<meta property=\"og:url\" content=\"https:\/\/alojapro.com\/pt\/politica-cookies\/\" \/>\n<meta property=\"og:site_name\" content=\"Alojapro\" \/>\n<meta property=\"article:modified_time\" content=\"2024-11-18T12:13:26+00:00\" \/>\n<meta name=\"twitter:card\" content=\"summary_large_image\" \/>\n<meta name=\"twitter:label1\" content=\"Est. reading time\" \/>\n\t<meta name=\"twitter:data1\" content=\"3 minutes\" \/>\n<script type=\"application\/ld+json\" class=\"yoast-schema-graph\">{\"@context\":\"https:\/\/schema.org\",\"@graph\":[{\"@type\":\"WebPage\",\"@id\":\"https:\/\/alojapro.com\/pt\/politica-cookies\/\",\"url\":\"https:\/\/alojapro.com\/pt\/politica-cookies\/\",\"name\":\"Pol\u00edtica de Cookies | Alojapro\",\"isPartOf\":{\"@id\":\"https:\/\/alojapro.com\/es\/#website\"},\"datePublished\":\"2021-01-11T15:58:38+00:00\",\"dateModified\":\"2024-11-18T12:13:26+00:00\",\"breadcrumb\":{\"@id\":\"https:\/\/alojapro.com\/pt\/politica-cookies\/#breadcrumb\"},\"inLanguage\":\"pt\",\"potentialAction\":[{\"@type\":\"ReadAction\",\"target\":[\"https:\/\/alojapro.com\/pt\/politica-cookies\/\"]}]},{\"@type\":\"BreadcrumbList\",\"@id\":\"https:\/\/alojapro.com\/pt\/politica-cookies\/#breadcrumb\",\"itemListElement\":[{\"@type\":\"ListItem\",\"position\":1,\"name\":\"Home\",\"item\":\"https:\/\/alojapro.com\/pt\/\"},{\"@type\":\"ListItem\",\"position\":2,\"name\":\"Pol\u00edtica de Cookies\"}]},{\"@type\":\"WebSite\",\"@id\":\"https:\/\/alojapro.com\/es\/#website\",\"url\":\"https:\/\/alojapro.com\/es\/\",\"name\":\"Alojapro\",\"description\":\"Motor de reservas y soluciones para el sector tur\u00edstico\",\"publisher\":{\"@id\":\"https:\/\/alojapro.com\/es\/#organization\"},\"potentialAction\":[{\"@type\":\"SearchAction\",\"target\":{\"@type\":\"EntryPoint\",\"urlTemplate\":\"https:\/\/alojapro.com\/es\/?s={search_term_string}\"},\"query-input\":{\"@type\":\"PropertyValueSpecification\",\"valueRequired\":true,\"valueName\":\"search_term_string\"}}],\"inLanguage\":\"pt\"},{\"@type\":\"Organization\",\"@id\":\"https:\/\/alojapro.com\/es\/#organization\",\"name\":\"Alojapro\",\"alternateName\":\"Aloja\",\"url\":\"https:\/\/alojapro.com\/es\/\",\"logo\":{\"@type\":\"ImageObject\",\"inLanguage\":\"pt\",\"@id\":\"https:\/\/alojapro.com\/es\/#\/schema\/logo\/image\/\",\"url\":\"https:\/\/alojapro.com\/wp-content\/uploads\/2021\/12\/LOGO-ALOJAPRO-512x512-1.jpg\",\"contentUrl\":\"https:\/\/alojapro.com\/wp-content\/uploads\/2021\/12\/LOGO-ALOJAPRO-512x512-1.jpg\",\"width\":512,\"height\":512,\"caption\":\"Alojapro\"},\"image\":{\"@id\":\"https:\/\/alojapro.com\/es\/#\/schema\/logo\/image\/\"},\"sameAs\":[\"https:\/\/www.linkedin.com\/company\/alojapro\/\"]}]}<\/script>\n<!-- \/ Yoast SEO plugin. -->","yoast_head_json":{"title":"Pol\u00edtica de Cookies | Alojapro","robots":{"index":"noindex","follow":"nofollow"},"og_locale":"pt_PT","og_type":"article","og_title":"Pol\u00edtica de Cookies | Alojapro","og_description":"Em cumprimento com o disposto no artigo 22.2 da Lei 34\/2002, de 11 de julho, de Servi\u00e7os da Sociedade da Informa\u00e7\u00e3o e Com\u00e9rcio Eletr\u00f4nico, este site informa, nesta se\u00e7\u00e3o, sobre a pol\u00edtica de coleta e tratamento de cookies. O QUE S\u00c3O COOKIES? Um cookie \u00e9 um arquivo que \u00e9 baixado no seu computador ao acessar [&hellip;]","og_url":"https:\/\/alojapro.com\/pt\/politica-cookies\/","og_site_name":"Alojapro","article_modified_time":"2024-11-18T12:13:26+00:00","twitter_card":"summary_large_image","twitter_misc":{"Est. reading time":"3 minutes"},"schema":{"@context":"https:\/\/schema.org","@graph":[{"@type":"WebPage","@id":"https:\/\/alojapro.com\/pt\/politica-cookies\/","url":"https:\/\/alojapro.com\/pt\/politica-cookies\/","name":"Pol\u00edtica de Cookies | Alojapro","isPartOf":{"@id":"https:\/\/alojapro.com\/es\/#website"},"datePublished":"2021-01-11T15:58:38+00:00","dateModified":"2024-11-18T12:13:26+00:00","breadcrumb":{"@id":"https:\/\/alojapro.com\/pt\/politica-cookies\/#breadcrumb"},"inLanguage":"pt","potentialAction":[{"@type":"ReadAction","target":["https:\/\/alojapro.com\/pt\/politica-cookies\/"]}]},{"@type":"BreadcrumbList","@id":"https:\/\/alojapro.com\/pt\/politica-cookies\/#breadcrumb","itemListElement":[{"@type":"ListItem","position":1,"name":"Home","item":"https:\/\/alojapro.com\/pt\/"},{"@type":"ListItem","position":2,"name":"Pol\u00edtica de Cookies"}]},{"@type":"WebSite","@id":"https:\/\/alojapro.com\/es\/#website","url":"https:\/\/alojapro.com\/es\/","name":"Alojapro","description":"Motor de reservas y soluciones para el sector tur\u00edstico","publisher":{"@id":"https:\/\/alojapro.com\/es\/#organization"},"potentialAction":[{"@type":"SearchAction","target":{"@type":"EntryPoint","urlTemplate":"https:\/\/alojapro.com\/es\/?s={search_term_string}"},"query-input":{"@type":"PropertyValueSpecification","valueRequired":true,"valueName":"search_term_string"}}],"inLanguage":"pt"},{"@type":"Organization","@id":"https:\/\/alojapro.com\/es\/#organization","name":"Alojapro","alternateName":"Aloja","url":"https:\/\/alojapro.com\/es\/","logo":{"@type":"ImageObject","inLanguage":"pt","@id":"https:\/\/alojapro.com\/es\/#\/schema\/logo\/image\/","url":"https:\/\/alojapro.com\/wp-content\/uploads\/2021\/12\/LOGO-ALOJAPRO-512x512-1.jpg","contentUrl":"https:\/\/alojapro.com\/wp-content\/uploads\/2021\/12\/LOGO-ALOJAPRO-512x512-1.jpg","width":512,"height":512,"caption":"Alojapro"},"image":{"@id":"https:\/\/alojapro.com\/es\/#\/schema\/logo\/image\/"},"sameAs":["https:\/\/www.linkedin.com\/company\/alojapro\/"]}]}},"_links":{"self":[{"href":"https:\/\/alojapro.com\/pt\/wp-json\/wp\/v2\/pages\/27899","targetHints":{"allow":["GET"]}}],"collection":[{"href":"https:\/\/alojapro.com\/pt\/wp-json\/wp\/v2\/pages"}],"about":[{"href":"https:\/\/alojapro.com\/pt\/wp-json\/wp\/v2\/types\/page"}],"author":[{"embeddable":true,"href":"https:\/\/alojapro.com\/pt\/wp-json\/wp\/v2\/users\/6"}],"replies":[{"embeddable":true,"href":"https:\/\/alojapro.com\/pt\/wp-json\/wp\/v2\/comments?post=27899"}],"version-history":[{"count":0,"href":"https:\/\/alojapro.com\/pt\/wp-json\/wp\/v2\/pages\/27899\/revisions"}],"wp:attachment":[{"href":"https:\/\/alojapro.com\/pt\/wp-json\/wp\/v2\/media?parent=27899"}],"curies":[{"name":"wp","href":"https:\/\/api.w.org\/{rel}","templated":true}]}}